{"id":32,"date":"2022-04-04T16:20:00","date_gmt":"2022-04-04T14:20:00","guid":{"rendered":"https:\/\/roulettes.vaniseo.top\/index.php\/produit\/crochet-color-design-aluminium-gris\/"},"modified":"2022-04-04T17:08:39","modified_gmt":"2022-04-04T15:08:39","slug":"crochet-color-design-aluminium-gris","status":"publish","type":"product","link":"https:\/\/roulettes.vaniseo.top\/index.php\/produit\/crochet-color-design-aluminium-gris\/","title":{"rendered":"Crochet color design aluminium gris"},"content":{"rendered":"<h3>Porte manteau aluminium gris type crochet Color Design<\/h3>\n<p>_x000D_n<strong>1001 Pat\u00e8res<\/strong> vous propose de d\u00e9couvrir toutes les informations techniques et d\u00e9coratives pour cette pat\u00e8re type <strong>crochet\u00a0Color\u00a0Design<\/strong> <strong>aluminium de couleur grise<\/strong>._x000D_n_x000D_nEn effet, <strong>1001 Pat\u00e8res<\/strong> est le <strong>leader en France de la pat\u00e8re<\/strong>. Il propose de nombreuses collections de sa propre marque mais aussi de grandes marques internationales._x000D_n_x000D_nAinsi, d\u00e9couvrez ici la <strong>collection crochet Color Design aluminium<\/strong>. Il s&rsquo;agit donc d&rsquo;un mod\u00e8le <strong>mural<\/strong> au <strong>design \u00e9pur\u00e9<\/strong> et \u00e0 la<strong> forme arrondie<\/strong>. De tr\u00e8s belle qualit\u00e9, cette\u00a0pat\u00e8re peut servir de porte torchon, porte serviette, porte gant, porte manteau. Elle s&rsquo;adapte donc parfaitement \u00e0 tout espace de maison et d&rsquo;entreprise._x000D_n_x000D_nIci, de <strong>couleur aluminium gris brillant<\/strong>, elle convient parfaitement \u00e0 un univers moderne, design et contemporain. Toutefois, comme il s&rsquo;agit d&rsquo;une <strong>collection<\/strong>, celle-ci est aussi disponible en d&rsquo;<strong>autres coloris aluminium<\/strong>. Toujours tr\u00e8s moderne, vous pourrez aussi en profiter en\u00a0<a href=\"https:\/\/1001pateres.com\/produit\/patere-color-design-aluminium-dore\/\">dor\u00e9<\/a>, noir, mauve, bleu roi, \u00a0bleu turquoise, rouge, brun, vert, et orange._x000D_n_x000D_n&nbsp;_x000D_n<\/p>\n<h3>Syst\u00e8me d&rsquo;accrochage du crochet Color Design aluminium grise<\/h3>\n<p>_x000D_nPour finir, ce porte manteau aluminium dispose d&rsquo;un syst\u00e8me d&rsquo;accrochage avec ses vis, ses chevilles et sa clef allen incluses. Une fois pos\u00e9e, les vis sont non visibles.\u00a0Il est facile \u00e0 poser mais n\u00e9cessite une perceuse pour positionner les chevilles._x000D_n_x000D_nVoici ses <strong>dimensions<\/strong>:_x000D_n<\/p>\n<ul>_x000D_n \t<\/p>\n<li>Pat\u00e8re crochet Color Design: 5 cm X 1,3 cm<\/li>\n<p>_x000D_n \t<\/p>\n<li>Ecartement maxi du mur: 4\u00a0cm<\/li>\n<p>_x000D_n \t<\/p>\n<li>Vis de 2,3 cm<\/li>\n<p>_x000D_n<\/ul>\n<p>_x000D_nLe conseil de 1001 Pat\u00e8res est de maximiser les solutions de rangement dans un m\u00eame esprit. <strong>Color Design<\/strong>, c&rsquo;est aussi des <strong>collections<\/strong> en forme de <a href=\"https:\/\/1001pateres.com\/produit\/patere-tige-color-design-aluminium\/\">tige<\/a> ou de <a href=\"https:\/\/1001pateres.com\/produit\/patere-originale-color-design-aluminium-papillon\/\">papillon<\/a>. Ainsi, avec l&rsquo;ensemble de ces propositions, vous pourrez donc choisir des solutions \u00e0 <strong>d\u00e9multiplier par pan de mur et par pi\u00e8ce<\/strong>._x000D_n_x000D_nN&rsquo;h\u00e9sitez donc pas \u00e0 nous contacter par t\u00e9l\u00e9phone ou par mail via la page Contact de ce site.<\/p>\n","protected":false},"excerpt":{"rendered":"<p>Porte-manteau <strong>pat\u00e8re color<\/strong> design de couleur <em><strong>aluminium<\/strong><\/em>. Cette pat\u00e8re peut servir de porte torchon, porte serviette, porte gant ou porte manteau.\u00a0Elle est murale au design \u00e9pur\u00e9e avec une forme arrondie. Son syst\u00e8me de fixation avec des vis invisibles permet une esth\u00e9tique parfaite pour la salle de bain.<\/p>\n","protected":false},"featured_media":755,"comment_status":"closed","ping_status":"open","template":"","meta":[],"product_cat":[19,20,21,22,17,23],"product_tag":[27],"class_list":["post-32","product","type-product","status-publish","has-post-thumbnail","hentry","product_cat-collectivite","product_cat-cuisine","product_cat-entreprise","product_cat-pro","product_cat-salle-de-bain","product_cat-toilette-wc","product_tag-crochet-patere-patere-design-patere-murale-patere-porte-pateres-porte-serviette-porte-torchon-vestiaire","description-off"],"_links":{"self":[{"href":"https:\/\/roulettes.vaniseo.top\/index.php\/wp-json\/wp\/v2\/product\/32","targetHints":{"allow":["GET"]}}],"collection":[{"href":"https:\/\/roulettes.vaniseo.top\/index.php\/wp-json\/wp\/v2\/product"}],"about":[{"href":"https:\/\/roulettes.vaniseo.top\/index.php\/wp-json\/wp\/v2\/types\/product"}],"replies":[{"embeddable":true,"href":"https:\/\/roulettes.vaniseo.top\/index.php\/wp-json\/wp\/v2\/comments?post=32"}],"version-history":[{"count":0,"href":"https:\/\/roulettes.vaniseo.top\/index.php\/wp-json\/wp\/v2\/product\/32\/revisions"}],"wp:featuredmedia":[{"embeddable":true,"href":"https:\/\/roulettes.vaniseo.top\/index.php\/wp-json\/wp\/v2\/media\/755"}],"wp:attachment":[{"href":"https:\/\/roulettes.vaniseo.top\/index.php\/wp-json\/wp\/v2\/media?parent=32"}],"wp:term":[{"taxonomy":"product_cat","embeddable":true,"href":"https:\/\/roulettes.vaniseo.top\/index.php\/wp-json\/wp\/v2\/product_cat?post=32"},{"taxonomy":"product_tag","embeddable":true,"href":"https:\/\/roulettes.vaniseo.top\/index.php\/wp-json\/wp\/v2\/product_tag?post=32"}],"curies":[{"name":"wp","href":"https:\/\/api.w.org\/{rel}","templated":true}]}}