{"id":321,"date":"2022-04-04T16:21:14","date_gmt":"2022-04-04T14:21:14","guid":{"rendered":"https:\/\/roulettes.vaniseo.top\/index.php\/produit\/crochet-double-pateres-salle-de-bain-en-acier-chrome\/"},"modified":"2022-04-04T17:19:15","modified_gmt":"2022-04-04T15:19:15","slug":"crochet-double-pateres-salle-de-bain-en-acier-chrome","status":"publish","type":"product","link":"https:\/\/roulettes.vaniseo.top\/index.php\/produit\/crochet-double-pateres-salle-de-bain-en-acier-chrome\/","title":{"rendered":"Crochet double pat\u00e8res salle de bain en acier chrom\u00e9"},"content":{"rendered":"<h4>Porte-serviettes salle de bain en acier chrom\u00e9.<\/h4>\n<p>_x000D_nCrochet double pat\u00e8re chrom\u00e9e._x000D_n_x000D_nTout d&rsquo;abord, cette jolie pat\u00e8re avec deux\u00a0<strong>tiges courb\u00e9es<\/strong>\u00a0pour les univers de pi\u00e8ces humide comporte une tige\u00a0double \u00e0 section rectangulaire en <em><strong>acier chrom\u00e9<\/strong><\/em>. Celle-ci \u00a0peut servir de porte serviettes ou encore de porte gants._x000D_n_x000D_nDe plus, ce crochet double formant pat\u00e8re chrom\u00e9e est originale avec une forme douce et pratique._x000D_n_x000D_nAussi, cette pat\u00e8re comporte deux tiges d&rsquo;accrochage\u00a0et un syst\u00e8me de fixation avec ses vis et ses chevilles._x000D_n_x000D_nUne fois fix\u00e9e au mur les vis restent non visibles._x000D_n_x000D_nC&rsquo;est pourquoi elle s&rsquo;adaptera et apportera une touche de design\u00a0\u00e0 votre salle de bain par exemple._x000D_n_x000D_nFacile \u00e0 poser, elle n\u00e9cessite une per\u00e7euse pour positionner les chevilles._x000D_n<\/p>\n<h4>Dimensions :<\/h4>\n<p>_x000D_n<\/p>\n<ul>_x000D_n \t<\/p>\n<li>La base 4,6 cm X 4,6 cm<\/li>\n<p>_x000D_n \t<\/p>\n<li>Tiges de longueur 2,5 cm et profondeur 1,4 cm<\/li>\n<p>_x000D_n \t<\/p>\n<li>\u00e9cartement du mur 7 cm<\/li>\n<p>_x000D_n \t<\/p>\n<li>Vis de 2,5 cm<\/li>\n<p>_x000D_n<\/ul>\n","protected":false},"excerpt":{"rendered":"<p>Crochet double pat\u00e8re acier chrom\u00e9. Jolie pat\u00e8re avec deux\u00a0<strong>tiges courb\u00e9es<\/strong>\u00a0pour les univers de pi\u00e8ces humide, elle comporte une tige\u00a0double \u00e0 section rectangulaire en <em><strong>acier chrom\u00e9<\/strong><\/em> et peut servir de porte serviettes ou de porte gants.\u00a0Elle est originale avec une forme douce et pratique et convient parfaitement pour les pi\u00e8ces d&rsquo;eau.<\/p>\n","protected":false},"featured_media":1589,"comment_status":"closed","ping_status":"open","template":"","meta":[],"product_cat":[19,21,22,17,23],"product_tag":[26],"class_list":["post-321","product","type-product","status-publish","has-post-thumbnail","hentry","product_cat-collectivite","product_cat-entreprise","product_cat-pro","product_cat-salle-de-bain","product_cat-toilette-wc","product_tag-crochet-patere-patere-design-patere-murale-patere-porte-pateres-porte-serviette-porte-torchon","description-off"],"_links":{"self":[{"href":"https:\/\/roulettes.vaniseo.top\/index.php\/wp-json\/wp\/v2\/product\/321","targetHints":{"allow":["GET"]}}],"collection":[{"href":"https:\/\/roulettes.vaniseo.top\/index.php\/wp-json\/wp\/v2\/product"}],"about":[{"href":"https:\/\/roulettes.vaniseo.top\/index.php\/wp-json\/wp\/v2\/types\/product"}],"replies":[{"embeddable":true,"href":"https:\/\/roulettes.vaniseo.top\/index.php\/wp-json\/wp\/v2\/comments?post=321"}],"version-history":[{"count":0,"href":"https:\/\/roulettes.vaniseo.top\/index.php\/wp-json\/wp\/v2\/product\/321\/revisions"}],"wp:featuredmedia":[{"embeddable":true,"href":"https:\/\/roulettes.vaniseo.top\/index.php\/wp-json\/wp\/v2\/media\/1589"}],"wp:attachment":[{"href":"https:\/\/roulettes.vaniseo.top\/index.php\/wp-json\/wp\/v2\/media?parent=321"}],"wp:term":[{"taxonomy":"product_cat","embeddable":true,"href":"https:\/\/roulettes.vaniseo.top\/index.php\/wp-json\/wp\/v2\/product_cat?post=321"},{"taxonomy":"product_tag","embeddable":true,"href":"https:\/\/roulettes.vaniseo.top\/index.php\/wp-json\/wp\/v2\/product_tag?post=321"}],"curies":[{"name":"wp","href":"https:\/\/api.w.org\/{rel}","templated":true}]}}