{"id":322,"date":"2022-04-04T16:21:14","date_gmt":"2022-04-04T14:21:14","guid":{"rendered":"https:\/\/roulettes.vaniseo.top\/index.php\/produit\/patere-crochet-simple-metal-chrome\/"},"modified":"2022-04-04T17:19:16","modified_gmt":"2022-04-04T15:19:16","slug":"patere-crochet-simple-metal-chrome","status":"publish","type":"product","link":"https:\/\/roulettes.vaniseo.top\/index.php\/produit\/patere-crochet-simple-metal-chrome\/","title":{"rendered":"Pat\u00e8re crochet simple m\u00e9tal chrom\u00e9"},"content":{"rendered":"<h4>Crochet acier chrom\u00e9 petit mod\u00e8le.<\/h4>\n<p>_x000D_nTout d&rsquo;abord, cette jolie pat\u00e8re <strong>crochet simple<\/strong> m\u00e9tal <em><strong>chrom\u00e9<\/strong><\/em>\u00a0 peut servir de porte torchon, porte serviette, ou encore porte gant&#8230;_x000D_n_x000D_nDe plus, elle a un look design et reste \u00e9pur\u00e9e avec une forme pratique._x000D_n_x000D_nCe crochet comporte un syst\u00e8me d&rsquo;accrochage avec une vis fournie et ainsi s&rsquo;adaptera aux\u00a0univers de la maison ou de l&rsquo;entreprise._x000D_n_x000D_nIl est en zinc chrom\u00e9 et de petit mod\u00e8le. Alors, il permettra de poser de petits objets type bijoux ou torchons._x000D_n_x000D_nFacile \u00e0 poser, ce crochet n\u00e9cessite un tournevis pour la fixation et peut r\u00e9sister \u00e0 un poids de 1 kg environ._x000D_n<\/p>\n<h4>Dimensions :<\/h4>\n<p>_x000D_n<\/p>\n<ul>_x000D_n \t<\/p>\n<li>La pat\u00e8re 2 cm X 0,6 cm<\/li>\n<p>_x000D_n \t<\/p>\n<li>\u00e9cartement maxi 2,1 cm<\/li>\n<p>_x000D_n \t<\/p>\n<li>Longueur de la vis 1 cm<\/li>\n<p>_x000D_n<\/ul>\n","protected":false},"excerpt":{"rendered":"<p>Jolie pat\u00e8re <strong>crochet simple<\/strong> m\u00e9tal <b><i>chrom\u00e9<\/i><\/b>. Ce crochet petit mod\u00e8le qui peut servir de porte torchon, porte serviette, porte gant. Il est design et \u00e9pur\u00e9 avec une forme pratique et permet de poser de petits objets du type de bijoux ou de torchons. Bien fix\u00e9, il permet de supporter un poids d&rsquo;environ 1 kg.<\/p>\n","protected":false},"featured_media":1592,"comment_status":"closed","ping_status":"open","template":"","meta":[],"product_cat":[20,30,22,17,23],"product_tag":[26],"class_list":["post-322","product","type-product","status-publish","has-post-thumbnail","hentry","product_cat-cuisine","product_cat-garage-cellier","product_cat-pro","product_cat-salle-de-bain","product_cat-toilette-wc","product_tag-crochet-patere-patere-design-patere-murale-patere-porte-pateres-porte-serviette-porte-torchon","description-off"],"_links":{"self":[{"href":"https:\/\/roulettes.vaniseo.top\/index.php\/wp-json\/wp\/v2\/product\/322","targetHints":{"allow":["GET"]}}],"collection":[{"href":"https:\/\/roulettes.vaniseo.top\/index.php\/wp-json\/wp\/v2\/product"}],"about":[{"href":"https:\/\/roulettes.vaniseo.top\/index.php\/wp-json\/wp\/v2\/types\/product"}],"replies":[{"embeddable":true,"href":"https:\/\/roulettes.vaniseo.top\/index.php\/wp-json\/wp\/v2\/comments?post=322"}],"version-history":[{"count":0,"href":"https:\/\/roulettes.vaniseo.top\/index.php\/wp-json\/wp\/v2\/product\/322\/revisions"}],"wp:featuredmedia":[{"embeddable":true,"href":"https:\/\/roulettes.vaniseo.top\/index.php\/wp-json\/wp\/v2\/media\/1592"}],"wp:attachment":[{"href":"https:\/\/roulettes.vaniseo.top\/index.php\/wp-json\/wp\/v2\/media?parent=322"}],"wp:term":[{"taxonomy":"product_cat","embeddable":true,"href":"https:\/\/roulettes.vaniseo.top\/index.php\/wp-json\/wp\/v2\/product_cat?post=322"},{"taxonomy":"product_tag","embeddable":true,"href":"https:\/\/roulettes.vaniseo.top\/index.php\/wp-json\/wp\/v2\/product_tag?post=322"}],"curies":[{"name":"wp","href":"https:\/\/api.w.org\/{rel}","templated":true}]}}