{"id":323,"date":"2022-04-04T16:21:14","date_gmt":"2022-04-04T14:21:14","guid":{"rendered":"https:\/\/roulettes.vaniseo.top\/index.php\/produit\/porte-manteaux-mural-avec-3-pateres-mobiles-dore\/"},"modified":"2022-04-04T17:19:16","modified_gmt":"2022-04-04T15:19:16","slug":"porte-manteaux-mural-avec-3-pateres-mobiles-dore","status":"publish","type":"product","link":"https:\/\/roulettes.vaniseo.top\/index.php\/produit\/porte-manteaux-mural-avec-3-pateres-mobiles-dore\/","title":{"rendered":"Porte-manteaux mural avec 3 pat\u00e8res mobiles dor\u00e9"},"content":{"rendered":"<h4>Porte-manteaux design avec 3 pat\u00e8res mobiles dor\u00e9es.<\/h4>\n<p>_x000D_nPorte-manteaux mural 3 pateres mobiles dore._x000D_n_x000D_nTout d&rsquo;abord, ce porte-manteaux avec 3 <em><strong>pat\u00e8res mobiles<\/strong><\/em> en <strong>m\u00e9tal<\/strong>\u00a0<strong>dor\u00e9<\/strong>\u00a0est \u00e0 poser partout dans la maison\u00a0pour ainsi ne plus voir trainer ses affaires._x000D_n_x000D_nDe plus, son\u00a0syst\u00e8me d&rsquo;accrochage est simple et non visible une fois pos\u00e9e sur le mur._x000D_n_x000D_nCette pat\u00e8re\u00a0est par cons\u00e9quent originale et de belle qualit\u00e9, parfaite pour la salle de bain ou l&rsquo;entr\u00e9e._x000D_n_x000D_n<span style=\"line-height: 1.5\">Elle\u00a0permet ainsi une touche de modernit\u00e9 dans votre int\u00e9rieur.<\/span>_x000D_n_x000D_n<span style=\"line-height: 1.5\">Se fixe\u00a0au mur avec 2 vis, vis et chevilles sont fournies. Sa pose n\u00e9cessite l&rsquo;usage d&rsquo;une perceuse.<\/span>_x000D_n<\/p>\n<h4>Dimensions :<\/h4>\n<p>_x000D_n<\/p>\n<ul>_x000D_n \t<\/p>\n<li>Le porte-manteaux 9 cm X 5 cm<\/li>\n<p>_x000D_n \t<\/p>\n<li>Ecartement du mur 8,8 cm<\/li>\n<p>_x000D_n \t<\/p>\n<li>Vis de 3 cm<\/li>\n<p>_x000D_n<\/ul>\n","protected":false},"excerpt":{"rendered":"<p>Ce porte-manteaux avec 3 pat\u00e8res <em><strong>mobiles<\/strong><\/em> en <strong>m\u00e9tal<\/strong>\u00a0<strong>dor\u00e9<\/strong>\u00a0est \u00e0 poser partout dans la maison\u00a0pour ne plus voir trainer ses affaires.\u00a0Cette pat\u00e8re\u00a0est originale et de belle qualit\u00e9, parfaite pour la salle de bain ou l&rsquo;entr\u00e9e.\u00a0<span style=\"line-height: 1.5\">Elle\u00a0permet ainsi une touche de modernit\u00e9 dans votre int\u00e9rieur.\u00a0Se fixe\u00a0au mur avec 2 vis, vis et chevilles sont fournies. Sa pose n\u00e9cessite l&rsquo;usage d&rsquo;une perceuse.<\/span><\/p>\n","protected":false},"featured_media":1594,"comment_status":"closed","ping_status":"open","template":"","meta":[],"product_cat":[19,21,22,17],"product_tag":[25],"class_list":["post-323","product","type-product","status-publish","has-post-thumbnail","hentry","product_cat-collectivite","product_cat-entreprise","product_cat-pro","product_cat-salle-de-bain","product_tag-crochet-patere-patere-design-patere-murale-patere-porte-pateres-porte-manteau-porte-serviette-porte-torchon-vestiaire","description-off"],"_links":{"self":[{"href":"https:\/\/roulettes.vaniseo.top\/index.php\/wp-json\/wp\/v2\/product\/323","targetHints":{"allow":["GET"]}}],"collection":[{"href":"https:\/\/roulettes.vaniseo.top\/index.php\/wp-json\/wp\/v2\/product"}],"about":[{"href":"https:\/\/roulettes.vaniseo.top\/index.php\/wp-json\/wp\/v2\/types\/product"}],"replies":[{"embeddable":true,"href":"https:\/\/roulettes.vaniseo.top\/index.php\/wp-json\/wp\/v2\/comments?post=323"}],"version-history":[{"count":0,"href":"https:\/\/roulettes.vaniseo.top\/index.php\/wp-json\/wp\/v2\/product\/323\/revisions"}],"wp:featuredmedia":[{"embeddable":true,"href":"https:\/\/roulettes.vaniseo.top\/index.php\/wp-json\/wp\/v2\/media\/1594"}],"wp:attachment":[{"href":"https:\/\/roulettes.vaniseo.top\/index.php\/wp-json\/wp\/v2\/media?parent=323"}],"wp:term":[{"taxonomy":"product_cat","embeddable":true,"href":"https:\/\/roulettes.vaniseo.top\/index.php\/wp-json\/wp\/v2\/product_cat?post=323"},{"taxonomy":"product_tag","embeddable":true,"href":"https:\/\/roulettes.vaniseo.top\/index.php\/wp-json\/wp\/v2\/product_tag?post=323"}],"curies":[{"name":"wp","href":"https:\/\/api.w.org\/{rel}","templated":true}]}}