{"id":326,"date":"2022-04-04T16:21:14","date_gmt":"2022-04-04T14:21:14","guid":{"rendered":"https:\/\/roulettes.vaniseo.top\/index.php\/produit\/porte-manteaux-vestiaire-double-metal-noir\/"},"modified":"2022-04-04T17:19:19","modified_gmt":"2022-04-04T15:19:19","slug":"porte-manteaux-vestiaire-double-metal-noir","status":"publish","type":"product","link":"https:\/\/roulettes.vaniseo.top\/index.php\/produit\/porte-manteaux-vestiaire-double-metal-noir\/","title":{"rendered":"Porte manteaux vestiaire double m\u00e9tal noir"},"content":{"rendered":"<h3>Pat\u00e8re vestiaire en m\u00e9tal noir mat \u00e0 double crochet<\/h3>\n<p>_x000D_n<strong>1001 Pat\u00e8res<\/strong> vous propose de d\u00e9couvrir voir l&rsquo;ensemble des informations techniques et d\u00e9coratives concernant ce <strong>porte manteaux vestiaire double m\u00e9tal noir<\/strong>._x000D_n_x000D_nEn effet, 1001 Pat\u00e8res n&rsquo;est pas une simple boutique en ligne. Elle propose des produits de <a href=\"https:\/\/1001pateres.com\/brand\/1001pateres\/\">sa marque<\/a> comme les meilleures marques internationales. Son objectif est de vous offrir formes, styles, le tout \u00e0 un <strong>rapport qualit\u00e9 prix imbattable<\/strong>! Depuis quelques ann\u00e9es maintenant, 1001 Pat\u00e8res est le <strong>n\u00b01 en France de la vente de pat\u00e8res et porte manteaux<\/strong>._x000D_n_x000D_n&nbsp;_x000D_n<\/p>\n<h3>Porte manteaux vestiaire double m\u00e9tal noir<\/h3>\n<p>_x000D_nAinsi, ci-contre, il s&rsquo;agit d&rsquo;une r\u00e9f\u00e9rence de pat\u00e8re vestiaire de sa propre marque. Cette pat\u00e8re est \u00e0 <strong>double crochet<\/strong>. Elle permettra donc de <strong>maximiser le rangement sur une seule et m\u00eame pat\u00e8re<\/strong>._x000D_n_x000D_nEn outre, ce porte-manteau vestiaire double noir est <strong>mural<\/strong>. En <strong>alliage d&rsquo;aluminium\u00a0de couleur noir mat<\/strong>, il conviendra parfaitement dans un univers de <strong>vestiaires de <a href=\"https:\/\/1001pateres.com\/categorie-produit\/collectivite\/\">collectivit\u00e9<\/a><\/strong>, ou pour tout autre usage dans la maison, d&rsquo;o\u00f9 son appellation\u00a0<em><strong>vestiaires<\/strong><\/em>. Avec son design simple et \u00e9pur\u00e9, c&rsquo;est un <strong>vrai passe partout<\/strong> qui ne surcharge pas un espace restreint. Pour autant, il <strong>maximise son rangement<\/strong>.\u00a0Il peut servir de porte-v\u00eatements, porte-\u00e9charpes, porte-chapeaux etc&#8230;car il dispose d&rsquo;une <strong>bonne r\u00e9sistance \u00e0 la charge<\/strong>, tout en ne marquant pas les v\u00eatements suspendus._x000D_n_x000D_nEnfin, c\u00f4t\u00e9 <strong>installation<\/strong>, ce dernier inclut un syst\u00e8me d&rsquo;accrochage avec des <strong>vis par contre non fournies<\/strong>. Vous contesterez la facilit\u00e9 d&rsquo;installation, sur un mur ou sur un bois, \u00e0 l&rsquo;aide d&rsquo;un simple tournevis. Pensez toujours \u00e0 tenir compte de ses <strong>dimensions<\/strong>, notamment dans le cas o\u00f9 vous souhaiteriez le d\u00e9multiplier:_x000D_n<\/p>\n<ul>_x000D_n \t<\/p>\n<li>Hauteur: 12,5 cm<\/li>\n<p>_x000D_n \t<\/p>\n<li>Largeur maxi: 2,5 cm<\/li>\n<p>_x000D_n \t<\/p>\n<li>Ecartement du mur des crochets bas: 6,5 cm<\/li>\n<p>_x000D_n \t<\/p>\n<li>Ecartement du mur du crochet haut: 3,5 cm<\/li>\n<p>_x000D_n<\/ul>\n<p>_x000D_nComme toujours, n&rsquo;h\u00e9sitez pas \u00e0 nous contacter par t\u00e9l\u00e9phone au <a href=\"tel:0664330371\">06 64 33 03 71<\/a>, ou via le formulaire en page <a href=\"https:\/\/1001pateres.com\/contactez-nous\/\">Contact<\/a>. Nous pourrons r\u00e9pondre \u00e0 toutes vos questions compl\u00e9mentaires et r\u00e9aliser vos demandes de devis en cas de commandes en quantit\u00e9 importante.<\/p>\n","protected":false},"excerpt":{"rendered":"<p>Belle pat\u00e8re porte-manteau id\u00e9ale pour les <strong>vestiaires<\/strong> avec double accroche en <em><strong>m\u00e9tal noir mat<\/strong><\/em>\u00a0qui peut servir de porte-v\u00eatement, porte-\u00e9charpe, porte-chapeaux.\u00a0Il est au design \u00e9pur\u00e9 pour se fondre dans tout les univers de la maison ou de l&rsquo;entreprise. Id\u00e9al pour les collectivit\u00e9s.<\/p>\n","protected":false},"featured_media":1602,"comment_status":"closed","ping_status":"open","template":"","meta":[],"product_cat":[19,32,21,22],"product_tag":[27],"class_list":["post-326","product","type-product","status-publish","has-post-thumbnail","hentry","product_cat-collectivite","product_cat-entree-sejour","product_cat-entreprise","product_cat-pro","product_tag-crochet-patere-patere-design-patere-murale-patere-porte-pateres-porte-serviette-porte-torchon-vestiaire","description-off"],"_links":{"self":[{"href":"https:\/\/roulettes.vaniseo.top\/index.php\/wp-json\/wp\/v2\/product\/326","targetHints":{"allow":["GET"]}}],"collection":[{"href":"https:\/\/roulettes.vaniseo.top\/index.php\/wp-json\/wp\/v2\/product"}],"about":[{"href":"https:\/\/roulettes.vaniseo.top\/index.php\/wp-json\/wp\/v2\/types\/product"}],"replies":[{"embeddable":true,"href":"https:\/\/roulettes.vaniseo.top\/index.php\/wp-json\/wp\/v2\/comments?post=326"}],"version-history":[{"count":0,"href":"https:\/\/roulettes.vaniseo.top\/index.php\/wp-json\/wp\/v2\/product\/326\/revisions"}],"wp:featuredmedia":[{"embeddable":true,"href":"https:\/\/roulettes.vaniseo.top\/index.php\/wp-json\/wp\/v2\/media\/1602"}],"wp:attachment":[{"href":"https:\/\/roulettes.vaniseo.top\/index.php\/wp-json\/wp\/v2\/media?parent=326"}],"wp:term":[{"taxonomy":"product_cat","embeddable":true,"href":"https:\/\/roulettes.vaniseo.top\/index.php\/wp-json\/wp\/v2\/product_cat?post=326"},{"taxonomy":"product_tag","embeddable":true,"href":"https:\/\/roulettes.vaniseo.top\/index.php\/wp-json\/wp\/v2\/product_tag?post=326"}],"curies":[{"name":"wp","href":"https:\/\/api.w.org\/{rel}","templated":true}]}}