{"id":327,"date":"2022-04-04T16:21:14","date_gmt":"2022-04-04T14:21:14","guid":{"rendered":"https:\/\/roulettes.vaniseo.top\/index.php\/produit\/porte-manteaux-fleche-metal-dore-arrow-helio-ferretti\/"},"modified":"2022-04-04T17:19:19","modified_gmt":"2022-04-04T15:19:19","slug":"porte-manteaux-fleche-metal-dore-arrow-helio-ferretti","status":"publish","type":"product","link":"https:\/\/roulettes.vaniseo.top\/index.php\/produit\/porte-manteaux-fleche-metal-dore-arrow-helio-ferretti\/","title":{"rendered":"Porte-manteaux fl\u00e8che m\u00e9tal dor\u00e9 ARROW HELIO FERRETTI"},"content":{"rendered":"<h4>Porte-manteaux fl\u00e8che m\u00e9tal dor\u00e9 ARROW HELIO FERRETTI.<\/h4>\n<p>_x000D_nPorte-manteaux fl\u00e8che m\u00e9tal dor\u00e9 ARROW HELIO FERRETTI._x000D_n_x000D_nEn m\u00e9tal dor\u00e9 et en forme de\u00a0fl\u00e8che, la pat\u00e8re est de la marque HELIO FERRETTI._x000D_n_x000D_nD&rsquo;abord, ce porte-manteaux porte-chapeaux moderne design en m\u00e9tal or\u00a0avec six pat\u00e8res \u00a0peut servir de porte-\u00e9charpe ou porte-v\u00eatements._x000D_n_x000D_nIl comporte un syst\u00e8me d&rsquo;accrochage simple avec deux emplacements pour des crochets ou des visseries._x000D_n_x000D_nCette pat\u00e8re s&rsquo;adaptera facilement \u00e0 toute d\u00e9coration int\u00e9rieure dans la maison ou en entreprise et saura se faire discret mais indispensable._x000D_n_x000D_nIl est facile \u00e0 poser mais n\u00e9cessite des crochets au mur._x000D_n_x000D_n<strong>Dimensions<\/strong>_x000D_n<\/p>\n<ul>_x000D_n \t<\/p>\n<li>Hauteur 7 cm<\/li>\n<p>_x000D_n \t<\/p>\n<li>Longueur 40 cm<\/li>\n<p>_x000D_n \t<\/p>\n<li>\u00e9cartement du mur 2,5 cm<\/li>\n<p>_x000D_n<\/ul>\n","protected":false},"excerpt":{"rendered":"<p>Porte-manteaux <strong>fl\u00e8che m\u00e9tal dor\u00e9<\/strong> ARROW\u00a0<em><strong>HELIO FERRETTI<\/strong><\/em>.\u00a0Porte-manteaux porte-chapeaux moderne design en m\u00e9tal or\u00a0avec six pat\u00e8res qui peut servir de porte-\u00e9charpe ou porte-v\u00eatements.\u00a0Il comporte un syst\u00e8me d&rsquo;accrochage simple avec deux emplacements pour des crochets ou des visseries.<\/p>\n","protected":false},"featured_media":1606,"comment_status":"closed","ping_status":"open","template":"","meta":[],"product_cat":[29,32],"product_tag":[34],"class_list":["post-327","product","type-product","status-publish","has-post-thumbnail","hentry","product_cat-chambre-adulte","product_cat-entree-sejour","product_tag-crochet-patere-patere-design-patere-murale-patere-porte-pateres-porte-chapeau-porte-manteau-porte-serviette-porte-torchon-vestiaire","description-off"],"_links":{"self":[{"href":"https:\/\/roulettes.vaniseo.top\/index.php\/wp-json\/wp\/v2\/product\/327","targetHints":{"allow":["GET"]}}],"collection":[{"href":"https:\/\/roulettes.vaniseo.top\/index.php\/wp-json\/wp\/v2\/product"}],"about":[{"href":"https:\/\/roulettes.vaniseo.top\/index.php\/wp-json\/wp\/v2\/types\/product"}],"replies":[{"embeddable":true,"href":"https:\/\/roulettes.vaniseo.top\/index.php\/wp-json\/wp\/v2\/comments?post=327"}],"version-history":[{"count":0,"href":"https:\/\/roulettes.vaniseo.top\/index.php\/wp-json\/wp\/v2\/product\/327\/revisions"}],"wp:featuredmedia":[{"embeddable":true,"href":"https:\/\/roulettes.vaniseo.top\/index.php\/wp-json\/wp\/v2\/media\/1606"}],"wp:attachment":[{"href":"https:\/\/roulettes.vaniseo.top\/index.php\/wp-json\/wp\/v2\/media?parent=327"}],"wp:term":[{"taxonomy":"product_cat","embeddable":true,"href":"https:\/\/roulettes.vaniseo.top\/index.php\/wp-json\/wp\/v2\/product_cat?post=327"},{"taxonomy":"product_tag","embeddable":true,"href":"https:\/\/roulettes.vaniseo.top\/index.php\/wp-json\/wp\/v2\/product_tag?post=327"}],"curies":[{"name":"wp","href":"https:\/\/api.w.org\/{rel}","templated":true}]}}