{"id":328,"date":"2022-04-04T16:21:14","date_gmt":"2022-04-04T14:21:14","guid":{"rendered":"https:\/\/roulettes.vaniseo.top\/index.php\/produit\/pateres-fleche-en-metal-noir-helio-ferretti\/"},"modified":"2022-04-04T17:19:20","modified_gmt":"2022-04-04T15:19:20","slug":"pateres-fleche-en-metal-noir-helio-ferretti","status":"publish","type":"product","link":"https:\/\/roulettes.vaniseo.top\/index.php\/produit\/pateres-fleche-en-metal-noir-helio-ferretti\/","title":{"rendered":"Pat\u00e8res fl\u00e8che en m\u00e9tal noir HELIO FERRETTI"},"content":{"rendered":"<h4>Porte-manteaux fl\u00e8che noir HELIO FERRETTI.<\/h4>\n<p>_x000D_nPat\u00e8res fl\u00e8che en m\u00e9tal noir HELIO FERRETTI._x000D_n_x000D_nEn m\u00e9tal noir et en forme de\u00a0fl\u00e8che, la pat\u00e8re est de la marque HELIO FERRETTI._x000D_n_x000D_nD&rsquo;abord, ce porte-manteaux porte-chapeaux moderne design en m\u00e9tal noir avec six pat\u00e8res peut servir de porte-\u00e9charpe ou porte-v\u00eatements._x000D_n_x000D_nIl comporte un syst\u00e8me d&rsquo;accrochage simple avec deux emplacements pour des crochets ou des visseries._x000D_n_x000D_nCette pat\u00e8re s&rsquo;adaptera facilement \u00e0 toute d\u00e9coration int\u00e9rieure dans la maison ou en entreprise et saura se faire discret mais indispensable._x000D_n_x000D_nIl est facile \u00e0 poser mais n\u00e9cessite des crochets au mur._x000D_n_x000D_n<strong>Dimensions<\/strong>_x000D_n<\/p>\n<ul>_x000D_n \t<\/p>\n<li>Hauteur 7 cm<\/li>\n<p>_x000D_n \t<\/p>\n<li>Longueur 40 cm<\/li>\n<p>_x000D_n \t<\/p>\n<li>\u00e9cartement du mur 2,5 cm<\/li>\n<p>_x000D_n<\/ul>\n","protected":false},"excerpt":{"rendered":"<p>Pat\u00e8res <strong>fl\u00e8che<\/strong> en m\u00e9tal noir\u00a0<em><strong>HELIO FERRETTI<\/strong><\/em>.\u00a0Porte-manteaux porte-chapeaux moderne design en m\u00e9tal noir avec six pat\u00e8res qui peut servir de porte-\u00e9charpe ou porte-v\u00eatements.\u00a0Il comporte un syst\u00e8me d&rsquo;accrochage simple avec deux emplacements pour des crochets ou des visseries.<\/p>\n","protected":false},"featured_media":755,"comment_status":"closed","ping_status":"open","template":"","meta":[],"product_cat":[16,32],"product_tag":[34],"class_list":["post-328","product","type-product","status-publish","has-post-thumbnail","hentry","product_cat-chambre-enfant","product_cat-entree-sejour","product_tag-crochet-patere-patere-design-patere-murale-patere-porte-pateres-porte-chapeau-porte-manteau-porte-serviette-porte-torchon-vestiaire","description-off"],"_links":{"self":[{"href":"https:\/\/roulettes.vaniseo.top\/index.php\/wp-json\/wp\/v2\/product\/328","targetHints":{"allow":["GET"]}}],"collection":[{"href":"https:\/\/roulettes.vaniseo.top\/index.php\/wp-json\/wp\/v2\/product"}],"about":[{"href":"https:\/\/roulettes.vaniseo.top\/index.php\/wp-json\/wp\/v2\/types\/product"}],"replies":[{"embeddable":true,"href":"https:\/\/roulettes.vaniseo.top\/index.php\/wp-json\/wp\/v2\/comments?post=328"}],"version-history":[{"count":0,"href":"https:\/\/roulettes.vaniseo.top\/index.php\/wp-json\/wp\/v2\/product\/328\/revisions"}],"wp:featuredmedia":[{"embeddable":true,"href":"https:\/\/roulettes.vaniseo.top\/index.php\/wp-json\/wp\/v2\/media\/755"}],"wp:attachment":[{"href":"https:\/\/roulettes.vaniseo.top\/index.php\/wp-json\/wp\/v2\/media?parent=328"}],"wp:term":[{"taxonomy":"product_cat","embeddable":true,"href":"https:\/\/roulettes.vaniseo.top\/index.php\/wp-json\/wp\/v2\/product_cat?post=328"},{"taxonomy":"product_tag","embeddable":true,"href":"https:\/\/roulettes.vaniseo.top\/index.php\/wp-json\/wp\/v2\/product_tag?post=328"}],"curies":[{"name":"wp","href":"https:\/\/api.w.org\/{rel}","templated":true}]}}