{"id":331,"date":"2022-04-04T16:21:14","date_gmt":"2022-04-04T14:21:14","guid":{"rendered":"https:\/\/roulettes.vaniseo.top\/index.php\/produit\/patere-laiton-et-marbre-blanc-petit-modele-ferm-living\/"},"modified":"2022-04-04T17:19:21","modified_gmt":"2022-04-04T15:19:21","slug":"patere-laiton-et-marbre-blanc-petit-modele-ferm-living","status":"publish","type":"product","link":"https:\/\/roulettes.vaniseo.top\/index.php\/produit\/patere-laiton-et-marbre-blanc-petit-modele-ferm-living\/","title":{"rendered":"Pat\u00e8re laiton et marbre blanc petit mod\u00e8le FERM LIVING"},"content":{"rendered":"<h3>Pat\u00e8re ronde tige laiton et marbre FERM LIVING<\/h3>\n<p>_x000D_n1001 Pat\u00e8res pr\u00e9sente ci dessous l&rsquo;ensemble des <strong>aspects techniques et d\u00e9coratifs<\/strong> du petit mod\u00e8le de la <strong>pat\u00e8re laiton et marbre blanc<\/strong> de chez <a href=\"https:\/\/1001pateres.com\/brand\/ferm-living\/\"><strong>Ferm Living<\/strong><\/a>._x000D_n_x000D_nD&rsquo;ailleurs, cette marque, <strong>Ferm Living<\/strong>, est danoise. Elle propose de <strong>nombreux produits d\u00e9coratifs pour la maison<\/strong>. 1001 Pat\u00e8res, n\u00b01 de la vente de pat\u00e8res en France, propose une s\u00e9lection de ses plus belles collections de pat\u00e8res et porte manteaux._x000D_n_x000D_nAinsi, retrouvez cette pat\u00e8re laiton dans une<strong> collection de pat\u00e8res tiges<\/strong> en acier ou en laiton, <strong>avec diff\u00e9rentes pierres semi-pr\u00e9cieuses<\/strong> pouvant \u00eatre incrust\u00e9es comme le marbre brun, le <a href=\"https:\/\/1001pateres.com\/produit\/patere-en-acier-et-marbre-blanc-petit-modele-ferm-living\/\">marbre blanc<\/a>, le lapis lazuli, et l&rsquo;<a href=\"https:\/\/1001pateres.com\/produit\/patere-agate-petit-modele-ferm-living\/\">agate verte<\/a>. D&rsquo;autres collections de la marque sont aussi disponibles sur ce site._x000D_n_x000D_nPr\u00e9cis\u00e9ment, cette pat\u00e8re laiton et marbre blanc offre une forme tout \u00e0 fait unique et minimaliste. Vous craquerez pour son <strong>toucher doux<\/strong> et son <strong>bouton pratique pour stopper la chute de tout v\u00eatement<\/strong>.\u00a0Aussi, le <strong>laiton<\/strong> est de tr\u00e8s belle qualit\u00e9. Quand au\u00a0<strong>marbre blanc<\/strong>, c&rsquo;est une\u00a0pierre naturelle qui peut \u00eatre plus ou moins vein\u00e9e. Ainsi chaque bouton et par extension chaque pat\u00e8re laiton Ferm Living est unique!_x000D_n_x000D_n&nbsp;_x000D_n<\/p>\n<h3>Installer la pat\u00e8re laiton et marbre blanc Ferm Living<\/h3>\n<p>_x000D_nLa pat\u00e8re laiton et marbre blanc Ferm Living comporte une <strong>base avec une tige viss\u00e9e de l&rsquo;int\u00e9rieur<\/strong>. Ainsi, son syst\u00e8me d&rsquo;<strong>accrochage<\/strong> inclus, est l&rsquo;addition d&rsquo;une vis et sa cheville. Vous noterez tout d&rsquo;abord que la vis non visible une fois mont\u00e9e. De plus, ce mod\u00e8le est facile \u00e0 poser mais n\u00e9cessite une per\u00e7euse pour positionner la cheville._x000D_n_x000D_nPar ailleurs, pensez \u00e0 v\u00e9rifier la concordance des <strong>dimensions<\/strong> de l&rsquo;espace qui re\u00e7oit la pat\u00e8re, et celles pr\u00e9cis\u00e9ment de celle-ci, \u00e0 savoir:_x000D_n<\/p>\n<ul>_x000D_n \t<\/p>\n<li>La tige 3,5 cm X 1,9 cm de t\u00eate<\/li>\n<p>_x000D_n \t<\/p>\n<li>La base diam\u00e8tre 1 cm<\/li>\n<p>_x000D_n<\/ul>\n<p>_x000D_nPour finir, vous aimerez retrouver cette pat\u00e8re murale dans n&rsquo;importe quelle pi\u00e8ce de la maison pour son <strong>intimisme<\/strong>, son <strong>\u00e9l\u00e9gance<\/strong>, et son <strong>minimalisme<\/strong>. Nous l&rsquo;aimons particuli\u00e8rement dans un <strong>bureau<\/strong> car le <strong>marbre blanc<\/strong> est tr\u00e8s <strong>tendance<\/strong> pour cette pi\u00e8ce. Vous l&rsquo;aimerez pour un usage de <strong>porte-manteau, porte-serviette, et porte-chapeau<\/strong>.<\/p>\n","protected":false},"excerpt":{"rendered":"<p>Porte-manteau petit mod\u00e8le en laiton et <strong>marbre blanc<\/strong> de la marque <em><strong>FERM LIVING<\/strong><\/em>. Jolie pat\u00e8re design en pierre et laiton\u00a0pour un usage de porte-manteau, porte-serviette ou porte-chapeau.\u00a0Elle est originale et \u00e9pur\u00e9e avec une forme douce et pratique. Une fois pos\u00e9e au mur \u00e0 l&rsquo;aide d&rsquo;une perceuse, elle permet de r\u00e9sister \u00e0 un poids de 5 kg environ.<\/p>\n","protected":false},"featured_media":1617,"comment_status":"closed","ping_status":"open","template":"","meta":[],"product_cat":[32,17,23],"product_tag":[26],"class_list":["post-331","product","type-product","status-publish","has-post-thumbnail","hentry","product_cat-entree-sejour","product_cat-salle-de-bain","product_cat-toilette-wc","product_tag-crochet-patere-patere-design-patere-murale-patere-porte-pateres-porte-serviette-porte-torchon","description-off"],"_links":{"self":[{"href":"https:\/\/roulettes.vaniseo.top\/index.php\/wp-json\/wp\/v2\/product\/331","targetHints":{"allow":["GET"]}}],"collection":[{"href":"https:\/\/roulettes.vaniseo.top\/index.php\/wp-json\/wp\/v2\/product"}],"about":[{"href":"https:\/\/roulettes.vaniseo.top\/index.php\/wp-json\/wp\/v2\/types\/product"}],"replies":[{"embeddable":true,"href":"https:\/\/roulettes.vaniseo.top\/index.php\/wp-json\/wp\/v2\/comments?post=331"}],"version-history":[{"count":0,"href":"https:\/\/roulettes.vaniseo.top\/index.php\/wp-json\/wp\/v2\/product\/331\/revisions"}],"wp:featuredmedia":[{"embeddable":true,"href":"https:\/\/roulettes.vaniseo.top\/index.php\/wp-json\/wp\/v2\/media\/1617"}],"wp:attachment":[{"href":"https:\/\/roulettes.vaniseo.top\/index.php\/wp-json\/wp\/v2\/media?parent=331"}],"wp:term":[{"taxonomy":"product_cat","embeddable":true,"href":"https:\/\/roulettes.vaniseo.top\/index.php\/wp-json\/wp\/v2\/product_cat?post=331"},{"taxonomy":"product_tag","embeddable":true,"href":"https:\/\/roulettes.vaniseo.top\/index.php\/wp-json\/wp\/v2\/product_tag?post=331"}],"curies":[{"name":"wp","href":"https:\/\/api.w.org\/{rel}","templated":true}]}}