{"id":332,"date":"2022-04-04T16:21:14","date_gmt":"2022-04-04T14:21:14","guid":{"rendered":"https:\/\/roulettes.vaniseo.top\/index.php\/produit\/patere-murale-en-laiton-et-agate-verte-petit-modele-ferm-living\/"},"modified":"2022-04-04T17:19:22","modified_gmt":"2022-04-04T15:19:22","slug":"patere-murale-en-laiton-et-agate-verte-petit-modele-ferm-living","status":"publish","type":"product","link":"https:\/\/roulettes.vaniseo.top\/index.php\/produit\/patere-murale-en-laiton-et-agate-verte-petit-modele-ferm-living\/","title":{"rendered":"Pat\u00e8re murale en laiton et agate verte petit mod\u00e8le FERM LIVING"},"content":{"rendered":"<h3>Pat\u00e8re design tige laiton et agate verte incrust\u00e9e de FERM LIVING<\/h3>\n<p>_x000D_n1001 Pat\u00e8res vous d\u00e9livre ici non seulement des <strong>astuces<\/strong> de d\u00e9coration mais aussi toutes les <strong>informations<\/strong> au sujet de la <strong>pat\u00e8re murale en laiton et agate verte<\/strong>. Il s&rsquo;agit ici du <strong>petit mod\u00e8le<\/strong> de la marque\u00a0<a href=\"https:\/\/1001pateres.com\/brand\/ferm-living\/\"><strong>FERM LIVING<\/strong><\/a>._x000D_n_x000D_nTout d&rsquo;abord, pr\u00e9sentons rapidement Ferm Living, cette marque danoise. Vous la connaissez sans doute pour d&rsquo;autres produits de d\u00e9coration pour la maison. <strong>1001 Pat\u00e8res<\/strong> l&rsquo;a choisie pour <strong>plusieurs collections<\/strong> de pat\u00e8res et porte manteaux muraux._x000D_n_x000D_nAinsi, cette <strong>pat\u00e8re murale<\/strong> s&rsquo;int\u00e8gre dans une collection de <strong>petit mod\u00e8le<\/strong> de pat\u00e8res tiges disponibles en diff\u00e9rentes mati\u00e8res (<a href=\"https:\/\/1001pateres.com\/produit\/patere-en-acier-et-marbre-blanc-petit-modele-ferm-living\/\">acier<\/a> et laiton) avec diff\u00e9rentes pierres incrust\u00e9es (marbre brun, blanc, agate verte ou encore <a href=\"https:\/\/1001pateres.com\/produit\/patere-lapis-lazuli-petit-modele-ferm-living\/\">lapis lazuli<\/a>)_x000D_n_x000D_nIci, il s&rsquo;agit donc de la version design tige laiton et agate verte. Le <strong>laiton<\/strong> est de tr\u00e8s <strong>belle qualit\u00e9<\/strong>. Quand \u00e0 l&rsquo;<strong>agate<\/strong>, c&rsquo;est\u00a0une <strong>pierre naturelle<\/strong> qui peut \u00eatre plus ou moins vein\u00e9e. Vous l&rsquo;aimerez sans aucun doute pour sa <strong>beaut\u00e9<\/strong>, sa <strong>forme originale\u00a0et \u00e9pur\u00e9e<\/strong> et son un <strong>toucher doux<\/strong> et pratique._x000D_n<\/p>\n<h3>Fixer une pat\u00e8re murale Ferm Living au mur<\/h3>\n<p>_x000D_nPar ailleurs, c\u00f4t\u00e9 <strong>installation<\/strong>, cette pat\u00e8re murale Ferm Living comporte une base avec une tige viss\u00e9e de l&rsquo;int\u00e9rieur. Son syst\u00e8me d&rsquo;accrochage consiste donc en une vis et une cheville incluses. A noter que la vis est non visible une fois mont\u00e9e. Attention \u00e0 bien vous munir d&rsquo;une perceuse pour fixer cette pat\u00e8re murale._x000D_n_x000D_nAinsi, celle-ci s&rsquo;adaptera \u00e0 <strong>n&rsquo;importe quelle pi\u00e8ce de votre maison<\/strong>. Nous l&rsquo;adorons dans la <strong>salle de bain o\u00f9 le dor\u00e9e et le vert sont actuellement tr\u00e8s tendances<\/strong>. Bien s\u00fbr, elle peut faire office de\u00a0<strong>porte-manteau, porte-serviette, ou encore porte-chapeau<\/strong>._x000D_n_x000D_nAlors, quelque soit votre projet, pensez seulement \u00e0 comparer dimensions de l&rsquo;espace d&rsquo;installation et <strong>dimensions<\/strong> de la pat\u00e8re design tige laiton:_x000D_n<\/p>\n<ul>_x000D_n \t<\/p>\n<li>La tige : 3,5 cm X 1,9 cm de t\u00eate<\/li>\n<p>_x000D_n \t<\/p>\n<li>La base : diam\u00e8tre 1 cm<\/li>\n<p>_x000D_n<\/ul>\n","protected":false},"excerpt":{"rendered":"<p>Porte-manteau petit mod\u00e8le en laiton et <strong>agate verte<\/strong> de la marque <em><strong>FERM LIVING<\/strong><\/em>. Jolie pat\u00e8re design en pierre et laiton\u00a0pour un usage de porte-manteau, porte-serviette ou porte-chapeau.\u00a0Elle est originale et \u00e9pur\u00e9e avec une forme douce et pratique. Une fois pos\u00e9e au mur \u00e0 l&rsquo;aide d&rsquo;une perceuse, elle permet de r\u00e9sister \u00e0 un poids de 5 kg environ.<\/p>\n","protected":false},"featured_media":1619,"comment_status":"closed","ping_status":"open","template":"","meta":[],"product_cat":[32,17,23],"product_tag":[26],"class_list":["post-332","product","type-product","status-publish","has-post-thumbnail","hentry","product_cat-entree-sejour","product_cat-salle-de-bain","product_cat-toilette-wc","product_tag-crochet-patere-patere-design-patere-murale-patere-porte-pateres-porte-serviette-porte-torchon","description-off"],"_links":{"self":[{"href":"https:\/\/roulettes.vaniseo.top\/index.php\/wp-json\/wp\/v2\/product\/332","targetHints":{"allow":["GET"]}}],"collection":[{"href":"https:\/\/roulettes.vaniseo.top\/index.php\/wp-json\/wp\/v2\/product"}],"about":[{"href":"https:\/\/roulettes.vaniseo.top\/index.php\/wp-json\/wp\/v2\/types\/product"}],"replies":[{"embeddable":true,"href":"https:\/\/roulettes.vaniseo.top\/index.php\/wp-json\/wp\/v2\/comments?post=332"}],"version-history":[{"count":0,"href":"https:\/\/roulettes.vaniseo.top\/index.php\/wp-json\/wp\/v2\/product\/332\/revisions"}],"wp:featuredmedia":[{"embeddable":true,"href":"https:\/\/roulettes.vaniseo.top\/index.php\/wp-json\/wp\/v2\/media\/1619"}],"wp:attachment":[{"href":"https:\/\/roulettes.vaniseo.top\/index.php\/wp-json\/wp\/v2\/media?parent=332"}],"wp:term":[{"taxonomy":"product_cat","embeddable":true,"href":"https:\/\/roulettes.vaniseo.top\/index.php\/wp-json\/wp\/v2\/product_cat?post=332"},{"taxonomy":"product_tag","embeddable":true,"href":"https:\/\/roulettes.vaniseo.top\/index.php\/wp-json\/wp\/v2\/product_tag?post=332"}],"curies":[{"name":"wp","href":"https:\/\/api.w.org\/{rel}","templated":true}]}}