{"id":333,"date":"2022-04-04T16:21:14","date_gmt":"2022-04-04T14:21:14","guid":{"rendered":"https:\/\/roulettes.vaniseo.top\/index.php\/produit\/patere-laiton-et-lapis-lazuli-petit-modele-ferm-living\/"},"modified":"2022-04-04T17:19:22","modified_gmt":"2022-04-04T15:19:22","slug":"patere-laiton-et-lapis-lazuli-petit-modele-ferm-living","status":"publish","type":"product","link":"https:\/\/roulettes.vaniseo.top\/index.php\/produit\/patere-laiton-et-lapis-lazuli-petit-modele-ferm-living\/","title":{"rendered":"Pat\u00e8re laiton et lapis lazuli petit mod\u00e8le FERM LIVING"},"content":{"rendered":"<h3>Pat\u00e8re murale tige avec bouton incrust\u00e9 de lapis lazuli FERM LIVING<\/h3>\n<p>_x000D_n1001 Pat\u00e8res vous propose de d\u00e9couvrir toutes les i<strong>nformations techniques et esth\u00e9tiques<\/strong>, mais aussi nos <strong>conseils d\u00e9co<\/strong> pour la <strong>pat\u00e8re laiton et lapis lazuli<\/strong>. Il s&rsquo;agit ici du petit mod\u00e8le de la marque\u00a0<a href=\"https:\/\/1001pateres.com\/brand\/ferm-living\/\"><em><strong>FERM LIVING<\/strong><\/em><\/a>._x000D_n_x000D_nRevenons juste sur cette marque, <a href=\"https:\/\/fermliving.com\/\" target=\"_blank\" rel=\"noopener\">Ferm Living<\/a>. Il s&rsquo;agit d&rsquo;un designer danois de d\u00e9corations pour la maison. Chez 1001 Pat\u00e8res, n\u00b01 de la pat\u00e8re en France, retrouvez une s\u00e9lection de ses meilleures r\u00e9f\u00e9rences de pat\u00e8res et porte manteaux._x000D_n_x000D_nIci, il s&rsquo;agit d&rsquo;une <strong>pat\u00e8re murale<\/strong> issue de la <strong>collection aux pierres semi-pr\u00e9cieuses<\/strong>. Chaque pat\u00e8re de la collection reprend une <strong>forme de tige avec une pierre incrust\u00e9e<\/strong> dans son bouton. La pat\u00e8re de la tige peut \u00eatre du laiton, de l&rsquo;<a href=\"https:\/\/1001pateres.com\/produit\/patere-en-acier-et-marbre-noir-petit-modele-ferm-living\/\">acier<\/a>. La pierre peut \u00eatre du <a href=\"https:\/\/1001pateres.com\/produit\/patere-en-laiton-et-marbre-noir-petit-modele-ferm-living\/\">marbre<\/a>, de l&rsquo;<a href=\"https:\/\/1001pateres.com\/produit\/patere-agate-petit-modele-ferm-living\/\">agate verte<\/a>, et du lapis lazuli comme ici. Bien s\u00fbr d&rsquo;autres collections avec d&rsquo;autres formes, et pierres sont aussi propos\u00e9es en ligne._x000D_n_x000D_nD&rsquo;abord, vous l&rsquo;adopterez pour sa <strong>forme originale\u00a0et \u00e9pur\u00e9e<\/strong> avec un <strong>toucher doux<\/strong>.\u00a0Aussi, vous aimerez ce <strong>laiton de tr\u00e8s belle qualit\u00e9<\/strong> et ce\u00a0<strong>lapis lazuli,<\/strong>\u00a0une <strong>pierre naturelle<\/strong> plus ou moins vein\u00e9e._x000D_n_x000D_n&nbsp;_x000D_n<\/p>\n<h3>Pat\u00e8re laiton et lapis lazuli: informations techniques<\/h3>\n<p>_x000D_nPr\u00e9cis\u00e9ment, pour son installation, celle-ci comporte <strong>une base avec une tige viss\u00e9e de l&rsquo;int\u00e9rieur\u00a0<\/strong>et un syst\u00e8me d&rsquo;<strong>accrochage avec sa vis et sa cheville incluses<\/strong>. La\u00a0vis sera non visible une fois mont\u00e9e. Ce mod\u00e8le est vraiment facile \u00e0 poser. Il n\u00e9cessite seulement une perceuse pour positionner la cheville._x000D_n_x000D_nAinsi, avec une <strong>forme si minimaliste<\/strong>, celle-ci s&rsquo;adaptera \u00e0 <strong>toutes les pi\u00e8ces<\/strong> de votre maison. Retenez la particuli\u00e8rement pour une <strong>entr\u00e9e chic<\/strong>._x000D_n_x000D_nDe plus, elle apportera une touche de <strong>modernit\u00e9<\/strong> \u00e0 votre univers\u00a0pour un usage de <strong>porte-manteau, porte-serviette, porte-chapeau<\/strong>._x000D_n_x000D_nEnfin, pensez \u00e0 comparer les dimensions de l&rsquo;espace \u00e0 habiller avec celles du produit ci dessous:_x000D_n<\/p>\n<ul>_x000D_n \t<\/p>\n<li>La tige en laiton; 3,5 cm X 1,9 cm de t\u00eate<\/li>\n<p>_x000D_n \t<\/p>\n<li>La base : diam\u00e8tre 1 cm<\/li>\n<p>_x000D_n<\/ul>\n","protected":false},"excerpt":{"rendered":"<p>Porte-manteau petit mod\u00e8le en laiton et <strong>lapis lazuli bleu<\/strong> de la marque <em><strong>FERM LIVING<\/strong><\/em>. Jolie pat\u00e8re design en pierre et laiton\u00a0pour un usage de porte-manteau, porte-serviette ou porte-chapeau.\u00a0Elle est originale et \u00e9pur\u00e9e avec une forme douce et pratique. Une fois pos\u00e9e au mur \u00e0 l&rsquo;aide d&rsquo;une perceuse, elle permet de r\u00e9sister \u00e0 un poids de 5 kg environ.<\/p>\n","protected":false},"featured_media":1621,"comment_status":"closed","ping_status":"open","template":"","meta":[],"product_cat":[32,17,23],"product_tag":[26],"class_list":["post-333","product","type-product","status-publish","has-post-thumbnail","hentry","product_cat-entree-sejour","product_cat-salle-de-bain","product_cat-toilette-wc","product_tag-crochet-patere-patere-design-patere-murale-patere-porte-pateres-porte-serviette-porte-torchon","description-off"],"_links":{"self":[{"href":"https:\/\/roulettes.vaniseo.top\/index.php\/wp-json\/wp\/v2\/product\/333","targetHints":{"allow":["GET"]}}],"collection":[{"href":"https:\/\/roulettes.vaniseo.top\/index.php\/wp-json\/wp\/v2\/product"}],"about":[{"href":"https:\/\/roulettes.vaniseo.top\/index.php\/wp-json\/wp\/v2\/types\/product"}],"replies":[{"embeddable":true,"href":"https:\/\/roulettes.vaniseo.top\/index.php\/wp-json\/wp\/v2\/comments?post=333"}],"version-history":[{"count":0,"href":"https:\/\/roulettes.vaniseo.top\/index.php\/wp-json\/wp\/v2\/product\/333\/revisions"}],"wp:featuredmedia":[{"embeddable":true,"href":"https:\/\/roulettes.vaniseo.top\/index.php\/wp-json\/wp\/v2\/media\/1621"}],"wp:attachment":[{"href":"https:\/\/roulettes.vaniseo.top\/index.php\/wp-json\/wp\/v2\/media?parent=333"}],"wp:term":[{"taxonomy":"product_cat","embeddable":true,"href":"https:\/\/roulettes.vaniseo.top\/index.php\/wp-json\/wp\/v2\/product_cat?post=333"},{"taxonomy":"product_tag","embeddable":true,"href":"https:\/\/roulettes.vaniseo.top\/index.php\/wp-json\/wp\/v2\/product_tag?post=333"}],"curies":[{"name":"wp","href":"https:\/\/api.w.org\/{rel}","templated":true}]}}