{"id":334,"date":"2022-04-04T16:21:14","date_gmt":"2022-04-04T14:21:14","guid":{"rendered":"https:\/\/roulettes.vaniseo.top\/index.php\/produit\/patere-en-granit-marbre-de-vert-petit-modele-ferm-living\/"},"modified":"2022-04-04T17:19:23","modified_gmt":"2022-04-04T15:19:23","slug":"patere-en-granit-marbre-de-vert-petit-modele-ferm-living","status":"publish","type":"product","link":"https:\/\/roulettes.vaniseo.top\/index.php\/produit\/patere-en-granit-marbre-de-vert-petit-modele-ferm-living\/","title":{"rendered":"Pat\u00e8re en granit marbr\u00e9 de vert petit mod\u00e8le FERM LIVING"},"content":{"rendered":"<h4>Pat\u00e8re design ogive granit marbr\u00e9 vert FERM LIVING.<\/h4>\n<p>_x000D_nPat\u00e8re granit marbr\u00e9 petit mod\u00e8le <em><strong>FERM LIVING<\/strong><\/em> pour un usage de porte-manteau, porte-serviette, porte-chapeau._x000D_n_x000D_nD&rsquo;abord, sa forme est originale en ogive et \u00e9pur\u00e9e avec un toucher doux et pratique._x000D_n_x000D_nAussi, le <strong>granit<\/strong> \u00e9tant une pierre naturelle il peut \u00eatre plus ou moins marbr\u00e9._x000D_n_x000D_nElle comporte une base avec une tige viss\u00e9e de l&rsquo;int\u00e9rieur\u00a0et un syst\u00e8me d&rsquo;accrochage avec sa vis et sa cheville, vis non visible une fois mont\u00e9e._x000D_n_x000D_nCelle-ci s&rsquo;adaptera dans toutes les pi\u00e8ces et plus particuli\u00e8rement dans l&rsquo;entr\u00e9e . De plus elle apportera une touche de modernit\u00e9 \u00e0 votre univers._x000D_n_x000D_nCe mod\u00e8le est facile \u00e0 poser mais n\u00e9cessite une per\u00e7euse pour positionner la cheville._x000D_n<\/p>\n<h4>Dimensions :<\/h4>\n<p>_x000D_n<\/p>\n<ul>_x000D_n \t<\/p>\n<li>L&rsquo;ogive longueur 3,5 cm<\/li>\n<p>_x000D_n \t<\/p>\n<li>Diam\u00e8tre 1,9 cm<\/li>\n<p>_x000D_n<\/ul>\n","protected":false},"excerpt":{"rendered":"<p>Porte-manteau petit mod\u00e8le en <strong>granit marbr\u00e9<\/strong> vert\u00a0de la marque <em><strong>FERM LIVING<\/strong><\/em>. Jolie pat\u00e8re design en pierre et en forme d&rsquo;ogive pour un usage de porte-manteau, porte-serviette ou porte-chapeau.\u00a0Elle est originale et \u00e9pur\u00e9e avec une forme douce et pratique. Une fois pos\u00e9e au mur \u00e0 l&rsquo;aide d&rsquo;une perceuse, elle permet de r\u00e9sister \u00e0 un poids de 5 kg environ.<\/p>\n","protected":false},"featured_media":1623,"comment_status":"closed","ping_status":"open","template":"","meta":[],"product_cat":[32,17,23],"product_tag":[26],"class_list":["post-334","product","type-product","status-publish","has-post-thumbnail","hentry","product_cat-entree-sejour","product_cat-salle-de-bain","product_cat-toilette-wc","product_tag-crochet-patere-patere-design-patere-murale-patere-porte-pateres-porte-serviette-porte-torchon","description-off"],"_links":{"self":[{"href":"https:\/\/roulettes.vaniseo.top\/index.php\/wp-json\/wp\/v2\/product\/334","targetHints":{"allow":["GET"]}}],"collection":[{"href":"https:\/\/roulettes.vaniseo.top\/index.php\/wp-json\/wp\/v2\/product"}],"about":[{"href":"https:\/\/roulettes.vaniseo.top\/index.php\/wp-json\/wp\/v2\/types\/product"}],"replies":[{"embeddable":true,"href":"https:\/\/roulettes.vaniseo.top\/index.php\/wp-json\/wp\/v2\/comments?post=334"}],"version-history":[{"count":0,"href":"https:\/\/roulettes.vaniseo.top\/index.php\/wp-json\/wp\/v2\/product\/334\/revisions"}],"wp:featuredmedia":[{"embeddable":true,"href":"https:\/\/roulettes.vaniseo.top\/index.php\/wp-json\/wp\/v2\/media\/1623"}],"wp:attachment":[{"href":"https:\/\/roulettes.vaniseo.top\/index.php\/wp-json\/wp\/v2\/media?parent=334"}],"wp:term":[{"taxonomy":"product_cat","embeddable":true,"href":"https:\/\/roulettes.vaniseo.top\/index.php\/wp-json\/wp\/v2\/product_cat?post=334"},{"taxonomy":"product_tag","embeddable":true,"href":"https:\/\/roulettes.vaniseo.top\/index.php\/wp-json\/wp\/v2\/product_tag?post=334"}],"curies":[{"name":"wp","href":"https:\/\/api.w.org\/{rel}","templated":true}]}}