{"id":335,"date":"2022-04-04T16:21:14","date_gmt":"2022-04-04T14:21:14","guid":{"rendered":"https:\/\/roulettes.vaniseo.top\/index.php\/produit\/portant-design-tige-en-laiton-brosse-petit-modele-ferm-living\/"},"modified":"2022-04-04T17:19:23","modified_gmt":"2022-04-04T15:19:23","slug":"portant-design-tige-en-laiton-brosse-petit-modele-ferm-living","status":"publish","type":"product","link":"https:\/\/roulettes.vaniseo.top\/index.php\/produit\/portant-design-tige-en-laiton-brosse-petit-modele-ferm-living\/","title":{"rendered":"Portant design tige en laiton bross\u00e9 petit mod\u00e8le FERM LIVING"},"content":{"rendered":"<h3>Pat\u00e8re tige laiton bross\u00e9 FERM LIVING<\/h3>\n<p>_x000D_n<strong>1001 Pat\u00e8res<\/strong> vous pr\u00e9sente ci dessous l&rsquo;ensemble des informations d\u00e9coratives et techniques de l&rsquo;une des pi\u00e8ces de la marque <strong>Ferm Living<\/strong>. Il s&rsquo;agit en effet du <strong>petit mod\u00e8le de portant design tige en laiton bross\u00e9<\/strong>._x000D_n_x000D_nEn effet, <a href=\"https:\/\/1001pateres.com\/brand\/ferm-living\/\"><strong>Ferm Living<\/strong><\/a> est l&rsquo;une des marques s\u00e9lectionn\u00e9es par <strong>1001 Pat\u00e8res, n\u00b01 en France de la vente de pat\u00e8res et porte manteaux<\/strong>. Ce site de vente en ligne propose des marques internationales offrant rangement et d\u00e9coration. Ainsi, Ferm Living est une marque danoise sp\u00e9cialis\u00e9e dans l&rsquo;utilisation de <strong>mat\u00e9riaux nobles<\/strong> comme le <strong>granit<\/strong>, le <strong>marbre<\/strong> ou encore comme ici le <strong>laiton<\/strong>. Pensez \u00e0 jeter un oeil \u00e9galement aux pat\u00e8res ins\u00e9rant des <strong>pierres semi pr\u00e9cieuses<\/strong> comme le <a href=\"https:\/\/1001pateres.com\/produit\/patere-lapis-lazuli-petit-modele-ferm-living\/\">lapis lazuli<\/a>, l&rsquo;<a href=\"https:\/\/1001pateres.com\/produit\/patere-agate-verte-grand-modele-ferm-living\/\">agate verte<\/a>\u00a0ou encore le <a href=\"https:\/\/1001pateres.com\/produit\/patere-verre-souffle-bubble-grand-modele-ferm-living\/\">verre souffl\u00e9<\/a>. Ces r\u00e9f\u00e9rences sont tout simplement splendides!_x000D_n_x000D_n&nbsp;_x000D_n<\/p>\n<h3>Portant design tige en laiton bross\u00e9 petit mod\u00e8le Ferm Living<\/h3>\n<p>_x000D_nAinsi, cette pat\u00e8re tige laiton bross\u00e9 Ferm Living\u00a0peut bien s\u00fbr avoir des <strong>fonctions polyvalentes<\/strong> telles que porte-manteau, porte-serviette, ou encore porte-chapeau. Ainsi, celle-ci s&rsquo;adapte \u00e0 toutes les pi\u00e8ces de la <strong>maison<\/strong> ou d&rsquo;une <strong>entreprise<\/strong>. Elle offre incontestablement une touche de <strong>modernit\u00e9<\/strong> et d&rsquo;<strong>\u00e9l\u00e9gance<\/strong> \u00e0 tout univers._x000D_n_x000D_nPour autant, sa<strong> forme est originale\u00a0et \u00e9pur\u00e9e<\/strong> avec un <strong>toucher doux<\/strong> et <strong>pratique<\/strong>. La <strong>collerette au bout du cylindre<\/strong> permet d&rsquo;ailleurs aux v\u00eatements d&rsquo;\u00eatre retenus et de ne pas tomber au sol. Aussi, le <strong>laiton est de tr\u00e8s belle qualit\u00e9.<\/strong>_x000D_n_x000D_nEnfin, c\u00f4t\u00e9 installation, elle comporte une base avec une tige viss\u00e9e de l&rsquo;int\u00e9rieur\u00a0et un syst\u00e8me d&rsquo;accrochage avec sa vis et sa cheville. Une fois l&rsquo;installation termin\u00e9e, les finitions sont parfaites puisque la vis et <strong>le syst\u00e8me d&rsquo;accrochage complet reste invisible<\/strong>.\u00a0Vous l&rsquo;aurez compris, ce mod\u00e8le est facile \u00e0 poser mais n\u00e9cessite seulement de disposer d&rsquo;une perceuse pour positionner la cheville._x000D_n_x000D_nVoici ses <strong>dimensions<\/strong> sp\u00e9cifiques:_x000D_n<\/p>\n<ul>_x000D_n \t<\/p>\n<li>Tige 3,5 cm<\/li>\n<p>_x000D_n \t<\/p>\n<li>Diam\u00e8tre de la base: 1,8 cm<\/li>\n<p>_x000D_n<\/ul>\n<p>_x000D_nPensez \u00e0 la d\u00e9multiplier pour encore plus la valoriser! Un <a href=\"https:\/\/1001pateres.com\/produit\/patere-tige-en-laiton-brosse-grand-modele\/\">grand mod\u00e8le<\/a> est aussi disponible sur ce site.<\/p>\n","protected":false},"excerpt":{"rendered":"<p>Porte-manteau tige petit mod\u00e8le en <strong>laiton bross\u00e9<\/strong>\u00a0de la marque <em><strong>FERM LIVING<\/strong><\/em>. Jolie pat\u00e8re design en forme de cylindre pour un usage de porte-manteau, porte-serviette ou porte-chapeau.\u00a0Elle est originale et \u00e9pur\u00e9e avec une forme douce et pratique. Une fois pos\u00e9e au mur \u00e0 l&rsquo;aide d&rsquo;une perceuse, elle permet de r\u00e9sister \u00e0 un poids de 5 kg environ.<\/p>\n","protected":false},"featured_media":758,"comment_status":"closed","ping_status":"open","template":"","meta":[],"product_cat":[19,32,21,22,17,23],"product_tag":[26],"class_list":["post-335","product","type-product","status-publish","has-post-thumbnail","hentry","product_cat-collectivite","product_cat-entree-sejour","product_cat-entreprise","product_cat-pro","product_cat-salle-de-bain","product_cat-toilette-wc","product_tag-crochet-patere-patere-design-patere-murale-patere-porte-pateres-porte-serviette-porte-torchon","description-off"],"_links":{"self":[{"href":"https:\/\/roulettes.vaniseo.top\/index.php\/wp-json\/wp\/v2\/product\/335","targetHints":{"allow":["GET"]}}],"collection":[{"href":"https:\/\/roulettes.vaniseo.top\/index.php\/wp-json\/wp\/v2\/product"}],"about":[{"href":"https:\/\/roulettes.vaniseo.top\/index.php\/wp-json\/wp\/v2\/types\/product"}],"replies":[{"embeddable":true,"href":"https:\/\/roulettes.vaniseo.top\/index.php\/wp-json\/wp\/v2\/comments?post=335"}],"version-history":[{"count":0,"href":"https:\/\/roulettes.vaniseo.top\/index.php\/wp-json\/wp\/v2\/product\/335\/revisions"}],"wp:featuredmedia":[{"embeddable":true,"href":"https:\/\/roulettes.vaniseo.top\/index.php\/wp-json\/wp\/v2\/media\/758"}],"wp:attachment":[{"href":"https:\/\/roulettes.vaniseo.top\/index.php\/wp-json\/wp\/v2\/media?parent=335"}],"wp:term":[{"taxonomy":"product_cat","embeddable":true,"href":"https:\/\/roulettes.vaniseo.top\/index.php\/wp-json\/wp\/v2\/product_cat?post=335"},{"taxonomy":"product_tag","embeddable":true,"href":"https:\/\/roulettes.vaniseo.top\/index.php\/wp-json\/wp\/v2\/product_tag?post=335"}],"curies":[{"name":"wp","href":"https:\/\/api.w.org\/{rel}","templated":true}]}}