{"id":336,"date":"2022-04-04T16:21:18","date_gmt":"2022-04-04T14:21:18","guid":{"rendered":"https:\/\/roulettes.vaniseo.top\/index.php\/produit\/patere-murale-ronde-en-laiton-et-marbre-blanc-ferm-living-grand-modele\/"},"modified":"2022-04-04T17:19:25","modified_gmt":"2022-04-04T15:19:25","slug":"patere-murale-ronde-en-laiton-et-marbre-blanc-ferm-living-grand-modele","status":"publish","type":"product","link":"https:\/\/roulettes.vaniseo.top\/index.php\/produit\/patere-murale-ronde-en-laiton-et-marbre-blanc-ferm-living-grand-modele\/","title":{"rendered":"Pat\u00e8re murale ronde en laiton et marbre blanc FERM LIVING grand mod\u00e8le"},"content":{"rendered":"<h3>Pat\u00e8re tige laiton et bouton en marbre blanc FERM LIVING<\/h3>\n<p>_x000D_nPour une touche de <strong>luxe<\/strong> dans votre <strong>maison<\/strong> ou votre <strong>bureau<\/strong>\u00a0d&rsquo;entreprise,\u00a0<strong>1001 Pat\u00e8res<\/strong>, n\u00b01 en France de la vente de pat\u00e8res et porte manteaux a ce qu&rsquo;il vous faut! D\u00e9couvrez sur ce site\u00a0l\u2019ensemble de la collection <a href=\"https:\/\/1001pateres.com\/brand\/ferm-living\"><strong>Ferm Living<\/strong><\/a>\u00a0d\u00e9di\u00e9 \u00e0 ce type de recherche. Vous d\u00e9couvrirez alors notamment cette <strong>pat\u00e8re murale ronde laiton et\u00a0marbre blanc.<\/strong> Il s\u2019agit du <strong>grand mod\u00e8le<\/strong> pouvant servir \u00e0 la fois de porte-manteau, porte-serviette, ou encore porte-chapeau. De haute qualit\u00e9, il est \u00e0 la fois polyvalent, solide, et tr\u00e8s chic. Voici donc\u00a0ci dessous l\u2019ensemble de ses informations techniques et d\u00e9coratives._x000D_n_x000D_nTout d\u2019abord, <strong>1001 Pat\u00e8res <\/strong>dispose d\u2019un<strong> large choix de porte manteaux \u00e0 tous les prix<\/strong>. Elle s\u2019engage \u00e0 vous d\u00e9nicher tous les styles, toutes les formes et couleurs et ce, aux\u00a0<strong>meilleurs rapports qualit\u00e9 prix du march\u00e9<\/strong>. In fine, l&rsquo;objectif est e vous permettre de vous amuser<strong> \u00e0 ranger et \u00e0 d\u00e9corer tout int\u00e9rieur<\/strong>: du plus chic au plus classique._x000D_n_x000D_nCi-contre, la marque concern\u00e9e est\u00a0<strong>Ferm Living,<\/strong>\u00a0une marque <strong>danoise<\/strong>. Gr\u00e2ce \u00e0 elle, profitez de nombreuses r\u00e9f\u00e9rences offrant un <strong>style luxueux, chic et tr\u00e8s contemporain<\/strong>. Vraiment moderne et tendance, les <strong>mat\u00e9riaux<\/strong> sont <strong>nobles<\/strong> et de<strong> haute qualit\u00e9<\/strong>. Retrouvez par exemple l\u2019usage de <strong>pierres semi pr\u00e9cieuses<\/strong>, de <strong>verre souffl\u00e9<\/strong>, de <strong>granit<\/strong> mais encore comme ici, de <strong>marbre<\/strong>._x000D_n_x000D_nD&rsquo;ailleurs, en version grand mod\u00e8le, retrouvez \u00e9galement dans le m\u00eame style, les pat\u00e8res\u00a0<a href=\"https:\/\/1001pateres.com\/produit\/patere-agate-verte-grand-modele-ferm-living\/\">laiton et agate verte<\/a>, laiton et <a href=\"https:\/\/1001pateres.com\/produit\/patere-lapis-lazuli-grand-modele-ferm-living\/\">lapis lazuli<\/a>, <a href=\"https:\/\/1001pateres.com\/produit\/patere-en-laiton-et-marbre-brun-grand-modele-ferm-living\/\">marbre brun <\/a>et <a href=\"https:\/\/1001pateres.com\/produit\/patere-en-laiton-et-marbre-noir-grand-modele-ferm-living\/\">marbre noir<\/a>._x000D_n_x000D_n&nbsp;_x000D_n<\/p>\n<h3>Pat\u00e8re murale ronde laiton et marbre blanc FERM LIVING grand mod\u00e8le<\/h3>\n<p>_x000D_nAinsi, ci-contre, la pat\u00e8re ronde est avec une <strong>tige en laiton lumineuse<\/strong>. Son bouton est compos\u00e9 d\u2019un pourtour toujours en laiton, mais d\u2019un <strong>int\u00e9rieur en marbre blanc plus ou moins vein\u00e9<\/strong>._x000D_n_x000D_nNos clients la retiennent pour sa <strong>forme originale\u00a0et \u00e9pur\u00e9e<\/strong>, son\u00a0<strong>toucher doux et pratique<\/strong>. Elle ne marque pas les v\u00eatements et les respectent._x000D_n_x000D_nAussi, elle comporte une base avec une tige viss\u00e9e de l\u2019int\u00e9rieur\u00a0et un syst\u00e8me d\u2019accrochage avec sa vis et sa cheville qui n\u00e9cessite votre perceuse._x000D_n_x000D_n<strong>Dimensions<\/strong> :_x000D_n<\/p>\n<ul>_x000D_n \t<\/p>\n<li>La tige en laiton longueur 2 cm X 1,9 cm de diam\u00e8tre de base<\/li>\n<p>_x000D_n \t<\/p>\n<li>L\u2019embout marbre blanc &amp; laiton: diam\u00e8tre 4 cm<\/li>\n<p>_x000D_n<\/ul>\n","protected":false},"excerpt":{"rendered":"<p>Porte-manteau grand mod\u00e8le en laiton et <strong>marbre blanc<\/strong> de la marque <em><strong>FERM LIVING<\/strong><\/em>. Jolie pat\u00e8re design en pierre et laiton\u00a0pour un usage de porte-manteau, porte-serviette ou porte-chapeau.\u00a0Elle est originale et \u00e9pur\u00e9e avec une forme douce et pratique. Une fois pos\u00e9e au mur \u00e0 l&rsquo;aide d&rsquo;une perceuse, elle permet de r\u00e9sister \u00e0 un poids de 5 kg environ.<\/p>\n","protected":false},"featured_media":1627,"comment_status":"closed","ping_status":"open","template":"","meta":[],"product_cat":[32,17,23],"product_tag":[26],"class_list":["post-336","product","type-product","status-publish","has-post-thumbnail","hentry","product_cat-entree-sejour","product_cat-salle-de-bain","product_cat-toilette-wc","product_tag-crochet-patere-patere-design-patere-murale-patere-porte-pateres-porte-serviette-porte-torchon","description-off"],"_links":{"self":[{"href":"https:\/\/roulettes.vaniseo.top\/index.php\/wp-json\/wp\/v2\/product\/336","targetHints":{"allow":["GET"]}}],"collection":[{"href":"https:\/\/roulettes.vaniseo.top\/index.php\/wp-json\/wp\/v2\/product"}],"about":[{"href":"https:\/\/roulettes.vaniseo.top\/index.php\/wp-json\/wp\/v2\/types\/product"}],"replies":[{"embeddable":true,"href":"https:\/\/roulettes.vaniseo.top\/index.php\/wp-json\/wp\/v2\/comments?post=336"}],"version-history":[{"count":0,"href":"https:\/\/roulettes.vaniseo.top\/index.php\/wp-json\/wp\/v2\/product\/336\/revisions"}],"wp:featuredmedia":[{"embeddable":true,"href":"https:\/\/roulettes.vaniseo.top\/index.php\/wp-json\/wp\/v2\/media\/1627"}],"wp:attachment":[{"href":"https:\/\/roulettes.vaniseo.top\/index.php\/wp-json\/wp\/v2\/media?parent=336"}],"wp:term":[{"taxonomy":"product_cat","embeddable":true,"href":"https:\/\/roulettes.vaniseo.top\/index.php\/wp-json\/wp\/v2\/product_cat?post=336"},{"taxonomy":"product_tag","embeddable":true,"href":"https:\/\/roulettes.vaniseo.top\/index.php\/wp-json\/wp\/v2\/product_tag?post=336"}],"curies":[{"name":"wp","href":"https:\/\/api.w.org\/{rel}","templated":true}]}}