{"id":337,"date":"2022-04-04T16:21:18","date_gmt":"2022-04-04T14:21:18","guid":{"rendered":"https:\/\/roulettes.vaniseo.top\/index.php\/produit\/patere-murale-ronde-laiton-et-lapis-lazuli-ferm-living-grand-modele\/"},"modified":"2022-04-04T17:19:26","modified_gmt":"2022-04-04T15:19:26","slug":"patere-murale-ronde-laiton-et-lapis-lazuli-ferm-living-grand-modele","status":"publish","type":"product","link":"https:\/\/roulettes.vaniseo.top\/index.php\/produit\/patere-murale-ronde-laiton-et-lapis-lazuli-ferm-living-grand-modele\/","title":{"rendered":"Pat\u00e8re murale ronde laiton et lapis lazuli FERM LIVING grand mod\u00e8le"},"content":{"rendered":"<h3>Pat\u00e8re avec tige laiton et bouton lapis lazuli<\/h3>\n<p>_x000D_nEnvie d&rsquo;une touche de <strong>chic<\/strong> dans votre <strong>maison<\/strong> ou votre <strong>bureau<\/strong> pour suspendre vos affaires? <strong>1001 Pat\u00e8res<\/strong> vous propose l&rsquo;ensemble de la collection <a href=\"https:\/\/1001pateres.com\/brand\/ferm-living\"><strong>Ferm Living<\/strong><\/a>, et notamment cette <strong>pat\u00e8re murale ronde laiton et lapis lazuli.<\/strong> Il s&rsquo;agit du <strong>grand mod\u00e8le<\/strong> offrant un usage de porte-manteau, porte-serviette, ou encore porte-chapeau._x000D_n_x000D_nD\u00e9couvrez ci dessous l&rsquo;ensemble de ses informations techniques et nos meilleures astuces d\u00e9coratives._x000D_n_x000D_nPour ce faire, commen\u00e7ons tout d&rsquo;abord par vous pr\u00e9sente rapidement Ferm Living. 1<strong>001 Pat\u00e8res \u00e9tant le n\u00b01 en France<\/strong> de la vente en ligne de pat\u00e8res et porte manteaux, elle dispose pour vous d&rsquo;un<strong> large choix \u00e0 tous les prix<\/strong>. Elle s&rsquo;engage \u00e0 vous d\u00e9nicher les <strong>meilleurs rapports qualit\u00e9 prix du march\u00e9<\/strong>, pour ainsi vous amuser<strong> \u00e0 ranger et \u00e0 d\u00e9corer tout int\u00e9rieur<\/strong>._x000D_n_x000D_nIci, <strong>Ferm Living<\/strong> est une marque <strong>danoise<\/strong>. Nous avons s\u00e9lectionn\u00e9 chez elle, de nombreuses r\u00e9f\u00e9rences offrant un <strong>style luxueux, chic et tr\u00e8s contemporain<\/strong>. Dans l&rsquo;\u00e8re du temps, les <strong>mat\u00e9riaux<\/strong> sont <strong>nobles<\/strong> et de<strong> haute qualit\u00e9<\/strong>. Retrouvez par exemple l&rsquo;usage de <strong>pierres semi pr\u00e9cieuses<\/strong> comme ici le lapis lazuli, mais aussi le <strong>verre souffl\u00e9<\/strong>, le <strong>granit<\/strong> ou encore le <strong>marbre<\/strong>._x000D_n_x000D_n&nbsp;_x000D_n<\/p>\n<h3>Pat\u00e8re murale ronde laiton et lapis lazuli FERM LIVING grand mod\u00e8le<\/h3>\n<p>_x000D_nAinsi, ci-contre, la pat\u00e8re ronde est avec une <strong>tige en laiton lumineuse<\/strong>. Son bouton est compos\u00e9 d&rsquo;un pourtour toujours en laiton, mais d&rsquo;un <strong>int\u00e9rieur en lapis lazuli plus ou moins vein\u00e9<\/strong>._x000D_n_x000D_nVous succomberez \u00e0 sa <strong>forme originale\u00a0et \u00e9pur\u00e9e<\/strong>, son un <strong>toucher doux et pratique<\/strong>._x000D_n_x000D_nAussi, elle comporte une base avec une tige viss\u00e9e de l&rsquo;int\u00e9rieur\u00a0et un syst\u00e8me d&rsquo;accrochage avec sa vis et sa cheville, non visibles une fois mont\u00e9s.\u00a0Cette pat\u00e8re murale ronde est facile \u00e0 poser mais n\u00e9cessite une perceuse pour positionner la cheville._x000D_n_x000D_n<strong>Dimensions<\/strong> :_x000D_n<\/p>\n<ul>_x000D_n \t<\/p>\n<li>La tige longueur 2 cm X 1,9 cm de diam\u00e8tre de base<\/li>\n<p>_x000D_n \t<\/p>\n<li>L&#8217;embout lapis lazuli diam\u00e8tre 4 cm avec le laiton<\/li>\n<p>_x000D_n<\/ul>\n<p>_x000D_nEn version grand mod\u00e8le, retrouvez \u00e9galement dans le m\u00eame esprit, des pat\u00e8res\u00a0<a href=\"https:\/\/1001pateres.com\/produit\/patere-agate-verte-grand-modele-ferm-living\/\">laiton et agate verte<\/a>, laiton et <a href=\"https:\/\/1001pateres.com\/produit\/patere-marbre-blanc-grand-modele-ferm-living\/\">marbre blanc<\/a>, <a href=\"https:\/\/1001pateres.com\/produit\/patere-en-laiton-et-marbre-brun-grand-modele-ferm-living\/\">marbre brun <\/a>et <a href=\"https:\/\/1001pateres.com\/produit\/patere-en-laiton-et-marbre-noir-grand-modele-ferm-living\/\">marbre noir<\/a>.<\/p>\n","protected":false},"excerpt":{"rendered":"<p>Porte-manteau grand mod\u00e8le en laiton et <strong>lapis lazuli<\/strong> de la marque <em><strong>FERM LIVING<\/strong><\/em>. Jolie pat\u00e8re design en pierre et laiton\u00a0pour un usage de porte-manteau, porte-serviette ou porte-chapeau.\u00a0Elle est originale et \u00e9pur\u00e9e avec une forme douce et pratique. Une fois pos\u00e9e au mur \u00e0 l&rsquo;aide d&rsquo;une perceuse, elle permet de r\u00e9sister \u00e0 un poids de 5 kg environ.<\/p>\n","protected":false},"featured_media":1629,"comment_status":"closed","ping_status":"open","template":"","meta":[],"product_cat":[32,17,23],"product_tag":[26],"class_list":["post-337","product","type-product","status-publish","has-post-thumbnail","hentry","product_cat-entree-sejour","product_cat-salle-de-bain","product_cat-toilette-wc","product_tag-crochet-patere-patere-design-patere-murale-patere-porte-pateres-porte-serviette-porte-torchon","description-off"],"_links":{"self":[{"href":"https:\/\/roulettes.vaniseo.top\/index.php\/wp-json\/wp\/v2\/product\/337","targetHints":{"allow":["GET"]}}],"collection":[{"href":"https:\/\/roulettes.vaniseo.top\/index.php\/wp-json\/wp\/v2\/product"}],"about":[{"href":"https:\/\/roulettes.vaniseo.top\/index.php\/wp-json\/wp\/v2\/types\/product"}],"replies":[{"embeddable":true,"href":"https:\/\/roulettes.vaniseo.top\/index.php\/wp-json\/wp\/v2\/comments?post=337"}],"version-history":[{"count":0,"href":"https:\/\/roulettes.vaniseo.top\/index.php\/wp-json\/wp\/v2\/product\/337\/revisions"}],"wp:featuredmedia":[{"embeddable":true,"href":"https:\/\/roulettes.vaniseo.top\/index.php\/wp-json\/wp\/v2\/media\/1629"}],"wp:attachment":[{"href":"https:\/\/roulettes.vaniseo.top\/index.php\/wp-json\/wp\/v2\/media?parent=337"}],"wp:term":[{"taxonomy":"product_cat","embeddable":true,"href":"https:\/\/roulettes.vaniseo.top\/index.php\/wp-json\/wp\/v2\/product_cat?post=337"},{"taxonomy":"product_tag","embeddable":true,"href":"https:\/\/roulettes.vaniseo.top\/index.php\/wp-json\/wp\/v2\/product_tag?post=337"}],"curies":[{"name":"wp","href":"https:\/\/api.w.org\/{rel}","templated":true}]}}