{"id":338,"date":"2022-04-04T16:21:18","date_gmt":"2022-04-04T14:21:18","guid":{"rendered":"https:\/\/roulettes.vaniseo.top\/index.php\/produit\/patere-en-laiton-et-agate-verte-grand-modele-ferm-living\/"},"modified":"2022-04-04T17:19:26","modified_gmt":"2022-04-04T15:19:26","slug":"patere-en-laiton-et-agate-verte-grand-modele-ferm-living","status":"publish","type":"product","link":"https:\/\/roulettes.vaniseo.top\/index.php\/produit\/patere-en-laiton-et-agate-verte-grand-modele-ferm-living\/","title":{"rendered":"Pat\u00e8re en laiton et agate verte grand mod\u00e8le FERM LIVING"},"content":{"rendered":"<h3>Porte manteau laiton et agate verte : grand mod\u00e8le<\/h3>\n<p>_x000D_n<strong>1001 Pat\u00e8res<\/strong> vous pr\u00e9sente ici toutes les <strong>informations produit<\/strong> et ses meilleurs <strong>conseils d\u2019installation<\/strong> du <strong>grand mod\u00e8le<\/strong> de <strong>pat\u00e8re en laiton et agate verte<\/strong> de chez <a href=\"https:\/\/fermliving.com\/\" target=\"_blank\" rel=\"noopener\"><strong>Ferm Living<\/strong><\/a>. Vous succomberez \u00e0 sa polyvalence prenant \u00e0 la fois la fonction de porte-manteau, porte-serviette, porte-chapeau etc._x000D_n_x000D_nMais, d\u00e9couvrez tout d\u2019abord <a href=\"https:\/\/1001pateres.com\/brand\/ferm-living\/\">Ferm Living<\/a>. Cette marque danoise propose un style <strong>minimaliste et moderne<\/strong>, tr\u00e8s<strong>\u00a0scandinave<\/strong>. Par d\u00e9finition, cela se traduit par des <strong>formes de pat\u00e8res contemporaines<\/strong>\u00a0coupl\u00e9es \u00e0 des <strong>associations de mat\u00e9riaux nobles<\/strong> comme le marbre, le granit, le verre souffl\u00e9, ou encore des pierres semi-pr\u00e9cieuses._x000D_n_x000D_nD&rsquo;ailleurs, ci-contre, Ferm Living a imagin\u00e9 un grand bouton<strong>\u00a0\u00e9pur\u00e9 au<\/strong>\u00a0<strong>toucher doux<\/strong> tr\u00e8s agr\u00e9able. C\u00f4t\u00e9 mati\u00e8re, le <strong>laiton<\/strong> choisi est de tr\u00e8s belle qualit\u00e9. L&rsquo;agate verte, \u00e9tant une pierre naturelle, peut \u00eatre plus\u00a0ou moins vein\u00e9e, verte grise._x000D_n_x000D_nCette collection propose aussi sa version\u00a0<a href=\"https:\/\/1001pateres.com\/produit\/patere-agate-petit-modele-ferm-living\/\">petit mod\u00e8le<\/a>. L\u2019association des deux c\u00f4te-\u00e0-c\u00f4te offre ind\u00e9niablement un <strong>style tr\u00e8s \u00e9l\u00e9gant<\/strong> de d\u00e9coration d\u2019int\u00e9rieur\u00a0<strong>moderne<\/strong>._x000D_n_x000D_n&nbsp;_x000D_n<\/p>\n<h3>Installer sa pat\u00e8re en laiton et agate verte Ferm Living<\/h3>\n<p>_x000D_nDe plus, le syst\u00e8me de fixation du porte manteau laiton et agate verte inclut une vis et sa cheville. Retrouvez d&rsquo;ailleurs \u00e0 sa base, une tige viss\u00e9e de l\u2019int\u00e9rieur. Vous noterez que la vis est bien s\u00fbr invisible une fois mont\u00e9e._x000D_n_x000D_nBien s\u00fbr, 1001 Pat\u00e8res vous recommande ce porte manteau moderne indiff\u00e9remment pour\u00a0<strong>toutes les pi\u00e8ces de votre maison et bureau.\u00a0<\/strong>_x000D_n_x000D_nEn revanche, choisissez une pi\u00e8ce qui ne comporte pas trop de coloris diff\u00e9rents, pour valoriser sa bicoloration. L&rsquo;id\u00e9al est donc de l&rsquo;installer sur\u00a0un<strong> mur fonc\u00e9<\/strong>: la luminosit\u00e9 du laiton sera alors valoris\u00e9e!_x000D_n_x000D_nCe mod\u00e8le est facile \u00e0 poser mais n\u00e9cessite une perceuse pour positionner la cheville. Enfin, voici ses <strong>dimensions<\/strong>:_x000D_n<\/p>\n<ul>_x000D_n \t<\/p>\n<li>Longueur de la tige: 2 cm<\/li>\n<p>_x000D_n \t<\/p>\n<li>Diam\u00e8tre de sa base: 1,9 cm<\/li>\n<p>_x000D_n \t<\/p>\n<li>Diam\u00e8tre embout agate verte + laiton: 4 cm<\/li>\n<p>_x000D_n<\/ul>\n","protected":false},"excerpt":{"rendered":"<p>Porte-manteau grand mod\u00e8le en laiton et <strong>agate verte<\/strong> de la marque <em><strong>FERM LIVING<\/strong><\/em>. Jolie pat\u00e8re design en pierre et laiton\u00a0pour un usage de porte-manteau, porte-serviette ou porte-chapeau.\u00a0Elle est originale et \u00e9pur\u00e9e avec une forme douce et pratique. Une fois pos\u00e9e au mur \u00e0 l&rsquo;aide d&rsquo;une perceuse, elle permet de r\u00e9sister \u00e0 un poids de 5 kg environ.<\/p>\n","protected":false},"featured_media":1631,"comment_status":"closed","ping_status":"open","template":"","meta":[],"product_cat":[32,17,23],"product_tag":[26],"class_list":["post-338","product","type-product","status-publish","has-post-thumbnail","hentry","product_cat-entree-sejour","product_cat-salle-de-bain","product_cat-toilette-wc","product_tag-crochet-patere-patere-design-patere-murale-patere-porte-pateres-porte-serviette-porte-torchon","description-off"],"_links":{"self":[{"href":"https:\/\/roulettes.vaniseo.top\/index.php\/wp-json\/wp\/v2\/product\/338","targetHints":{"allow":["GET"]}}],"collection":[{"href":"https:\/\/roulettes.vaniseo.top\/index.php\/wp-json\/wp\/v2\/product"}],"about":[{"href":"https:\/\/roulettes.vaniseo.top\/index.php\/wp-json\/wp\/v2\/types\/product"}],"replies":[{"embeddable":true,"href":"https:\/\/roulettes.vaniseo.top\/index.php\/wp-json\/wp\/v2\/comments?post=338"}],"version-history":[{"count":0,"href":"https:\/\/roulettes.vaniseo.top\/index.php\/wp-json\/wp\/v2\/product\/338\/revisions"}],"wp:featuredmedia":[{"embeddable":true,"href":"https:\/\/roulettes.vaniseo.top\/index.php\/wp-json\/wp\/v2\/media\/1631"}],"wp:attachment":[{"href":"https:\/\/roulettes.vaniseo.top\/index.php\/wp-json\/wp\/v2\/media?parent=338"}],"wp:term":[{"taxonomy":"product_cat","embeddable":true,"href":"https:\/\/roulettes.vaniseo.top\/index.php\/wp-json\/wp\/v2\/product_cat?post=338"},{"taxonomy":"product_tag","embeddable":true,"href":"https:\/\/roulettes.vaniseo.top\/index.php\/wp-json\/wp\/v2\/product_tag?post=338"}],"curies":[{"name":"wp","href":"https:\/\/api.w.org\/{rel}","templated":true}]}}