{"id":340,"date":"2022-04-04T16:21:18","date_gmt":"2022-04-04T14:21:18","guid":{"rendered":"https:\/\/roulettes.vaniseo.top\/index.php\/produit\/patere-ronde-metal-noir-et-laiton-cercle-ferm-living-grande\/"},"modified":"2022-04-04T17:19:27","modified_gmt":"2022-04-04T15:19:27","slug":"patere-ronde-metal-noir-et-laiton-cercle-ferm-living-grande","status":"publish","type":"product","link":"https:\/\/roulettes.vaniseo.top\/index.php\/produit\/patere-ronde-metal-noir-et-laiton-cercle-ferm-living-grande\/","title":{"rendered":"Pat\u00e8re ronde m\u00e9tal noir et laiton cercl\u00e9 FERM LIVING grande"},"content":{"rendered":"<h3>Porte manteau design cercle plat m\u00e9tal noir FERM LIVING<\/h3>\n<p>_x000D_n<strong>1001 Pat\u00e8res<\/strong> pr\u00e9sente ici la <strong>grande pat\u00e8re ronde m\u00e9tal noir et laiton cercl\u00e9<\/strong> de la marque <a href=\"https:\/\/fermliving.com\/\" target=\"_blank\" rel=\"noopener\"><strong>FERM LIVING<\/strong><\/a>. Dans le m\u00eame esprit, d\u00e9couvrez sur notre site son <a href=\"https:\/\/1001pateres.com\/produit\/patere-cercle-noir-metal-ferm-living\/\">petit mod\u00e8le<\/a> \u00e9quivalent. L&rsquo;ensemble est parfait pour un usage de porte-manteau, porte-serviette, porte-chapeau. Leur <strong>forme\u00a0est fine, plate et \u00e9pur\u00e9e<\/strong>. Vous aimerez son <strong>toucher doux et agr\u00e9able \u00e0 utiliser<\/strong>._x000D_n_x000D_nC&rsquo;est d&rsquo;ailleurs le cas du reste de marque <a href=\"https:\/\/1001pateres.com\/brand\/ferm-living\/\">Ferm Living<\/a>. Dans ce m\u00eame <strong>esprit chic et \u00e9l\u00e9gant<\/strong>, la marque danoise propose une <strong>design scandinave minimaliste<\/strong> utilisant ligne fine et <strong>mat\u00e9riaux de haute qualit\u00e9<\/strong>. Ainsi, retrouvez l&rsquo;utilisation de marbre, de granit, de verre souffl\u00e9 et de diff\u00e9rentes pierres pr\u00e9cieuses._x000D_n_x000D_nIci sp\u00e9cifiquement, il s&rsquo;agit d&rsquo;un <strong>cerclage en\u00a0laiton<\/strong> est de tr\u00e8s belle qualit\u00e9. Le <b>m\u00e9tal noir<\/b>\u00a0constituant tout le reste du porte\u00a0manteau\u00a0est mat et teint\u00e9 dans la masse._x000D_n_x000D_n&nbsp;_x000D_n<\/p>\n<h3>Comment installer au mieux la pat\u00e8re ronde m\u00e9tal noir de Ferm Living?<\/h3>\n<p>_x000D_n1001 Pat\u00e8res vous livre ensuite ses meilleures <strong>conseils d&rsquo;installation<\/strong>._x000D_n_x000D_nAinsi, ce porte manteau design comporte une base avec une tige viss\u00e9e de l&rsquo;int\u00e9rieur ainsi qu&rsquo;un syst\u00e8me d&rsquo;accrochage avec sa vis et sa cheville. La vis n&rsquo;est pas visible une fois mont\u00e9e. Ce mod\u00e8le est <strong>facile \u00e0 poser<\/strong>. Cependant il est n\u00e9cessaire d&rsquo;utiliser une perceuse pour positionner la cheville._x000D_n_x000D_nVoici ses <strong>dimensions<\/strong> :_x000D_n<\/p>\n<ul>_x000D_n \t<\/p>\n<li>La tige longueur 2,3 cm X 1,6 cm de diam\u00e8tre de base<\/li>\n<p>_x000D_n \t<\/p>\n<li>L&#8217;embout cercle noir diam\u00e8tre 6,9 cm avec le laiton<\/li>\n<p>_x000D_n<\/ul>\n<p>_x000D_nL&rsquo;<strong>association du grand mod\u00e8le et du petit<\/strong> seront une bonne astuce pour valoriser leur <strong>design<\/strong>. Optez pour un mur clair pour valoriser leur <strong>ligne minimaliste<\/strong>, un <strong>mur sombre<\/strong> pour mettre en relief leurs <strong>coloris noir et or<\/strong>._x000D_n_x000D_n&nbsp;_x000D_n_x000D_nContactez nous sans h\u00e9siter pour toute demande de devis sp\u00e9cifique pour une commande en quantit\u00e9. Bien s\u00fbr, le formulaire en page Contact est aussi l\u00e0 pour r\u00e9pondre \u00e0 toutes vos questions.<\/p>\n","protected":false},"excerpt":{"rendered":"<p>Porte-manteau <strong>cercle plat<\/strong> grand mod\u00e8le en m\u00e9tal noir cercl\u00e9 de laiton\u00a0de la marque <em><strong>FERM LIVING<\/strong><\/em>. Jolie pat\u00e8re design en m\u00e9tal noir et laiton\u00a0pour un usage de porte-manteau, porte-serviette ou porte-chapeau.\u00a0Elle est originale et \u00e9pur\u00e9e avec une forme douce et pratique. Une fois pos\u00e9e au mur \u00e0 l&rsquo;aide d&rsquo;une perceuse, elle permet de r\u00e9sister \u00e0 un poids de 5 kg environ.<\/p>\n","protected":false},"featured_media":1635,"comment_status":"closed","ping_status":"open","template":"","meta":[],"product_cat":[32,17,23],"product_tag":[26],"class_list":["post-340","product","type-product","status-publish","has-post-thumbnail","hentry","product_cat-entree-sejour","product_cat-salle-de-bain","product_cat-toilette-wc","product_tag-crochet-patere-patere-design-patere-murale-patere-porte-pateres-porte-serviette-porte-torchon","description-off"],"_links":{"self":[{"href":"https:\/\/roulettes.vaniseo.top\/index.php\/wp-json\/wp\/v2\/product\/340","targetHints":{"allow":["GET"]}}],"collection":[{"href":"https:\/\/roulettes.vaniseo.top\/index.php\/wp-json\/wp\/v2\/product"}],"about":[{"href":"https:\/\/roulettes.vaniseo.top\/index.php\/wp-json\/wp\/v2\/types\/product"}],"replies":[{"embeddable":true,"href":"https:\/\/roulettes.vaniseo.top\/index.php\/wp-json\/wp\/v2\/comments?post=340"}],"version-history":[{"count":0,"href":"https:\/\/roulettes.vaniseo.top\/index.php\/wp-json\/wp\/v2\/product\/340\/revisions"}],"wp:featuredmedia":[{"embeddable":true,"href":"https:\/\/roulettes.vaniseo.top\/index.php\/wp-json\/wp\/v2\/media\/1635"}],"wp:attachment":[{"href":"https:\/\/roulettes.vaniseo.top\/index.php\/wp-json\/wp\/v2\/media?parent=340"}],"wp:term":[{"taxonomy":"product_cat","embeddable":true,"href":"https:\/\/roulettes.vaniseo.top\/index.php\/wp-json\/wp\/v2\/product_cat?post=340"},{"taxonomy":"product_tag","embeddable":true,"href":"https:\/\/roulettes.vaniseo.top\/index.php\/wp-json\/wp\/v2\/product_tag?post=340"}],"curies":[{"name":"wp","href":"https:\/\/api.w.org\/{rel}","templated":true}]}}