{"id":341,"date":"2022-04-04T16:21:18","date_gmt":"2022-04-04T14:21:18","guid":{"rendered":"https:\/\/roulettes.vaniseo.top\/index.php\/produit\/patere-ferme-capventure-tete-de-coq\/"},"modified":"2022-04-04T17:19:28","modified_gmt":"2022-04-04T15:19:28","slug":"patere-ferme-capventure-tete-de-coq","status":"publish","type":"product","link":"https:\/\/roulettes.vaniseo.top\/index.php\/produit\/patere-ferme-capventure-tete-de-coq\/","title":{"rendered":"Pat\u00e8re Ferme CapVenture : t\u00eate de coq"},"content":{"rendered":"<h3>Pat\u00e8re animal de la Ferme: t\u00eate de coq en r\u00e9sine CapVenture<\/h3>\n<p>_x000D_n<strong>1001 Pat\u00e8res<\/strong> propose aussi dans la collection\u00a0<strong>pat\u00e8re Ferme<\/strong> de la marque <a href=\"https:\/\/1001pateres.com\/brand\/capventure\/\">CapVenture<\/a>, une <strong>t\u00eate de coq peinte \u00e0 la main<\/strong>. D\u00e9couvrez toutes les informations d\u00e9coratives et techniques la concernant ci dessous._x000D_n_x000D_nTout d\u2019abord, petite pr\u00e9sentation de la marque <strong>CapVenture<\/strong>. Cette marque est originaire des <strong>Pays-Bas<\/strong>. 1001 Pat\u00e8res l&rsquo;a s\u00e9lectionn\u00e9 pour ses\u00a0<strong>nombreuses collections de pat\u00e8res animales<\/strong>:\u00a0<strong>Ferme<\/strong>, mais aussi <strong>Zoo<\/strong> ou encore <strong>Animaux Sauvages<\/strong>. Gr\u00e2ce \u00e0 elles, vous pouvez cr\u00e9er des <strong>univers d\u00e9coratifs<\/strong> originaux pour n&rsquo;importe quelle pi\u00e8ce de la maison ou du bureau. Dans l&rsquo;entr\u00e9e comme dans une chambre, c&rsquo;est ok puisque les pat\u00e8res supportent une charge sup\u00e9rieure \u00e0 5 kg. Il y a du choix sans aucune\u00a0<strong>pour toute la famille<\/strong>!_x000D_n_x000D_n&nbsp;_x000D_n<\/p>\n<h3>Porte manteau design mural collection Ferme CapVenture<\/h3>\n<p>_x000D_nD&rsquo;ailleurs, de nombreux clients 1001 Pat\u00e8res choisissent plusieurs pat\u00e8res CapVenture pour<strong>\u00a0d\u00e9corer et ranger<\/strong> en s\u2019offrant de l\u2019<strong>humour<\/strong> et de l\u2019<strong>originalit\u00e9<\/strong>. Ils personnalisent le choix de la t\u00eate \u00e0 chaque membre de la famille. Qui est le coq? Qui est le mouton? Qui est l&rsquo;\u00e2ne? Qui est le cochon? Il y a vraiment de quoi s&rsquo;amuser!_x000D_n_x000D_nPar ailleurs, tout porte manteau design mural de la collection Ferme, vous profiterez de t\u00eate d\u2019animaux en <strong>r\u00e9sine robuste<\/strong>. Certaines comme cette t\u00eate de coq sont <strong>peintes \u00e0 la main<\/strong>. Elles sont donc uniques et de tr\u00e8s belle qualit\u00e9._x000D_n_x000D_nConcr\u00e8tement cette collection Ferme propose donc cette\u00a0<strong>t\u00eate de coq<\/strong>, mais aussi des t\u00eates de <a href=\"https:\/\/1001pateres.com\/produit\/patere-design-animal-de-la-ferme-cochon\/\"><strong>cochon <\/strong><\/a>(\u00e9galement en<a href=\"https:\/\/1001pateres.com\/produit\/patere-design-animal-de-la-ferme-cochon-blanc\/\"><strong> laqu\u00e9 blanc<\/strong><\/a>), de <a href=\"https:\/\/1001pateres.com\/produit\/patere-design-animal-ferme-tete-de-vache\/\"><strong>vache<\/strong><\/a>, d\u2019<a href=\"https:\/\/1001pateres.com\/produit\/patere-design-animal-ferme-tete-ane-gris\/\"><strong>\u00e2ne<\/strong><\/a>, de <a href=\"https:\/\/1001pateres.com\/produit\/patere-design-animal-de-la-ferme-tete-de-petit-lapin-brun\/\"><strong>lapin<\/strong><\/a>, et de <a href=\"https:\/\/1001pateres.com\/produit\/patere-design-animal-ferme-tete-de-mouton\/\"><strong>mouton<\/strong><\/a>._x000D_n_x000D_n&nbsp;_x000D_n<\/p>\n<h3>Installation pat\u00e8re animal de la Ferme CapVenture<\/h3>\n<p>_x000D_nEnfin, pour l\u2019installer, rien de plus simple. Munissez vous de votre perceuse, nous fournissons cheville et vis n\u00e9cessaire. Vous constaterez ensuite que les finitions sont parfaites puisque le <strong>syst\u00e8me d\u2019accroche est invisible<\/strong> une fois fix\u00e9._x000D_n_x000D_n<strong>Dimensions<\/strong> :_x000D_n<\/p>\n<ul>_x000D_n \t<\/p>\n<li>La t\u00eate de coq : 6 cm X 5,5 cm<\/li>\n<p>_x000D_n<\/ul>\n<p>_x000D_n<\/p>\n<ul>_x000D_n \t<\/p>\n<li>\u00c9cartement du mur : 5,5 cm<\/li>\n<p>_x000D_n<\/ul>\n","protected":false},"excerpt":{"rendered":"<p>Belle pat\u00e8re design animal de la\u00a0<strong>FERME<\/strong>\u00a0en forme de t\u00eate de coq de la marque <em><strong>CAPVENTURE<\/strong><\/em>.\u00a0Cette t\u00eate d&rsquo;animal de la ferme est en r\u00e9sine.\u00a0Elle est \u00e0 poser dans la chambre ou dans l&rsquo;entr\u00e9e pour ne plus voir trainer ses affaires.<\/p>\n","protected":false},"featured_media":1637,"comment_status":"closed","ping_status":"open","template":"","meta":[],"product_cat":[16,32],"product_tag":[27],"class_list":["post-341","product","type-product","status-publish","has-post-thumbnail","hentry","product_cat-chambre-enfant","product_cat-entree-sejour","product_tag-crochet-patere-patere-design-patere-murale-patere-porte-pateres-porte-serviette-porte-torchon-vestiaire","description-off"],"_links":{"self":[{"href":"https:\/\/roulettes.vaniseo.top\/index.php\/wp-json\/wp\/v2\/product\/341","targetHints":{"allow":["GET"]}}],"collection":[{"href":"https:\/\/roulettes.vaniseo.top\/index.php\/wp-json\/wp\/v2\/product"}],"about":[{"href":"https:\/\/roulettes.vaniseo.top\/index.php\/wp-json\/wp\/v2\/types\/product"}],"replies":[{"embeddable":true,"href":"https:\/\/roulettes.vaniseo.top\/index.php\/wp-json\/wp\/v2\/comments?post=341"}],"version-history":[{"count":0,"href":"https:\/\/roulettes.vaniseo.top\/index.php\/wp-json\/wp\/v2\/product\/341\/revisions"}],"wp:featuredmedia":[{"embeddable":true,"href":"https:\/\/roulettes.vaniseo.top\/index.php\/wp-json\/wp\/v2\/media\/1637"}],"wp:attachment":[{"href":"https:\/\/roulettes.vaniseo.top\/index.php\/wp-json\/wp\/v2\/media?parent=341"}],"wp:term":[{"taxonomy":"product_cat","embeddable":true,"href":"https:\/\/roulettes.vaniseo.top\/index.php\/wp-json\/wp\/v2\/product_cat?post=341"},{"taxonomy":"product_tag","embeddable":true,"href":"https:\/\/roulettes.vaniseo.top\/index.php\/wp-json\/wp\/v2\/product_tag?post=341"}],"curies":[{"name":"wp","href":"https:\/\/api.w.org\/{rel}","templated":true}]}}