{"id":342,"date":"2022-04-04T16:21:18","date_gmt":"2022-04-04T14:21:18","guid":{"rendered":"https:\/\/roulettes.vaniseo.top\/index.php\/produit\/patere-animal-sauvage-capventure-tete-de-raton-laveur\/"},"modified":"2022-04-04T17:19:28","modified_gmt":"2022-04-04T15:19:28","slug":"patere-animal-sauvage-capventure-tete-de-raton-laveur","status":"publish","type":"product","link":"https:\/\/roulettes.vaniseo.top\/index.php\/produit\/patere-animal-sauvage-capventure-tete-de-raton-laveur\/","title":{"rendered":"Pat\u00e8re Animal Sauvage CapVenture : t\u00eate de raton laveur"},"content":{"rendered":"<h3>Pat\u00e8re t\u00eate de raton laveur en r\u00e9sine peinte \u00e0 la main de CapVenture<\/h3>\n<p>_x000D_n<strong>1001 Pat\u00e8res<\/strong> vous pr\u00e9sente la <strong>t\u00eate de raton laveur<\/strong>! En effet, cette <strong>pat\u00e8re Animal Sauvage Capventure<\/strong> est aussi disponible parmi les collections \u00e0 la vente sur notre site. D\u00e9couvrez toutes ses informations techniques et d\u00e9coratives ci dessous._x000D_n_x000D_nTout d&rsquo;abord, petit rappel sur <strong>CapVenture<\/strong>! Cette marque est originaire des Pays-Bas et propose essentiellement des <strong>pat\u00e8res en forme de t\u00eates animales<\/strong>. Retrouvez notamment les <strong>collections Animal Sauvage<\/strong>, comme ici, mais aussi <strong>ZOO<\/strong> et <strong>Ferme<\/strong>._x000D_n_x000D_nChaque t\u00eate est en <strong>r\u00e9sine robuste<\/strong>. Cela permet un support de <strong>charge sup\u00e9rieur \u00e0 5kg<\/strong>. De ce fait, vous pourrez tout autant les utiliser dans une chambre ou une entr\u00e9e. Vous n&rsquo;aurez aucun mal \u00e0 les installer o\u00f9 vous le voulez. Pour cela, une vis et sa cheville sont incluses. Il ne vous reste donc qu&rsquo;\u00e0 vous munir de votre perceuse et le tour est jou\u00e9! Vous remarquerez ensuite que le <strong>syst\u00e8me de fixation est invisible<\/strong> une fois fix\u00e9: un d\u00e9tail de finition de plus qui parfait l&rsquo;objet!_x000D_n_x000D_n<strong>Dimensions<\/strong> :_x000D_n<\/p>\n<ul>_x000D_n \t<\/p>\n<li>T\u00eate du raton laveur : 4,5 cm X 5,5 cm<\/li>\n<p>_x000D_n \t<\/p>\n<li>\u00c9cartement du mur : 5,5 cm<\/li>\n<p>_x000D_n<\/ul>\n<p>_x000D_n&nbsp;_x000D_n<\/p>\n<h3>Collection Animal Sauvage CapVenture<\/h3>\n<p>_x000D_nDe plus, le plaisir de nos clients est de <strong>d\u00e9multiplier le nombre de t\u00eates<\/strong> sur un m\u00eame <strong>pan de mur<\/strong>, de pr\u00e9f\u00e9rence <strong>blanc<\/strong>. Ils choisissent souvent les t\u00eates <strong>selon les caract\u00e8res de chaque membre<\/strong> de la famille pour <strong>caricaturer<\/strong> chacun et s&rsquo;offrir au passage un <strong>brin d&rsquo;humour<\/strong>._x000D_n_x000D_nL&rsquo;usage de ces pat\u00e8res est donc \u00e0 la fois <strong>pratique, ludique et original<\/strong>!_x000D_n_x000D_nDans la collection <strong>Animal Sauvage<\/strong>, 1001 Pat\u00e8res a s\u00e9lectionn\u00e9 chez <a href=\"https:\/\/1001pateres.com\/brand\/capventure\/\">CapVenture<\/a> les mod\u00e8les <strong>raton laveur<\/strong>, voir ci-contre, et <strong><a href=\"https:\/\/1001pateres.com\/produit\/patere-design-animal-sauvage-ecureuil\/\">\u00e9cureuil<\/a><\/strong>.\u00a0Aussi, le d\u00e9cor est <strong>original<\/strong>, <strong>peint \u00e0 la main<\/strong> et de style <strong>moderne<\/strong>. De plus, il est donc <strong>unique<\/strong> et de <strong>tr\u00e8s belle qualit\u00e9<\/strong>.<\/p>\n","protected":false},"excerpt":{"rendered":"<p>Belle pat\u00e8re design animal <strong>SAUVAGE\u00a0<\/strong>en forme de t\u00eate de raton laveur de la marque <em><strong>CAPVENTURE<\/strong><\/em>.\u00a0Cette t\u00eate d&rsquo;animal sauvage est en r\u00e9sine.\u00a0Elle est \u00e0 poser dans la chambre ou dans l&rsquo;entr\u00e9e pour ne plus voir trainer ses affaires.<\/p>\n","protected":false},"featured_media":761,"comment_status":"closed","ping_status":"open","template":"","meta":[],"product_cat":[16,32],"product_tag":[27],"class_list":["post-342","product","type-product","status-publish","has-post-thumbnail","hentry","product_cat-chambre-enfant","product_cat-entree-sejour","product_tag-crochet-patere-patere-design-patere-murale-patere-porte-pateres-porte-serviette-porte-torchon-vestiaire","description-off"],"_links":{"self":[{"href":"https:\/\/roulettes.vaniseo.top\/index.php\/wp-json\/wp\/v2\/product\/342","targetHints":{"allow":["GET"]}}],"collection":[{"href":"https:\/\/roulettes.vaniseo.top\/index.php\/wp-json\/wp\/v2\/product"}],"about":[{"href":"https:\/\/roulettes.vaniseo.top\/index.php\/wp-json\/wp\/v2\/types\/product"}],"replies":[{"embeddable":true,"href":"https:\/\/roulettes.vaniseo.top\/index.php\/wp-json\/wp\/v2\/comments?post=342"}],"version-history":[{"count":0,"href":"https:\/\/roulettes.vaniseo.top\/index.php\/wp-json\/wp\/v2\/product\/342\/revisions"}],"wp:featuredmedia":[{"embeddable":true,"href":"https:\/\/roulettes.vaniseo.top\/index.php\/wp-json\/wp\/v2\/media\/761"}],"wp:attachment":[{"href":"https:\/\/roulettes.vaniseo.top\/index.php\/wp-json\/wp\/v2\/media?parent=342"}],"wp:term":[{"taxonomy":"product_cat","embeddable":true,"href":"https:\/\/roulettes.vaniseo.top\/index.php\/wp-json\/wp\/v2\/product_cat?post=342"},{"taxonomy":"product_tag","embeddable":true,"href":"https:\/\/roulettes.vaniseo.top\/index.php\/wp-json\/wp\/v2\/product_tag?post=342"}],"curies":[{"name":"wp","href":"https:\/\/api.w.org\/{rel}","templated":true}]}}