{"id":343,"date":"2022-04-04T16:21:18","date_gmt":"2022-04-04T14:21:18","guid":{"rendered":"https:\/\/roulettes.vaniseo.top\/index.php\/produit\/patere-animal-sauvage-capventure-tete-decureuil\/"},"modified":"2022-04-04T17:19:29","modified_gmt":"2022-04-04T15:19:29","slug":"patere-animal-sauvage-capventure-tete-decureuil","status":"publish","type":"product","link":"https:\/\/roulettes.vaniseo.top\/index.php\/produit\/patere-animal-sauvage-capventure-tete-decureuil\/","title":{"rendered":"Pat\u00e8re Animal Sauvage CapVenture : t\u00eate d&rsquo;\u00e9cureuil"},"content":{"rendered":"<h3>Pat\u00e8re ANIMAL SAUVAGE de CapVenture : t\u00eate d&rsquo;\u00e9cureuil peinte \u00e0 la main<\/h3>\n<p>_x000D_n<strong>1001 Pat\u00e8res<\/strong> vous propose de d\u00e9couvrir ci-contre une <strong>pat\u00e8re Animal Sauvage de <a href=\"https:\/\/1001pateres.com\/brand\/capventure\/\">Capventure<\/a><\/strong>. Dans cette collection, nous proposons notamment \u00e0 la vente cette <strong>t\u00eate d&rsquo;\u00e9cureuil peinte \u00e0 la main<\/strong>._x000D_n_x000D_nEn effet, 1001 Pat\u00e8res est le n\u00b01 en France de la pat\u00e8re. Il a donc s\u00e9lectionn\u00e9 CapVenture comme l&rsquo;une des marques les plus repr\u00e9sent\u00e9es. <strong>CapVenture<\/strong> est originaire des Pays- Bas et propose des pat\u00e8res t\u00eates d&rsquo;animaux. Les <strong>collections ZOO, Ferme, et Animal Sauvage<\/strong> permettent de <strong>cr\u00e9er des univers d\u00e9coratifs originaux<\/strong> et du <strong>rangement design<\/strong>._x000D_n_x000D_n&nbsp;_x000D_n<\/p>\n<h3>Installation facile de pat\u00e8res en r\u00e9sine Animal Sauvage<\/h3>\n<p>_x000D_nDe ce fait, c&rsquo;est un v\u00e9ritable succ\u00e8s sur ce site car les pat\u00e8res sont en <strong>r\u00e9sine ultra robuste<\/strong>. Elles permettent un support de<strong> charge sup\u00e9rieur \u00e0 5 kg<\/strong>. Ainsi, il est possible de les installer aussi bien dans une <strong>entr\u00e9e<\/strong> que dans une <strong>chambre<\/strong>._x000D_n_x000D_nC\u00f4t\u00e9 <strong>installation<\/strong>, chaque pat\u00e8re Animal Sauvage CapVenture inclut une vis et une cheville. Munissez-vous donc simplement d&rsquo;une perceuse. Vous aimerez constater la <strong>rapidit\u00e9<\/strong> et la <strong>facilit\u00e9<\/strong> d&rsquo;installation. D&rsquo;ailleurs le<strong> syst\u00e8me d&rsquo;accroche est invisible<\/strong> une fois termin\u00e9._x000D_n_x000D_n<strong>Dimensions<\/strong> :_x000D_n<\/p>\n<ul>_x000D_n \t<\/p>\n<li>La t\u00eate de l&rsquo;\u00e9cureuil est de dimension 4 cm X 5,5 cm<\/li>\n<p>_x000D_n \t<\/p>\n<li>\u00c9cartement du mur 5,5 cm<\/li>\n<p>_x000D_n<\/ul>\n<p>_x000D_n&nbsp;_x000D_n<\/p>\n<h3>La collection pat\u00e8re Animal Sauvage et sa t\u00eate d&rsquo;\u00e9cureuil<\/h3>\n<p>_x000D_nEnfin, plus sp\u00e9cifiquement, la collection pat\u00e8re Animal Sauvage de CapVenture propose donc cet <strong>\u00e9cureuil<\/strong> et le <a href=\"https:\/\/1001pateres.com\/produit\/patere-design-animal-sauvage-raton-laveur\/\"><strong>raton laveur<\/strong><\/a>. Tout deux sont peints \u00e0 la main. Vous appr\u00e9cierez donc le c\u00f4t\u00e9 unique de chaque t\u00eate que vous vous offrez._x000D_n_x000D_nEn effet, faites comme nos pr\u00e9c\u00e9dents clients, amusez vous \u00e0 vous offrir plusieurs t\u00eates animales pour personnaliser leur utilisation \u00e0 chaque membre de la famille:_x000D_n<\/p>\n<ul>_x000D_n \t<\/p>\n<li>Qui a une <em>t\u00eate de cochon<\/em>?<\/li>\n<p>_x000D_n \t<\/p>\n<li>Qui aime <em>faire le coq<\/em>?<\/li>\n<p>_x000D_n \t<\/p>\n<li>Qui est <em>joueur et rapide<\/em> comme un \u00e9cureuil ou un raton laveur?<\/li>\n<p>_x000D_n \t<\/p>\n<li>Qui est <em>fragile et sensible<\/em> comme Bambi?<\/li>\n<p>_x000D_n<\/ul>\n<p>_x000D_nLes possibilit\u00e9s sont multiples! Cela ne manquera pas de proposer \u00e0 toute la famille de ranger dans la bonne humeur!<\/p>\n","protected":false},"excerpt":{"rendered":"<p>Belle pat\u00e8re design animal <strong>SAUVAGE\u00a0<\/strong>en forme de t\u00eate d&rsquo;\u00e9cureuil de la marque <em><strong>CAPVENTURE<\/strong><\/em>.\u00a0Cette t\u00eate d&rsquo;animal sauvage est en r\u00e9sine.\u00a0Elle est \u00e0 poser dans la chambre ou dans l&rsquo;entr\u00e9e pour ne plus voir trainer ses affaires.<\/p>\n","protected":false},"featured_media":1643,"comment_status":"closed","ping_status":"open","template":"","meta":[],"product_cat":[16,32],"product_tag":[27],"class_list":["post-343","product","type-product","status-publish","has-post-thumbnail","hentry","product_cat-chambre-enfant","product_cat-entree-sejour","product_tag-crochet-patere-patere-design-patere-murale-patere-porte-pateres-porte-serviette-porte-torchon-vestiaire","description-off"],"_links":{"self":[{"href":"https:\/\/roulettes.vaniseo.top\/index.php\/wp-json\/wp\/v2\/product\/343","targetHints":{"allow":["GET"]}}],"collection":[{"href":"https:\/\/roulettes.vaniseo.top\/index.php\/wp-json\/wp\/v2\/product"}],"about":[{"href":"https:\/\/roulettes.vaniseo.top\/index.php\/wp-json\/wp\/v2\/types\/product"}],"replies":[{"embeddable":true,"href":"https:\/\/roulettes.vaniseo.top\/index.php\/wp-json\/wp\/v2\/comments?post=343"}],"version-history":[{"count":0,"href":"https:\/\/roulettes.vaniseo.top\/index.php\/wp-json\/wp\/v2\/product\/343\/revisions"}],"wp:featuredmedia":[{"embeddable":true,"href":"https:\/\/roulettes.vaniseo.top\/index.php\/wp-json\/wp\/v2\/media\/1643"}],"wp:attachment":[{"href":"https:\/\/roulettes.vaniseo.top\/index.php\/wp-json\/wp\/v2\/media?parent=343"}],"wp:term":[{"taxonomy":"product_cat","embeddable":true,"href":"https:\/\/roulettes.vaniseo.top\/index.php\/wp-json\/wp\/v2\/product_cat?post=343"},{"taxonomy":"product_tag","embeddable":true,"href":"https:\/\/roulettes.vaniseo.top\/index.php\/wp-json\/wp\/v2\/product_tag?post=343"}],"curies":[{"name":"wp","href":"https:\/\/api.w.org\/{rel}","templated":true}]}}