{"id":344,"date":"2022-04-04T16:21:18","date_gmt":"2022-04-04T14:21:18","guid":{"rendered":"https:\/\/roulettes.vaniseo.top\/index.php\/produit\/patere-animal-de-la-ferme-tete-de-cochon\/"},"modified":"2022-04-04T17:19:30","modified_gmt":"2022-04-04T15:19:30","slug":"patere-animal-de-la-ferme-tete-de-cochon","status":"publish","type":"product","link":"https:\/\/roulettes.vaniseo.top\/index.php\/produit\/patere-animal-de-la-ferme-tete-de-cochon\/","title":{"rendered":"Pat\u00e8re animal de la Ferme : t\u00eate de cochon"},"content":{"rendered":"<h3>Pat\u00e8re animal de la Ferme: cochon peint \u00e0 la main sur r\u00e9sine CapVenture<\/h3>\n<p>_x000D_nEnvie de booster le style rustique de votre int\u00e9rieur? Faites-le avec modernit\u00e9 gr\u00e2ce \u00e0 cette <strong>pat\u00e8re animal de la Ferme<\/strong> en forme de <strong>t\u00eate de cochon<\/strong>. Un design sign\u00e9 <a href=\"https:\/\/1001pateres.com\/brand\/capventure\/\">CapVenture<\/a>._x000D_n_x000D_nEn effet, 1001 Pat\u00e8res vous fait d\u00e9couvrir ci dessous l&rsquo;ensemble des informations techniques et d\u00e9coratives li\u00e9es \u00e0 cette <strong>collection Ferme<\/strong>. D&rsquo;ailleurs, retrouvez l&rsquo;ensemble de la collection et d&rsquo;autres reprenant des animaux du <strong>Zoo<\/strong> et des <strong>Animaux Sauvages<\/strong> sur notre site._x000D_n_x000D_nEn tant que <strong>n\u00b01 en France de la vente de pat\u00e8res<\/strong>, nous nous effor\u00e7ons de vous d\u00e9nicher les meilleures <strong>marques internationales<\/strong> de porte manteaux. Gr\u00e2ce \u00e0 cela, vous pouvez non seulement profiter du <strong>meilleur rapport qualit\u00e9 prix<\/strong> mais cela vous permet \u00e9galement de ranger et de d\u00e9corer votre int\u00e9rieur._x000D_n_x000D_nAinsi, avec cette marque venant des Pays-Bas, CapVenture, vous allez pouvoir v\u00e9ritablement <strong>cr\u00e9er des univers<\/strong> dans une chambre ou une entr\u00e9e avec des t\u00eates animales! Un brin <strong>originales<\/strong>, ultra <strong>designs<\/strong>, et surtout <strong>super qualitatives<\/strong>, ces pat\u00e8res sont en <strong>r\u00e9sine tr\u00e8s robuste<\/strong>. Elles permettent d&rsquo;accueillir <strong>jusqu&rsquo;\u00e0 5 kg d&rsquo;affaires<\/strong>._x000D_n_x000D_n&nbsp;_x000D_n<\/p>\n<h2>Pat\u00e8re animal de la Ferme: la collection<\/h2>\n<p>_x000D_nPour ce faire, bon nombre de nos clients s&rsquo;offrent plusieurs t\u00eates animales de la collection. Certains vont m\u00eame jusqu&rsquo;\u00e0 <strong>choisir la t\u00eate caricaturant le mieux chaque membre de la famille<\/strong>. Ainsi, non seulement ils <strong>rangent<\/strong>, et <strong>d\u00e9corent<\/strong> mais s&rsquo;offrent aussi <strong>beaucoup d&rsquo;humour<\/strong>._x000D_n_x000D_nDans cette collection, retrouvez donc le <strong>cochon<\/strong> comme ci-contre aux couleurs classiques du cochon, <strong>peint \u00e0 la main<\/strong>, mais aussi en <strong><a href=\"https:\/\/1001pateres.com\/produit\/patere-design-animal-de-la-ferme-cochon-blanc\/\">blanc laqu\u00e9<\/a><\/strong>. Ou encore les\u00a0t\u00eates de <strong>coq<\/strong>, de <strong>vache<\/strong>, d\u2019<strong>\u00e2ne<\/strong>, de <strong>lapin<\/strong>, et de <strong>mouton.<\/strong>_x000D_n_x000D_n&nbsp;_x000D_n<\/p>\n<h3>Pat\u00e8re animal de la Ferme : comment installer la t\u00eate de cochon ?<\/h3>\n<p>_x000D_nEnfin, pour installer la t\u00eate de cochon, c&rsquo;est tr\u00e8s simple, prenez votre perceuse, et la vis+cheville fournie avec la pat\u00e8re animal de la Ferme. Le syst\u00e8me d&rsquo;accrochage est simple mais surtout <strong>invisible une fois fix\u00e9<\/strong>._x000D_n_x000D_n<strong>Dimensions<\/strong> :_x000D_n<\/p>\n<ul>_x000D_n \t<\/p>\n<li>La t\u00eate du cochon : 3,5 cm X 5,5 cm<\/li>\n<p>_x000D_n \t<\/p>\n<li>\u00c9cartement du mur : 5,5 cm<\/li>\n<p>_x000D_n<\/ul>\n","protected":false},"excerpt":{"rendered":"<p>Belle pat\u00e8re design animal de la\u00a0<strong>FERME<\/strong>\u00a0en forme de t\u00eate de cochon de la marque <em><strong>CAPVENTURE<\/strong><\/em>.\u00a0Cette t\u00eate d&rsquo;animal de la ferme est en r\u00e9sine.\u00a0Elle est \u00e0 poser dans la chambre ou dans l&rsquo;entr\u00e9e pour ne plus voir trainer ses affaires.<\/p>\n","protected":false},"featured_media":1646,"comment_status":"closed","ping_status":"open","template":"","meta":[],"product_cat":[16,32],"product_tag":[27],"class_list":["post-344","product","type-product","status-publish","has-post-thumbnail","hentry","product_cat-chambre-enfant","product_cat-entree-sejour","product_tag-crochet-patere-patere-design-patere-murale-patere-porte-pateres-porte-serviette-porte-torchon-vestiaire","description-off"],"_links":{"self":[{"href":"https:\/\/roulettes.vaniseo.top\/index.php\/wp-json\/wp\/v2\/product\/344","targetHints":{"allow":["GET"]}}],"collection":[{"href":"https:\/\/roulettes.vaniseo.top\/index.php\/wp-json\/wp\/v2\/product"}],"about":[{"href":"https:\/\/roulettes.vaniseo.top\/index.php\/wp-json\/wp\/v2\/types\/product"}],"replies":[{"embeddable":true,"href":"https:\/\/roulettes.vaniseo.top\/index.php\/wp-json\/wp\/v2\/comments?post=344"}],"version-history":[{"count":0,"href":"https:\/\/roulettes.vaniseo.top\/index.php\/wp-json\/wp\/v2\/product\/344\/revisions"}],"wp:featuredmedia":[{"embeddable":true,"href":"https:\/\/roulettes.vaniseo.top\/index.php\/wp-json\/wp\/v2\/media\/1646"}],"wp:attachment":[{"href":"https:\/\/roulettes.vaniseo.top\/index.php\/wp-json\/wp\/v2\/media?parent=344"}],"wp:term":[{"taxonomy":"product_cat","embeddable":true,"href":"https:\/\/roulettes.vaniseo.top\/index.php\/wp-json\/wp\/v2\/product_cat?post=344"},{"taxonomy":"product_tag","embeddable":true,"href":"https:\/\/roulettes.vaniseo.top\/index.php\/wp-json\/wp\/v2\/product_tag?post=344"}],"curies":[{"name":"wp","href":"https:\/\/api.w.org\/{rel}","templated":true}]}}