{"id":345,"date":"2022-04-04T16:21:18","date_gmt":"2022-04-04T14:21:18","guid":{"rendered":"https:\/\/roulettes.vaniseo.top\/index.php\/produit\/patere-animal-de-la-ferme-tete-de-cochon-blanc-laque\/"},"modified":"2022-04-04T17:19:30","modified_gmt":"2022-04-04T15:19:30","slug":"patere-animal-de-la-ferme-tete-de-cochon-blanc-laque","status":"publish","type":"product","link":"https:\/\/roulettes.vaniseo.top\/index.php\/produit\/patere-animal-de-la-ferme-tete-de-cochon-blanc-laque\/","title":{"rendered":"Pat\u00e8re animal de la Ferme : t\u00eate de cochon blanc laqu\u00e9"},"content":{"rendered":"<h3>Pat\u00e8re animal de la Ferme: cochon blanc laqu\u00e9 en r\u00e9sine CapVenture<\/h3>\n<p>_x000D_n<strong>1001 Pat\u00e8res<\/strong> vous pr\u00e9sente une <strong>pat\u00e8re animal de la Ferme<\/strong> de la marque <a href=\"https:\/\/1001pateres.com\/brand\/capventure\/\">CapVenture<\/a>. Cette pat\u00e8re est ici en forme de <strong>t\u00eate de cochon blanc laqu\u00e9<\/strong>. D\u00e9couvrez toutes les informations la concernant ci dessous._x000D_n_x000D_nTout d&rsquo;abord, petit rappel sur la marque <strong>CapVenture<\/strong>. Il s&rsquo;agit d&rsquo;une marque des <strong>Pays-Bas<\/strong>. 1001 Pat\u00e8res a s\u00e9lectionn\u00e9 chez elle, de <strong>nombreuses collections de pat\u00e8res animales<\/strong>. Ainsi, retrouvez comme ici la collection <strong>Ferme<\/strong>, mais aussi <strong>Zoo<\/strong> ou encore <strong>Animaux Sauvages<\/strong>._x000D_n_x000D_n&nbsp;_x000D_n<\/p>\n<h3>Porte manteau design mural collection Ferme CapVenture<\/h3>\n<p>_x000D_nGr\u00e2ce \u00e0 elles, vous pourrez v\u00e9ritablement cr\u00e9er des <strong>univers d\u00e9coratifs<\/strong> sp\u00e9cifiques par pi\u00e8ce. Il y en a d&rsquo;ailleurs <strong>pour toute la famille<\/strong>! En effet, bon nombre de nos clients s&rsquo;offrent non pas une mais plusieurs pat\u00e8res de la m\u00eame collection, personnalisant ainsi <strong>un animal par membre de la famille<\/strong>. Ainsi, non seulement i<strong>ls d\u00e9corent et rangent<\/strong> mais en plus ils s&rsquo;offrent de l&rsquo;<strong>humour<\/strong> et de l&rsquo;<strong>originalit\u00e9<\/strong>._x000D_n_x000D_nPar ailleurs, avec tout porte manteau design mural de la collection Ferme, vous profiterez de t\u00eate d&rsquo;animaux en <strong>r\u00e9sine robuste<\/strong>. Cette r\u00e9sistance permet d&rsquo;<strong>accueillir jusqu&rsquo;\u00e0 5 kg d&rsquo;affaires<\/strong>. Aucun doute que vous trouverez o\u00f9 l&rsquo;installer! Entr\u00e9e comme chambre pourront donc accueillir sans souci cette (ou ces) pat\u00e8re(s)._x000D_n_x000D_nConcr\u00e8tement la collection Ferme propose donc une <strong>t\u00eate de cochon<\/strong>, voir ci contre mais aussi des t\u00eates de <strong>coq<\/strong>, de <strong>vache<\/strong>, d&rsquo;<strong>\u00e2ne<\/strong>, de <strong>lapin<\/strong>, et de <strong>mouton<\/strong>. La t\u00eate de cochon est en plus disponible comme ici laqu\u00e9e blanche mais \u00e9galement aux <a href=\"https:\/\/1001pateres.com\/produit\/patere-design-animal-de-la-ferme-cochon\/\">coloris sp\u00e9cifiques du cochon<\/a>, <strong>peints \u00e0 la main<\/strong>._x000D_n_x000D_n&nbsp;_x000D_n<\/p>\n<h3>Installation pat\u00e8re animal de la Ferme CapVenture<\/h3>\n<p>_x000D_nEnfin, pour l&rsquo;installer, rien de plus simple. Munissez vous de votre perceuse, nous fournissons cheville et vis n\u00e9cessaire. Vous constaterez ensuite que les finitions sont parfaites puisque le syst\u00e8me d&rsquo;accroche est invisible une fois fix\u00e9._x000D_n_x000D_n<strong>Dimensions<\/strong> :_x000D_n<\/p>\n<ul>_x000D_n \t<\/p>\n<li>La t\u00eate du cochon : 3,5 cm X 5,5 cm<\/li>\n<p>_x000D_n \t<\/p>\n<li>\u00c9cartement du mur : 5,5 cm<\/li>\n<p>_x000D_n<\/ul>\n","protected":false},"excerpt":{"rendered":"<p>Belle pat\u00e8re design animal de la\u00a0<strong>FERME<\/strong>\u00a0en forme de t\u00eate de cochon blanc laqu\u00e9 de la marque <em><strong>CAPVENTURE<\/strong><\/em>.\u00a0Cette t\u00eate d&rsquo;animal de la ferme est en r\u00e9sine.\u00a0Elle est \u00e0 poser dans la chambre ou dans l&rsquo;entr\u00e9e pour ne plus voir trainer ses affaires.<\/p>\n","protected":false},"featured_media":1649,"comment_status":"closed","ping_status":"open","template":"","meta":[],"product_cat":[16,32],"product_tag":[27],"class_list":["post-345","product","type-product","status-publish","has-post-thumbnail","hentry","product_cat-chambre-enfant","product_cat-entree-sejour","product_tag-crochet-patere-patere-design-patere-murale-patere-porte-pateres-porte-serviette-porte-torchon-vestiaire","description-off"],"_links":{"self":[{"href":"https:\/\/roulettes.vaniseo.top\/index.php\/wp-json\/wp\/v2\/product\/345","targetHints":{"allow":["GET"]}}],"collection":[{"href":"https:\/\/roulettes.vaniseo.top\/index.php\/wp-json\/wp\/v2\/product"}],"about":[{"href":"https:\/\/roulettes.vaniseo.top\/index.php\/wp-json\/wp\/v2\/types\/product"}],"replies":[{"embeddable":true,"href":"https:\/\/roulettes.vaniseo.top\/index.php\/wp-json\/wp\/v2\/comments?post=345"}],"version-history":[{"count":0,"href":"https:\/\/roulettes.vaniseo.top\/index.php\/wp-json\/wp\/v2\/product\/345\/revisions"}],"wp:featuredmedia":[{"embeddable":true,"href":"https:\/\/roulettes.vaniseo.top\/index.php\/wp-json\/wp\/v2\/media\/1649"}],"wp:attachment":[{"href":"https:\/\/roulettes.vaniseo.top\/index.php\/wp-json\/wp\/v2\/media?parent=345"}],"wp:term":[{"taxonomy":"product_cat","embeddable":true,"href":"https:\/\/roulettes.vaniseo.top\/index.php\/wp-json\/wp\/v2\/product_cat?post=345"},{"taxonomy":"product_tag","embeddable":true,"href":"https:\/\/roulettes.vaniseo.top\/index.php\/wp-json\/wp\/v2\/product_tag?post=345"}],"curies":[{"name":"wp","href":"https:\/\/api.w.org\/{rel}","templated":true}]}}