{"id":346,"date":"2022-04-04T16:21:18","date_gmt":"2022-04-04T14:21:18","guid":{"rendered":"https:\/\/roulettes.vaniseo.top\/index.php\/produit\/porte-manteau-bois-avec-triple-pateres-en-forme-de-tete-de-lapin-blanc\/"},"modified":"2022-04-04T17:19:31","modified_gmt":"2022-04-04T15:19:31","slug":"porte-manteau-bois-avec-triple-pateres-en-forme-de-tete-de-lapin-blanc","status":"publish","type":"product","link":"https:\/\/roulettes.vaniseo.top\/index.php\/produit\/porte-manteau-bois-avec-triple-pateres-en-forme-de-tete-de-lapin-blanc\/","title":{"rendered":"Porte manteau bois avec triple pat\u00e8res en forme de t\u00eate de lapin blanc"},"content":{"rendered":"<h3>Pat\u00e8re chambre d&rsquo;enfant en bois brut avec 3 t\u00eates de lapin blanc<\/h3>\n<p>_x000D_nD\u00e9couvrez ici un porte manteau en bois de couleur naturelle disposant de <strong>3 pat\u00e8res<\/strong> en forme de t\u00eates de <strong>lapin blancs<\/strong>.\u00a0Cette triple pat\u00e8re est id\u00e9ale pour une <strong>chambre d&rsquo;enfant<\/strong>._x000D_n_x000D_nEn revanche, son design permet de l&rsquo;<strong>utiliser de fa\u00e7on vari\u00e9e<\/strong>. La douceur des\u00a0<em>lapins blancs<\/em>\u00a0est <strong>unisexe<\/strong>. Elle peut aussi \u00eatre id\u00e9ale pour accrocher v\u00eatements ou serviettes dans une\u00a0<strong>salle de bain<\/strong>._x000D_n_x000D_nAu del\u00e0 de son design, il y a aussi sa mati\u00e8re. Gr\u00e2ce \u00e0 cette <strong>association de couleurs blanche et naturelle<\/strong>, sur un mat\u00e9riau comme le <strong>bois brut<\/strong>: r\u00e9sultat garanti._x000D_n_x000D_nAinsi, 1001 Pat\u00e8res vous aussi ici un investissement aussi <strong>beau<\/strong> que <strong>pratique<\/strong>. Retrouvez aussi cette forme de t\u00eate de lapin sur des pat\u00e8res vendues \u00e0 l&rsquo;unit\u00e9. Nous proposons par exemple le mod\u00e8le \u00e9toiles de couleur <a href=\"https:\/\/1001pateres.com\/produit\/patere-design-lapin-rose-en-bois\/\">rose<\/a>, ou le m\u00eame en <a href=\"https:\/\/1001pateres.com\/produit\/patere-design-lapin-blanc-en-bois\/\" target=\"_blank\" rel=\"noopener noreferrer\">blanc<\/a> mais \u00e0 l&rsquo;unit\u00e9._x000D_n_x000D_n&nbsp;_x000D_n<\/p>\n<h3>Installer la pat\u00e8re bois \u00e0 triple t\u00eate de lapin 1001 Pat\u00e8res<\/h3>\n<p>_x000D_nVous l&rsquo;aurez compris, ce mod\u00e8le au <strong>design doux et naturel<\/strong> est un <strong>passe-partout<\/strong> pour vos\u00a0<strong>enfants<\/strong>. <strong>Chambre d&rsquo;enfants<\/strong> ou <strong>salle de bain<\/strong> l&rsquo;accueilleront avec facilit\u00e9 et praticit\u00e9. Pour l&rsquo;installer, ce mod\u00e8le de porte manteau bois dispose au dos, de deux petits triangles. Ceux-ci permettent l&rsquo;accrochage au mur avec des crochets de votre choix._x000D_n_x000D_nDe face, les trois pat\u00e8res lapin blanc sont tenues par du <a href=\"https:\/\/www.3mfrance.fr\/3M\/fr_FR\/notre-societe-fr\/tous-les-produits-3M\/~\/Tous-les-produits-3M\/Rubans-double-face\/?N=5002385+8711017+8713638&amp;rt=r3\" target=\"_blank\" rel=\"noopener noreferrer\">double face 3M<\/a>._x000D_n_x000D_nUtilisez donc deux crochets et un marteau et le tour est jou\u00e9. Un <strong>vrai jeu d&rsquo;enfant<\/strong> pour une installation de pat\u00e8re bois efficace!_x000D_n<\/p>\n<h4><\/h4>\n<p>_x000D_n<\/p>\n<h3>Porte manteau bois \u00e0 triple pat\u00e8res de lapin: dimensions<\/h3>\n<p>_x000D_nD\u00e9couvrez ci dessous l&rsquo;ensemble des dimensions de cette pat\u00e8re bois pour chambre d&rsquo;enfant et salle de bain par exemple. Vous aimerez ainsi pouvoir valider la faisabilit\u00e9 de son accroche selon vos pr\u00e9visions:_x000D_n<\/p>\n<ul>_x000D_n \t<\/p>\n<li>Dimensions ext\u00e9rieures: 40 cm X 10 cm<\/li>\n<p>_x000D_n \t<\/p>\n<li>Ecartement du mur: 7 cm<\/li>\n<p>_x000D_n \t<\/p>\n<li>Dimension d&rsquo;une t\u00eate de lapin 8,8 cm X 7,2 cm<\/li>\n<p>_x000D_n<\/ul>\n<p>_x000D_n&nbsp;_x000D_n_x000D_nC&rsquo;est vos enfants qui vont d\u00e9sormais adorer ranger leurs v\u00eatements eux-m\u00eames!<\/p>\n","protected":false},"excerpt":{"rendered":"<p>Jolie pat\u00e8re en <strong>bois brut<\/strong> \u00e0 fixer au mur avec trois pat\u00e8res en forme de t\u00eate de <em><strong>petits lapins blanc<\/strong><\/em>.\u00a0La pat\u00e8re pour la chambre de b\u00e9b\u00e9\u00a0est pratique au design naturel.\u00a0Pat\u00e8re pratique et permettant de supporter un poids d&rsquo;environ 5 kg une fois fix\u00e9e correctement au mur.<\/p>\n","protected":false},"featured_media":1651,"comment_status":"closed","ping_status":"open","template":"","meta":[],"product_cat":[16,17],"product_tag":[31],"class_list":["post-346","product","type-product","status-publish","has-post-thumbnail","hentry","product_cat-chambre-enfant","product_cat-salle-de-bain","product_tag-crochet-patere-patere-design-patere-murale-patere-porte-pateres-porte-manteau-porte-serviette-porte-torchon","description-off"],"_links":{"self":[{"href":"https:\/\/roulettes.vaniseo.top\/index.php\/wp-json\/wp\/v2\/product\/346","targetHints":{"allow":["GET"]}}],"collection":[{"href":"https:\/\/roulettes.vaniseo.top\/index.php\/wp-json\/wp\/v2\/product"}],"about":[{"href":"https:\/\/roulettes.vaniseo.top\/index.php\/wp-json\/wp\/v2\/types\/product"}],"replies":[{"embeddable":true,"href":"https:\/\/roulettes.vaniseo.top\/index.php\/wp-json\/wp\/v2\/comments?post=346"}],"version-history":[{"count":0,"href":"https:\/\/roulettes.vaniseo.top\/index.php\/wp-json\/wp\/v2\/product\/346\/revisions"}],"wp:featuredmedia":[{"embeddable":true,"href":"https:\/\/roulettes.vaniseo.top\/index.php\/wp-json\/wp\/v2\/media\/1651"}],"wp:attachment":[{"href":"https:\/\/roulettes.vaniseo.top\/index.php\/wp-json\/wp\/v2\/media?parent=346"}],"wp:term":[{"taxonomy":"product_cat","embeddable":true,"href":"https:\/\/roulettes.vaniseo.top\/index.php\/wp-json\/wp\/v2\/product_cat?post=346"},{"taxonomy":"product_tag","embeddable":true,"href":"https:\/\/roulettes.vaniseo.top\/index.php\/wp-json\/wp\/v2\/product_tag?post=346"}],"curies":[{"name":"wp","href":"https:\/\/api.w.org\/{rel}","templated":true}]}}