{"id":347,"date":"2022-04-04T16:21:18","date_gmt":"2022-04-04T14:21:18","guid":{"rendered":"https:\/\/roulettes.vaniseo.top\/index.php\/produit\/porte-manteaux-en-bois-avec-triple-pateres-en-forme-detoile-rose\/"},"modified":"2022-04-04T17:19:31","modified_gmt":"2022-04-04T15:19:31","slug":"porte-manteaux-en-bois-avec-triple-pateres-en-forme-detoile-rose","status":"publish","type":"product","link":"https:\/\/roulettes.vaniseo.top\/index.php\/produit\/porte-manteaux-en-bois-avec-triple-pateres-en-forme-detoile-rose\/","title":{"rendered":"Porte-manteaux en bois avec triple pat\u00e8res en forme d&rsquo;\u00e9toile rose"},"content":{"rendered":"<h4>Pat\u00e8re chambre d&rsquo;enfant en bois brut avec 3 \u00e9toiles rose.<\/h4>\n<p>_x000D_nPorte-manteaux en bois \u00e9toiles rose triple pat\u00e8res._x000D_n_x000D_nJolie pat\u00e8re\u00a0<em><strong>\u00e9toiles rose<\/strong><\/em>\u00a0qui est id\u00e9ale pour accrocher v\u00eatements ou encore serviettes dans la salle de bain._x000D_n_x000D_nLa pat\u00e8re utilisable aussi pour la chambre d&rsquo;enfant fabriqu\u00e9e en bois brut\u00a0est pratique. De plus elle poss\u00e8de un design naturel._x000D_n_x000D_nAussi, ce porte-manteaux <strong>en bois<\/strong> \u00e9toiles rose a au dos deux petits triangles permettant l&rsquo;accrochage au mur avec des crochets de votre choix._x000D_n_x000D_nIl se compose de trois accroches en forme d&rsquo; \u00e9toiles rose tenues par du double face 3M._x000D_n_x000D_nCette pat\u00e8re s&rsquo;adaptera et ainsi apportera une touche de modernit\u00e9\u00a0\u00e0 votre univers._x000D_n_x000D_nElle est facile \u00e0 poser._x000D_n<\/p>\n<h4>Dimensions :<\/h4>\n<p>_x000D_n<\/p>\n<ul>_x000D_n \t<\/p>\n<li>Dim 40 cm X 10 cm.<\/li>\n<p>_x000D_n \t<\/p>\n<li>Ecartement du mur 7 cm.<\/li>\n<p>_x000D_n \t<\/p>\n<li>Etoile 10 cm X 10 cm.<\/li>\n<p>_x000D_n<\/ul>\n","protected":false},"excerpt":{"rendered":"<p>Jolie pat\u00e8re en <strong>bois brut<\/strong> \u00e0 fixer au mur avec trois pat\u00e8res en forme d&rsquo;<em><strong>\u00e9toiles rose<\/strong><\/em>.\u00a0La pat\u00e8re pour la chambre de b\u00e9b\u00e9\u00a0est pratique au design naturel.\u00a0Pat\u00e8re pratique et permettant de supporter un poids d&rsquo;environ 5 kg une fois fix\u00e9e correctement au mur.<\/p>\n","protected":false},"featured_media":1653,"comment_status":"closed","ping_status":"open","template":"","meta":[],"product_cat":[16,17],"product_tag":[31],"class_list":["post-347","product","type-product","status-publish","has-post-thumbnail","hentry","product_cat-chambre-enfant","product_cat-salle-de-bain","product_tag-crochet-patere-patere-design-patere-murale-patere-porte-pateres-porte-manteau-porte-serviette-porte-torchon","description-off"],"_links":{"self":[{"href":"https:\/\/roulettes.vaniseo.top\/index.php\/wp-json\/wp\/v2\/product\/347","targetHints":{"allow":["GET"]}}],"collection":[{"href":"https:\/\/roulettes.vaniseo.top\/index.php\/wp-json\/wp\/v2\/product"}],"about":[{"href":"https:\/\/roulettes.vaniseo.top\/index.php\/wp-json\/wp\/v2\/types\/product"}],"replies":[{"embeddable":true,"href":"https:\/\/roulettes.vaniseo.top\/index.php\/wp-json\/wp\/v2\/comments?post=347"}],"version-history":[{"count":0,"href":"https:\/\/roulettes.vaniseo.top\/index.php\/wp-json\/wp\/v2\/product\/347\/revisions"}],"wp:featuredmedia":[{"embeddable":true,"href":"https:\/\/roulettes.vaniseo.top\/index.php\/wp-json\/wp\/v2\/media\/1653"}],"wp:attachment":[{"href":"https:\/\/roulettes.vaniseo.top\/index.php\/wp-json\/wp\/v2\/media?parent=347"}],"wp:term":[{"taxonomy":"product_cat","embeddable":true,"href":"https:\/\/roulettes.vaniseo.top\/index.php\/wp-json\/wp\/v2\/product_cat?post=347"},{"taxonomy":"product_tag","embeddable":true,"href":"https:\/\/roulettes.vaniseo.top\/index.php\/wp-json\/wp\/v2\/product_tag?post=347"}],"curies":[{"name":"wp","href":"https:\/\/api.w.org\/{rel}","templated":true}]}}