{"id":349,"date":"2022-04-04T16:21:18","date_gmt":"2022-04-04T14:21:18","guid":{"rendered":"https:\/\/roulettes.vaniseo.top\/index.php\/produit\/porte-manteau-mural-tete-de-panda-ferm-living\/"},"modified":"2022-04-04T17:19:32","modified_gmt":"2022-04-04T15:19:32","slug":"porte-manteau-mural-tete-de-panda-ferm-living","status":"publish","type":"product","link":"https:\/\/roulettes.vaniseo.top\/index.php\/produit\/porte-manteau-mural-tete-de-panda-ferm-living\/","title":{"rendered":"Porte manteau mural t\u00eate de panda FERM LIVING"},"content":{"rendered":"<h3>Pat\u00e8re design t\u00eate de panda FERM LIVING<\/h3>\n<p>_x000D_n<strong>1001 Pat\u00e8res<\/strong> vous propose le <strong>porte manteau mural t\u00eate de panda<\/strong>\u00a0de chez <a href=\"https:\/\/fermliving.com\/\" target=\"_blank\" rel=\"noopener\">FERM LIVING<\/a>._x000D_n_x000D_nCette pat\u00e8re en forme de t\u00eate d\u2019animal de la marque <a href=\"https:\/\/1001pateres.com\/brand\/ferm-living\/\">FERM LIVING<\/a> fait partie d\u2019une <strong>collection compl\u00e8te<\/strong> o\u00f9 vous pourrez retrouver des t\u00eates de:_x000D_n<\/p>\n<ul>_x000D_n \t<\/p>\n<li><a href=\"https:\/\/1001pateres.com\/produit\/porte-manteau-mural-tete-de-chouette-ferm-living\/\">Chouette<\/a><\/li>\n<p>_x000D_n \t<\/p>\n<li><a href=\"https:\/\/1001pateres.com\/produit\/porte-manteau-mural-tete-de-lapin-ferm-living\/\">Lapin<\/a><\/li>\n<p>_x000D_n \t<\/p>\n<li><a href=\"https:\/\/1001pateres.com\/produit\/porte-manteau-mural-tete-de-chien-ferm-living\/\">Chien<\/a><\/li>\n<p>_x000D_n<\/ul>\n<p>_x000D_nD\u00e9couvrez donc ci dessous les d\u00e9tails <strong>sp\u00e9cifiques<\/strong> de ce produit et nos meilleurs <strong>conseils<\/strong> pour l&rsquo;installer et en profiter au mieux._x000D_n_x000D_nTout d&rsquo;abord, cette pat\u00e8re comme le reste de la collection est en <strong>bois de h\u00eatre peint<\/strong>. Aussi, elle est tr\u00e8s r\u00e9sistante. Ce qui permet un support de charge sup\u00e9rieur \u00e0 <strong>5 kilogrammes<\/strong>._x000D_n_x000D_nCe porte manteau mural t\u00eate de panda de la marque FERM LIVING est \u00e0 poser dans la <strong>chambre<\/strong> ou dans <strong>l&rsquo;entr\u00e9e<\/strong>\u00a0pour ne plus voir trainer ses affaires. Ainsi, il sera d&rsquo;une utilit\u00e9 certaine._x000D_n_x000D_n&nbsp;_x000D_n<\/p>\n<h3>Installer le porte manteau mural Ferm Living<\/h3>\n<p>_x000D_nPar ailleurs, cette pat\u00e8re comporte un syst\u00e8me d&rsquo;accrochage avec une vis et une cheville incluse. Donc sa pose n\u00e9cessite l&rsquo;utilisation d&rsquo;une perceuse. Au del\u00e0 de cela vous n&rsquo;aurez donc aucune difficult\u00e9 pour l&rsquo;installer! Voici pour information, ses <strong>dimensions<\/strong>:_x000D_n<\/p>\n<ul>_x000D_n \t<\/p>\n<li>La t\u00eate de panda est de diam\u00e8tre 5,5 cm<\/li>\n<p>_x000D_n \t<\/p>\n<li>\u00c9cartement du mur 1,5 cm<\/li>\n<p>_x000D_n<\/ul>\n<p>_x000D_nPour finir, vous aimerez ind\u00e9niablement sa <strong>belle qualit\u00e9 de bois et de peinture<\/strong>. Il sera facile de l&rsquo;installer dans une chambre, une entr\u00e9e pour <strong>optimiser votre rangement<\/strong>. Son d\u00e9cor <strong>na\u00eff et plein d&rsquo;humour<\/strong>\u00a0aidera sans aucun doute \u00e0 \u00eatre utiliser par l&rsquo;ensemble de la famille. A vous une maison bien rang\u00e9e!_x000D_n_x000D_nAussi, n&rsquo;h\u00e9sitez pas \u00e0 d\u00e9multiplier le nombre de t\u00eate d&rsquo;animaux pour maximiser l&rsquo;effet. Nul besoin d&rsquo;\u00eatre un enfant pour l&rsquo;utiliser!_x000D_n_x000D_nContactez nous pour toutes questions compl\u00e9mentaires via la page Contact.<\/p>\n","protected":false},"excerpt":{"rendered":"<p>Porte-manteau mural <strong>t\u00eate de panda<\/strong>\u00a0FERM LIVING.\u00a0Cette t\u00eate d&rsquo;animal de la marque <em><strong>FERM LIVING<\/strong><\/em> est en bois de h\u00eatre peinte, tr\u00e8s r\u00e9sistante, et permet un support de charge sup\u00e9rieur \u00e0 5 kilogrammes.\u00a0Elle est \u00e0 poser dans la chambre ou dans l&rsquo;entr\u00e9e\u00a0pour ne plus voir trainer ses affaires.<\/p>\n","protected":false},"featured_media":764,"comment_status":"closed","ping_status":"open","template":"","meta":[],"product_cat":[16,32],"product_tag":[27],"class_list":["post-349","product","type-product","status-publish","has-post-thumbnail","hentry","product_cat-chambre-enfant","product_cat-entree-sejour","product_tag-crochet-patere-patere-design-patere-murale-patere-porte-pateres-porte-serviette-porte-torchon-vestiaire","description-off"],"_links":{"self":[{"href":"https:\/\/roulettes.vaniseo.top\/index.php\/wp-json\/wp\/v2\/product\/349","targetHints":{"allow":["GET"]}}],"collection":[{"href":"https:\/\/roulettes.vaniseo.top\/index.php\/wp-json\/wp\/v2\/product"}],"about":[{"href":"https:\/\/roulettes.vaniseo.top\/index.php\/wp-json\/wp\/v2\/types\/product"}],"replies":[{"embeddable":true,"href":"https:\/\/roulettes.vaniseo.top\/index.php\/wp-json\/wp\/v2\/comments?post=349"}],"version-history":[{"count":0,"href":"https:\/\/roulettes.vaniseo.top\/index.php\/wp-json\/wp\/v2\/product\/349\/revisions"}],"wp:featuredmedia":[{"embeddable":true,"href":"https:\/\/roulettes.vaniseo.top\/index.php\/wp-json\/wp\/v2\/media\/764"}],"wp:attachment":[{"href":"https:\/\/roulettes.vaniseo.top\/index.php\/wp-json\/wp\/v2\/media?parent=349"}],"wp:term":[{"taxonomy":"product_cat","embeddable":true,"href":"https:\/\/roulettes.vaniseo.top\/index.php\/wp-json\/wp\/v2\/product_cat?post=349"},{"taxonomy":"product_tag","embeddable":true,"href":"https:\/\/roulettes.vaniseo.top\/index.php\/wp-json\/wp\/v2\/product_tag?post=349"}],"curies":[{"name":"wp","href":"https:\/\/api.w.org\/{rel}","templated":true}]}}