{"id":350,"date":"2022-04-04T16:21:18","date_gmt":"2022-04-04T14:21:18","guid":{"rendered":"https:\/\/roulettes.vaniseo.top\/index.php\/produit\/porte-manteau-mural-tete-de-lapin-ferm-living\/"},"modified":"2022-04-04T17:19:32","modified_gmt":"2022-04-04T15:19:32","slug":"porte-manteau-mural-tete-de-lapin-ferm-living","status":"publish","type":"product","link":"https:\/\/roulettes.vaniseo.top\/index.php\/produit\/porte-manteau-mural-tete-de-lapin-ferm-living\/","title":{"rendered":"Porte manteau mural t\u00eate de lapin FERM LIVING"},"content":{"rendered":"<h3>Pat\u00e8re t\u00eate de lapin rose FERM LIVING<\/h3>\n<p>_x000D_n1001 Pat\u00e8res vous propose ici un <strong>porte manteau mural t\u00eate de lapin<\/strong>\u00a0<a href=\"https:\/\/fermliving.com\/\" target=\"_blank\" rel=\"noopener\">FERM LIVING<\/a>. D\u00e9couvrez ci dessous l&rsquo;ensemble des informations techniques de ce produit, et nos meilleures astuces d&rsquo;installation._x000D_n_x000D_nAinsi, cette <strong>pat\u00e8re en forme de t\u00eate d\u2019animal<\/strong> de la marque <a href=\"https:\/\/1001pateres.com\/brand\/ferm-living\/\">FERM LIVING<\/a> fait partie d\u2019une <strong>collection compl\u00e8te<\/strong> o\u00f9 vous pourrez retrouver des t\u00eates de:_x000D_n<\/p>\n<ul>_x000D_n \t<\/p>\n<li><a href=\"https:\/\/1001pateres.com\/produit\/porte-manteau-mural-tete-de-chouette-ferm-living\/\">Chouette<\/a><\/li>\n<p>_x000D_n \t<\/p>\n<li><a href=\"https:\/\/1001pateres.com\/produit\/porte-manteau-mural-tete-de-chien-ferm-living\/\">Chien<\/a><\/li>\n<p>_x000D_n \t<\/p>\n<li><a href=\"https:\/\/1001pateres.com\/produit\/porte-manteau-mural-tete-de-panda-ferm-living\/\">Panda<\/a><\/li>\n<p>_x000D_n<\/ul>\n<p>_x000D_nL&rsquo;ensemble\u00a0est en <strong>bois de h\u00eatre peinte<\/strong>. Elles sont\u00a0aussi tr\u00e8s r\u00e9sistantes ce qui leur permettent un <strong>support de charge sup\u00e9rieur \u00e0 5 kilogrammes<\/strong>!_x000D_n_x000D_nPensez aussi \u00e0 d\u00e9couvrir le reste des produits de la marque danoise Ferm Living. Moins dans l&rsquo;humour, et plus dans le chic et le contemporain, les autres pat\u00e8res murales sont <strong>toutes \u00e0 crochet unique<\/strong>. Elles mettent chacune en valeur un mat\u00e9riau noble comme le verre souffl\u00e9, le granit, le marbre, le laiton ou l&rsquo;acier&#8230;_x000D_n_x000D_nIci, le d\u00e9cor est na\u00eff, <strong>plein d&rsquo;humour et de positivit\u00e9<\/strong>! Enfant comme adulte adoreront les utiliser au quotidien dans une <strong>chambre comme dans une entr\u00e9e<\/strong>. Il devient alors plus fun de leur demander de ranger leurs affaires, non?_x000D_n_x000D_n&nbsp;_x000D_n<\/p>\n<h3>Installation du porte manteau mural en t\u00eate de lapin<\/h3>\n<p>_x000D_n<strong>Fin et discret<\/strong>, cette <strong>pat\u00e8re boule en t\u00eate de lapin<\/strong> est \u00e0 installer pour associer <strong>humour et rangement<\/strong>. Pour ce faire,\u00a0ce porte manteau comporte un syst\u00e8me d&rsquo;accrochage avec une vis et une cheville incluses._x000D_n_x000D_nVous aimerez l&rsquo;utiliser non seulement parce qu&rsquo;il est <strong>facile et rapide de l&rsquo;installer<\/strong>, mais aussi parce qu&rsquo;elle est de tr\u00e8s belle qualit\u00e9. Pensez juste \u00e0 vous munir de votre perceuse. Voici ses <strong>dimensions<\/strong>:_x000D_n<\/p>\n<ul>_x000D_n \t<\/p>\n<li>La t\u00eate de lapin est de diam\u00e8tre 5,5 cm<\/li>\n<p>_x000D_n \t<\/p>\n<li>\u00c9cartement du mur 1,5 cm<\/li>\n<p>_x000D_n<\/ul>\n<p>_x000D_nPour finir, notre derni\u00e8re astuce sera bien s\u00fbr de cr\u00e9er une <strong>ligne compl\u00e8te de t\u00eates d&rsquo;animaux<\/strong>, en variant les r\u00e9f\u00e9rences!_x000D_n_x000D_n&nbsp;_x000D_n_x000D_n1001 Pat\u00e8res reste \u00e0 votre \u00e9coute via le formulaire en page Contact pour toute question compl\u00e9mentaire ou pour une demande de devis en cas de commande de quantit\u00e9.<\/p>\n","protected":false},"excerpt":{"rendered":"<p>Porte-manteau mural <strong>t\u00eate de lapin rose<\/strong>\u00a0FERM LIVING.\u00a0Cette t\u00eate d&rsquo;animal de la marque <em><strong>FERM LIVING<\/strong><\/em> est en bois de h\u00eatre peinte, tr\u00e8s r\u00e9sistante, et permet un support de charge sup\u00e9rieur \u00e0 5 kilogrammes.\u00a0Elle est \u00e0 poser dans la chambre ou dans l&rsquo;entr\u00e9e\u00a0pour ne plus voir trainer ses affaires.<\/p>\n","protected":false},"featured_media":1660,"comment_status":"closed","ping_status":"open","template":"","meta":[],"product_cat":[16,32],"product_tag":[27],"class_list":["post-350","product","type-product","status-publish","has-post-thumbnail","hentry","product_cat-chambre-enfant","product_cat-entree-sejour","product_tag-crochet-patere-patere-design-patere-murale-patere-porte-pateres-porte-serviette-porte-torchon-vestiaire","description-off"],"_links":{"self":[{"href":"https:\/\/roulettes.vaniseo.top\/index.php\/wp-json\/wp\/v2\/product\/350","targetHints":{"allow":["GET"]}}],"collection":[{"href":"https:\/\/roulettes.vaniseo.top\/index.php\/wp-json\/wp\/v2\/product"}],"about":[{"href":"https:\/\/roulettes.vaniseo.top\/index.php\/wp-json\/wp\/v2\/types\/product"}],"replies":[{"embeddable":true,"href":"https:\/\/roulettes.vaniseo.top\/index.php\/wp-json\/wp\/v2\/comments?post=350"}],"version-history":[{"count":0,"href":"https:\/\/roulettes.vaniseo.top\/index.php\/wp-json\/wp\/v2\/product\/350\/revisions"}],"wp:featuredmedia":[{"embeddable":true,"href":"https:\/\/roulettes.vaniseo.top\/index.php\/wp-json\/wp\/v2\/media\/1660"}],"wp:attachment":[{"href":"https:\/\/roulettes.vaniseo.top\/index.php\/wp-json\/wp\/v2\/media?parent=350"}],"wp:term":[{"taxonomy":"product_cat","embeddable":true,"href":"https:\/\/roulettes.vaniseo.top\/index.php\/wp-json\/wp\/v2\/product_cat?post=350"},{"taxonomy":"product_tag","embeddable":true,"href":"https:\/\/roulettes.vaniseo.top\/index.php\/wp-json\/wp\/v2\/product_tag?post=350"}],"curies":[{"name":"wp","href":"https:\/\/api.w.org\/{rel}","templated":true}]}}