{"id":352,"date":"2022-04-04T16:21:18","date_gmt":"2022-04-04T14:21:18","guid":{"rendered":"https:\/\/roulettes.vaniseo.top\/index.php\/produit\/patere-ronde-en-laiton-brosse-ferm-living-grand-modele\/"},"modified":"2022-04-04T17:19:33","modified_gmt":"2022-04-04T15:19:33","slug":"patere-ronde-en-laiton-brosse-ferm-living-grand-modele","status":"publish","type":"product","link":"https:\/\/roulettes.vaniseo.top\/index.php\/produit\/patere-ronde-en-laiton-brosse-ferm-living-grand-modele\/","title":{"rendered":"Pat\u00e8re ronde en laiton bross\u00e9 FERM LIVING grand mod\u00e8le"},"content":{"rendered":"<h3>Porte manteau design cercle laiton bross\u00e9 FERM LIVING<\/h3>\n<p>_x000D_n1001 Pat\u00e8res vous pr\u00e9sente ici le grand mod\u00e8le d&rsquo;une <strong>pat\u00e8re ronde en\u00a0laiton bross\u00e9<\/strong> de la marque <a href=\"https:\/\/fermliving.com\/\" target=\"_blank\" rel=\"noopener\"><strong>FERM LIVING<\/strong><\/a>. Elle comme le\u00a0<a href=\"https:\/\/1001pateres.com\/produit\/patere-cercle-en-acier-brosse-grand-modele-ferm-living\/\">mod\u00e8le\u00a0en acier bross\u00e9<\/a> sont parfaits comme\u00a0porte-manteau, porte-serviette, ou encore porte-chapeau._x000D_n_x000D_nD\u00e9couvrez ci dessous l&rsquo;ensemble des informations sp\u00e9cifiques \u00e0 ce produit et nos meilleures astuces d&rsquo;accrochage._x000D_n_x000D_nFerm Living est une marque danoise proposant ind\u00e9niablement des <strong>produits de qualit\u00e9<\/strong>. Ainsi, retrouvez chez 1001 Pat\u00e8res une s\u00e9lection de <strong>pat\u00e8re \u00e0 crochet unique<\/strong> de la marque toutes aussi \u00e9l\u00e9gantes, les unes que les autres. Chacune offre un <strong>style<\/strong> r\u00e9solument <strong>minimaliste et chic<\/strong>, mettant un valeur l&rsquo;utilisation d&rsquo;un <strong>mat\u00e9riau noble<\/strong> (granit, marbre, laiton, verre souffl\u00e9, pierre semi-pr\u00e9cieuse)._x000D_n_x000D_nIci, le <strong>design en cercle plat est fin, l\u00e9ger, chic<\/strong> avec un <strong>toucher doux<\/strong>.\u00a0Aussi, le <strong>laiton<\/strong> est de tr\u00e8s belle <strong>qualit\u00e9<\/strong> et la grandeur du cercle permet aux v\u00eatements d&rsquo;\u00e9viter de tomber au sol.\u00a0C&rsquo;est donc la <strong>combinaison parfaite pour associer style et rangement optimal<\/strong>! Vous aimerez investir dans une telle pat\u00e8re._x000D_n_x000D_n&nbsp;_x000D_n<\/p>\n<h3>Accrocher la pat\u00e8re ronde en laiton bross\u00e9 Ferm Living<\/h3>\n<p>_x000D_nAinsi, ce porte manteau design cercle laiton comporte une base avec une tige viss\u00e9e de l&rsquo;int\u00e9rieur. Son syst\u00e8me d&rsquo;accrochage est inclus avec vis et cheville. L&rsquo;ensemble est donc non visible une fois mont\u00e9e. Vous aimerez donc non seulement l&rsquo;acheter mais aussi l&rsquo;installer tant il est <strong>facile<\/strong> d&rsquo;en profiter! Pensez juste \u00e0 vous munir de votre perceuse pour fixer la cheville&#8230;_x000D_n_x000D_nPar ailleurs, voici ses dimensions :_x000D_n<\/p>\n<ul>_x000D_n \t<\/p>\n<li>Le cercle diam\u00e8tre 5 cm<\/li>\n<p>_x000D_n \t<\/p>\n<li>Ecartement du mur 2,5 cm<\/li>\n<p>_x000D_n<\/ul>\n<p>_x000D_nEnfin, 1001 Pat\u00e8res vous recommande d&rsquo;installer le laiton sur un mur sombre comme il est actuellement tr\u00e8s tendance de le faire. La\u00a0<strong>combinaison d\u00e9coration d&rsquo;int\u00e9rieur noir et or rose est l&rsquo;actuel must-have<\/strong>. Le d\u00e9tail d&rsquo;une pat\u00e8re dans le m\u00eame esprit sera parfait._x000D_n_x000D_nSinon, pr\u00e9f\u00e9rez une installation sur des murs aux coloris chauds.<\/p>\n","protected":false},"excerpt":{"rendered":"<p>Porte-manteau cercle grand mod\u00e8le en <strong>laiton bross\u00e9<\/strong>\u00a0de la marque <em><strong>FERM LIVING<\/strong><\/em>. Jolie pat\u00e8re design en forme de cercle pour un usage de porte-manteau, porte-serviette ou porte-chapeau.\u00a0Elle est originale et \u00e9pur\u00e9e avec une forme douce et pratique. Une fois pos\u00e9e au mur \u00e0 l&rsquo;aide d&rsquo;une perceuse, elle permet de r\u00e9sister \u00e0 un poids de 5 kg environ.<\/p>\n","protected":false},"featured_media":1664,"comment_status":"closed","ping_status":"open","template":"","meta":[],"product_cat":[19,32,21,22,17,23],"product_tag":[26],"class_list":["post-352","product","type-product","status-publish","has-post-thumbnail","hentry","product_cat-collectivite","product_cat-entree-sejour","product_cat-entreprise","product_cat-pro","product_cat-salle-de-bain","product_cat-toilette-wc","product_tag-crochet-patere-patere-design-patere-murale-patere-porte-pateres-porte-serviette-porte-torchon","description-off"],"_links":{"self":[{"href":"https:\/\/roulettes.vaniseo.top\/index.php\/wp-json\/wp\/v2\/product\/352","targetHints":{"allow":["GET"]}}],"collection":[{"href":"https:\/\/roulettes.vaniseo.top\/index.php\/wp-json\/wp\/v2\/product"}],"about":[{"href":"https:\/\/roulettes.vaniseo.top\/index.php\/wp-json\/wp\/v2\/types\/product"}],"replies":[{"embeddable":true,"href":"https:\/\/roulettes.vaniseo.top\/index.php\/wp-json\/wp\/v2\/comments?post=352"}],"version-history":[{"count":0,"href":"https:\/\/roulettes.vaniseo.top\/index.php\/wp-json\/wp\/v2\/product\/352\/revisions"}],"wp:featuredmedia":[{"embeddable":true,"href":"https:\/\/roulettes.vaniseo.top\/index.php\/wp-json\/wp\/v2\/media\/1664"}],"wp:attachment":[{"href":"https:\/\/roulettes.vaniseo.top\/index.php\/wp-json\/wp\/v2\/media?parent=352"}],"wp:term":[{"taxonomy":"product_cat","embeddable":true,"href":"https:\/\/roulettes.vaniseo.top\/index.php\/wp-json\/wp\/v2\/product_cat?post=352"},{"taxonomy":"product_tag","embeddable":true,"href":"https:\/\/roulettes.vaniseo.top\/index.php\/wp-json\/wp\/v2\/product_tag?post=352"}],"curies":[{"name":"wp","href":"https:\/\/api.w.org\/{rel}","templated":true}]}}