{"id":353,"date":"2022-04-04T16:21:18","date_gmt":"2022-04-04T14:21:18","guid":{"rendered":"https:\/\/roulettes.vaniseo.top\/index.php\/produit\/patere-ronde-metal-noir-et-cerclage-laiton-ferm-living\/"},"modified":"2022-04-04T17:19:34","modified_gmt":"2022-04-04T15:19:34","slug":"patere-ronde-metal-noir-et-cerclage-laiton-ferm-living","status":"publish","type":"product","link":"https:\/\/roulettes.vaniseo.top\/index.php\/produit\/patere-ronde-metal-noir-et-cerclage-laiton-ferm-living\/","title":{"rendered":"Pat\u00e8re ronde m\u00e9tal noir et cerclage laiton FERM LIVING"},"content":{"rendered":"<h3>Porte manteau design cercle plat m\u00e9tal noir FERM LIVING<\/h3>\n<p>_x000D_n1001 Pat\u00e8res vous propose la <strong>pat\u00e8re ronde m\u00e9tal noir et cerclage laiton<\/strong> de <a href=\"https:\/\/fermliving.com\/\" target=\"_blank\" rel=\"noopener\"><strong>FERM LIVING<\/strong><\/a>. Ci dessous toutes les <strong>informations<\/strong> sp\u00e9cifiques produits et nos <strong>meilleurs conseils d&rsquo;utilisation<\/strong>._x000D_n_x000D_nLui comme son grand mod\u00e8le permettent un usage de porte-manteau, porte-serviette, ou encore porte-chapeau.\u00a0Leur <strong>forme<\/strong> est <strong>design<\/strong>\u00a0et <strong>minimaliste<\/strong>, le <strong>toucher doux et pratique<\/strong> sera agr\u00e9able._x000D_n_x000D_nC\u00f4t\u00e9 mati\u00e8re,\u00a0le <strong>laiton est de tr\u00e8s belle qualit\u00e9<\/strong>. La pat\u00e8re ronde en\u00a0<b>m\u00e9tal noir <\/b>est<strong> matte et teint\u00e9e dans la masse<\/strong>._x000D_n_x000D_nAinsi, vous appr\u00e9cierez sans h\u00e9siter un design de <strong>pat\u00e8re chic et moderne<\/strong>. C&rsquo;est d&rsquo;ailleurs toute la particularit\u00e9 de la marque <a href=\"https:\/\/1001pateres.com\/brand\/ferm-living\/\">Ferm Living<\/a>._x000D_n_x000D_nEn effet, cette marque danoise propose des produits de haute qualit\u00e9 au <strong>design minimaliste moderne<\/strong> et aux <strong>mat\u00e9riaux nobles tr\u00e8s \u00e9l\u00e9gants<\/strong>. Retrouvez par exemple sur notre site des <strong>pat\u00e8res \u00e0 crochet unique<\/strong> en marbre, en granit, en verre souffl\u00e9 ou comme ici en m\u00e9tal, en laiton._x000D_n_x000D_n&nbsp;_x000D_n<\/p>\n<h3>Utilisation de la pat\u00e8re ronde m\u00e9tal noir et cerclage laiton<\/h3>\n<p>_x000D_nC\u00f4t\u00e9 installation, vous aimerez profiter d&rsquo;une installation vraiment facile qui ne n\u00e9cessite que l&rsquo;usage de votre perceuse._x000D_n_x000D_nEn effet, le porte manteau design cercle plat comporte une base avec une tige viss\u00e9e de l&rsquo;int\u00e9rieur ainsi qu&rsquo;un syst\u00e8me d&rsquo;accrochage avec vis et cheville inclus. La vis n&rsquo;est pas visible une fois mont\u00e9e._x000D_n_x000D_nDimensions :_x000D_n<\/p>\n<ul>_x000D_n \t<\/p>\n<li>La tige longueur 2,3 cm X 1,6 cm de diam\u00e8tre de base<\/li>\n<p>_x000D_n \t<\/p>\n<li>L&#8217;embout cercle noir diam\u00e8tre 4 cm avec le laiton<\/li>\n<p>_x000D_n<\/ul>\n<p>_x000D_nC\u00f4t\u00e9 choix de zone \u00e0 la disposer, 1001 Pat\u00e8res vous recommande sur un <strong>mur noir<\/strong> pour un <strong>effet des plus styl\u00e9s<\/strong>! En effet, le <strong>cerclage laiton<\/strong> sera valoris\u00e9._x000D_n_x000D_nUne autre solution est sur un <strong>mur clair<\/strong> sans autre accessoire suspendu autour. Le <strong>minimaliste<\/strong> de la pi\u00e8ce sera tr\u00e8s \u00e9l\u00e9gant. L&rsquo;id\u00e9al serait bien s\u00fbr de <strong>le coupler avec son grand mod\u00e8le<\/strong> de la m\u00eame collection.<\/p>\n","protected":false},"excerpt":{"rendered":"<p>Porte-manteau <strong>cercle plat<\/strong>\u00a0en m\u00e9tal noir cercl\u00e9 de laiton\u00a0de la marque <em><strong>FERM LIVING<\/strong><\/em>. Jolie pat\u00e8re design en m\u00e9tal noir et laiton\u00a0pour un usage de porte-manteau, porte-serviette ou porte-chapeau.\u00a0Elle est originale et \u00e9pur\u00e9e avec une forme douce et pratique. Une fois pos\u00e9e au mur \u00e0 l&rsquo;aide d&rsquo;une perceuse, elle permet de r\u00e9sister \u00e0 un poids de 5 kg environ.<\/p>\n","protected":false},"featured_media":1666,"comment_status":"closed","ping_status":"open","template":"","meta":[],"product_cat":[32,17,23],"product_tag":[26],"class_list":["post-353","product","type-product","status-publish","has-post-thumbnail","hentry","product_cat-entree-sejour","product_cat-salle-de-bain","product_cat-toilette-wc","product_tag-crochet-patere-patere-design-patere-murale-patere-porte-pateres-porte-serviette-porte-torchon","description-off"],"_links":{"self":[{"href":"https:\/\/roulettes.vaniseo.top\/index.php\/wp-json\/wp\/v2\/product\/353","targetHints":{"allow":["GET"]}}],"collection":[{"href":"https:\/\/roulettes.vaniseo.top\/index.php\/wp-json\/wp\/v2\/product"}],"about":[{"href":"https:\/\/roulettes.vaniseo.top\/index.php\/wp-json\/wp\/v2\/types\/product"}],"replies":[{"embeddable":true,"href":"https:\/\/roulettes.vaniseo.top\/index.php\/wp-json\/wp\/v2\/comments?post=353"}],"version-history":[{"count":0,"href":"https:\/\/roulettes.vaniseo.top\/index.php\/wp-json\/wp\/v2\/product\/353\/revisions"}],"wp:featuredmedia":[{"embeddable":true,"href":"https:\/\/roulettes.vaniseo.top\/index.php\/wp-json\/wp\/v2\/media\/1666"}],"wp:attachment":[{"href":"https:\/\/roulettes.vaniseo.top\/index.php\/wp-json\/wp\/v2\/media?parent=353"}],"wp:term":[{"taxonomy":"product_cat","embeddable":true,"href":"https:\/\/roulettes.vaniseo.top\/index.php\/wp-json\/wp\/v2\/product_cat?post=353"},{"taxonomy":"product_tag","embeddable":true,"href":"https:\/\/roulettes.vaniseo.top\/index.php\/wp-json\/wp\/v2\/product_tag?post=353"}],"curies":[{"name":"wp","href":"https:\/\/api.w.org\/{rel}","templated":true}]}}