{"id":354,"date":"2022-04-04T16:21:18","date_gmt":"2022-04-04T14:21:18","guid":{"rendered":"https:\/\/roulettes.vaniseo.top\/index.php\/produit\/patere-oiseau-capventure-tete-de-ara-beige\/"},"modified":"2022-04-04T17:19:34","modified_gmt":"2022-04-04T15:19:34","slug":"patere-oiseau-capventure-tete-de-ara-beige","status":"publish","type":"product","link":"https:\/\/roulettes.vaniseo.top\/index.php\/produit\/patere-oiseau-capventure-tete-de-ara-beige\/","title":{"rendered":"Pat\u00e8re oiseau CapVenture : t\u00eate de ara beige"},"content":{"rendered":"<h3>Patere oiseau en r\u00e9sine: ara beige de CapVenture<\/h3>\n<p>_x000D_nLe <strong>n\u00b01 en France<\/strong> de la pat\u00e8re, <strong>1001 Pat\u00e8res<\/strong>, vous pr\u00e9sente une <strong>pat\u00e8re oiseau CapVenture<\/strong>. D\u00e9couvrez ici toutes les <strong>informations<\/strong> concernant la <strong>t\u00eate de ara beige<\/strong>._x000D_n_x000D_nEn effet, <strong>1001 Pat\u00e8res<\/strong> vous d\u00e9niche des <strong>marques internationales<\/strong> proposant des <strong>pat\u00e8res originales, design<\/strong> mais surtout au <strong>meilleur rapport qualit\u00e9 prix<\/strong>. Ainsi, CapVenture est tr\u00e8s bien repr\u00e9sent\u00e9e sur ce site pour ses <strong>cr\u00e9ations de t\u00eate d&rsquo;animaux<\/strong> comme <strong>pat\u00e8res murales design<\/strong>._x000D_n_x000D_nToutes sont en <strong>r\u00e9sine ultra robuste<\/strong>. Gr\u00e2ce \u00e0 cette r\u00e9sistance, il est possible de <strong>suspendre jusqu&rsquo;\u00e0 5 kg<\/strong> d&rsquo;effets personnels dessus. Alors, vous n&rsquo;aurez aucune difficult\u00e9 \u00e0 l&rsquo;installer aussi bien dans une entr\u00e9e, une salle de bain ou encore une chambre. Les solutions sont multiples._x000D_n_x000D_n&nbsp;_x000D_n<\/p>\n<h3>Les collections de pat\u00e8re oiseau CapVenture<\/h3>\n<p>_x000D_nSur ce site, nous proposons <strong>3 collections<\/strong> de <strong>pat\u00e8re oiseau <a href=\"https:\/\/1001pateres.com\/brand\/capventure\/\">CapVenture<\/a><\/strong>: <strong>Ferme<\/strong>, <strong>Zoo<\/strong>, et <strong>Animaux Sauvages<\/strong>. Ici, le <strong>ara beige<\/strong> n&rsquo;appartient \u00e0 aucune de ces collections mais est une collection \u00e0 lui tout seul, puisqu&rsquo;il est disponible aussi en <a href=\"https:\/\/1001pateres.com\/produit\/patere-design-perroquet-ara-noir\/\"><strong>noir<\/strong><\/a>, <a href=\"https:\/\/1001pateres.com\/produit\/patere-design-perroquet-ara-blanc\/\"><strong>blanc<\/strong><\/a>, et <a href=\"https:\/\/1001pateres.com\/produit\/patere-design-perroquet-gris-ciment\/\"><strong>gris ciment<\/strong><\/a>._x000D_n_x000D_nAinsi, quelque soit votre collection pr\u00e9f\u00e9r\u00e9e, vous pourrez cr\u00e9er de <strong>jolis univers d\u00e9coratifs<\/strong> en d\u00e9multipliant le nombre de pat\u00e8res install\u00e9es. <strong>D\u00e9corer<\/strong> et <strong>ranger<\/strong> en m\u00eame temps est l&rsquo;une des promesses de notre site!_x000D_n_x000D_nD&rsquo;ailleurs bon nombre de nos clients <strong>personnalisent la t\u00eate de l&rsquo;animal choisie<\/strong> \u00e0 chaque membre de la famille. Le rangement devient alors fun et ludique&#8230;_x000D_n_x000D_nEnfin, c\u00f4t\u00e9 <strong>installation<\/strong>, il vous suffit d&rsquo;une vis et cheville fournies et de votre perceuse. Pensez \u00e0 v\u00e9rifier les dimensions de votre pan de mur pour savoir combien de t\u00eate de perroquet vous pourrez installer:_x000D_n<\/p>\n<ul>_x000D_n \t<\/p>\n<li>T\u00eate du perroquet : 4 cm X 6 cm<\/li>\n<p>_x000D_n \t<\/p>\n<li>\u00c9cartement du mur : 5,5 cm<\/li>\n<p>_x000D_n<\/ul>\n","protected":false},"excerpt":{"rendered":"<p>Belle pat\u00e8re design oiseau\u00a0<strong>SAUVAGE\u00a0<\/strong>en forme de t\u00eate de perroquet ara beige mat de la marque <em><strong>CAPVENTURE<\/strong><\/em>.\u00a0Cette t\u00eate d&rsquo;oiseau sauvage est en r\u00e9sine.\u00a0Elle est \u00e0 poser dans la chambre ou dans l&rsquo;entr\u00e9e pour ne plus voir trainer ses affaires.<\/p>\n","protected":false},"featured_media":1668,"comment_status":"closed","ping_status":"open","template":"","meta":[],"product_cat":[16,32],"product_tag":[27],"class_list":["post-354","product","type-product","status-publish","has-post-thumbnail","hentry","product_cat-chambre-enfant","product_cat-entree-sejour","product_tag-crochet-patere-patere-design-patere-murale-patere-porte-pateres-porte-serviette-porte-torchon-vestiaire","description-off"],"_links":{"self":[{"href":"https:\/\/roulettes.vaniseo.top\/index.php\/wp-json\/wp\/v2\/product\/354","targetHints":{"allow":["GET"]}}],"collection":[{"href":"https:\/\/roulettes.vaniseo.top\/index.php\/wp-json\/wp\/v2\/product"}],"about":[{"href":"https:\/\/roulettes.vaniseo.top\/index.php\/wp-json\/wp\/v2\/types\/product"}],"replies":[{"embeddable":true,"href":"https:\/\/roulettes.vaniseo.top\/index.php\/wp-json\/wp\/v2\/comments?post=354"}],"version-history":[{"count":0,"href":"https:\/\/roulettes.vaniseo.top\/index.php\/wp-json\/wp\/v2\/product\/354\/revisions"}],"wp:featuredmedia":[{"embeddable":true,"href":"https:\/\/roulettes.vaniseo.top\/index.php\/wp-json\/wp\/v2\/media\/1668"}],"wp:attachment":[{"href":"https:\/\/roulettes.vaniseo.top\/index.php\/wp-json\/wp\/v2\/media?parent=354"}],"wp:term":[{"taxonomy":"product_cat","embeddable":true,"href":"https:\/\/roulettes.vaniseo.top\/index.php\/wp-json\/wp\/v2\/product_cat?post=354"},{"taxonomy":"product_tag","embeddable":true,"href":"https:\/\/roulettes.vaniseo.top\/index.php\/wp-json\/wp\/v2\/product_tag?post=354"}],"curies":[{"name":"wp","href":"https:\/\/api.w.org\/{rel}","templated":true}]}}