{"id":355,"date":"2022-04-04T16:21:18","date_gmt":"2022-04-04T14:21:18","guid":{"rendered":"https:\/\/roulettes.vaniseo.top\/index.php\/produit\/patere-tete-de-perroquet-ara-blanc-capventure\/"},"modified":"2022-04-04T17:19:34","modified_gmt":"2022-04-04T15:19:34","slug":"patere-tete-de-perroquet-ara-blanc-capventure","status":"publish","type":"product","link":"https:\/\/roulettes.vaniseo.top\/index.php\/produit\/patere-tete-de-perroquet-ara-blanc-capventure\/","title":{"rendered":"Pat\u00e8re t\u00eate de perroquet ara blanc CapVenture"},"content":{"rendered":"<h3>Porte manteau design t\u00eate de perroquet ara blanc en r\u00e9sine<\/h3>\n<p>_x000D_n<strong>1001 Pat\u00e8res<\/strong> vous donne ci dessous l&rsquo;ensemble des<strong> informations d\u00e9coratives et techniques<\/strong> au sujet de cette <strong>pat\u00e8re t\u00eate de perroquet ara blanc<\/strong> de chez <strong>CapVenture<\/strong>._x000D_n_x000D_nEn effet, <strong>1001 Pat\u00e8res est le n\u00b01 en France<\/strong> des ventes de pat\u00e8res. Pour ce faire, il s\u00e9lectionne partout dans le monde les <strong>meilleurs designs<\/strong> de pat\u00e8res, au <strong>meilleur rapport qualit\u00e9 prix<\/strong>. Ainsi, ici, d\u00e9couvrez <strong><a href=\"https:\/\/1001pateres.com\/brand\/capventure\/\">CapVenture<\/a><\/strong>, une marque des Pays-Bas, proposant des <strong>t\u00eates d&rsquo;animaux vari\u00e9es<\/strong>._x000D_n_x000D_nN&rsquo;h\u00e9sitez pas \u00e0 jeter un oeil aux<strong> collections ZOO, Ferme et Animaux Sauvages<\/strong>. Vous pourrez d&rsquo;ailleurs gr\u00e2ce \u00e0 elles, faire comme nos clients, <strong>d\u00e9multiplier le nombre de pat\u00e8res sur un m\u00eame pan de mur<\/strong> pour cr\u00e9er un v\u00e9ritable <strong>univers<\/strong>. Ici par exemple, cr\u00e9ez une v\u00e9ritable <strong>voli\u00e8re \u00e0 aras<\/strong>!_x000D_n_x000D_n&nbsp;_x000D_n<\/p>\n<h3>Pat\u00e8re t\u00eate de perroquet ara blanc<\/h3>\n<p>_x000D_nEn effet, la <strong>t\u00eate de perroquet CapVenture<\/strong> vous est ici pr\u00e9sent\u00e9e en <strong>blanc<\/strong>, mais elle existe \u00e9galement dans les coloris <strong><a href=\"https:\/\/1001pateres.com\/produit\/patere-design-perroquet-ara-noir\/\">noir<\/a>, <a href=\"https:\/\/1001pateres.com\/produit\/patere-design-perroquet-gris-ciment\/\">gris ciment<\/a> et <a href=\"https:\/\/1001pateres.com\/produit\/patere-design-perroquet-ara-beige\/\">beige<\/a><\/strong>._x000D_n_x000D_nPar ailleurs, toutes les t\u00eates d&rsquo;animaux sont en<strong> r\u00e9sine ultra robuste<\/strong>. Gr\u00e2ce \u00e0 cette r\u00e9sistance, vous pourrez donc les installer dans <strong>n&rsquo;importe quelle pi\u00e8ce de la maison<\/strong>. Ce v\u00e9ritable <strong>passe-partout<\/strong> est donc non seulement une <strong>promesse de rangement<\/strong> mais aussi de <strong>d\u00e9coration ludique<\/strong>!_x000D_n_x000D_nEnfin, c\u00f4t\u00e9 <strong>installation<\/strong>, rien de plus simple. Une vis et une cheville sont fournies. Il vous faudra donc seulement une perceuse pour la fixer rapidement o\u00f9 bon vous semble. Vous aimerez constater que le <strong>syst\u00e8me d&rsquo;accroche est invisible une fois fix\u00e9e<\/strong>._x000D_n_x000D_nToutefois, dans le cas o\u00f9 vous pensez d\u00e9multiplier le nombre de pat\u00e8res, pensez juste \u00e0 mesurer votre pan de mur et calculer combien d&rsquo;aras vous pourrez fixer. Voici les <strong>dimensions<\/strong> d&rsquo;une pat\u00e8re t\u00eate de perroquet ara ci dessous:_x000D_n<\/p>\n<ul>_x000D_n \t<\/p>\n<li>T\u00eate du perroquet ara CapVenture : 4 cm X 6 cm<\/li>\n<p>_x000D_n \t<\/p>\n<li>\u00c9cartement du mur : 5,5 cm<\/li>\n<p>_x000D_n<\/ul>\n","protected":false},"excerpt":{"rendered":"<p>Belle pat\u00e8re design oiseau\u00a0<strong>SAUVAGE\u00a0<\/strong>en forme de t\u00eate de perroquet ara blanc mat de la marque <em><strong>CAPVENTURE<\/strong><\/em>.\u00a0Cette t\u00eate d&rsquo;oiseau sauvage est en r\u00e9sine.\u00a0Elle est \u00e0 poser dans la chambre ou dans l&rsquo;entr\u00e9e pour ne plus voir trainer ses affaires.<\/p>\n","protected":false},"featured_media":1670,"comment_status":"closed","ping_status":"open","template":"","meta":[],"product_cat":[16,32],"product_tag":[27],"class_list":["post-355","product","type-product","status-publish","has-post-thumbnail","hentry","product_cat-chambre-enfant","product_cat-entree-sejour","product_tag-crochet-patere-patere-design-patere-murale-patere-porte-pateres-porte-serviette-porte-torchon-vestiaire","description-off"],"_links":{"self":[{"href":"https:\/\/roulettes.vaniseo.top\/index.php\/wp-json\/wp\/v2\/product\/355","targetHints":{"allow":["GET"]}}],"collection":[{"href":"https:\/\/roulettes.vaniseo.top\/index.php\/wp-json\/wp\/v2\/product"}],"about":[{"href":"https:\/\/roulettes.vaniseo.top\/index.php\/wp-json\/wp\/v2\/types\/product"}],"replies":[{"embeddable":true,"href":"https:\/\/roulettes.vaniseo.top\/index.php\/wp-json\/wp\/v2\/comments?post=355"}],"version-history":[{"count":0,"href":"https:\/\/roulettes.vaniseo.top\/index.php\/wp-json\/wp\/v2\/product\/355\/revisions"}],"wp:featuredmedia":[{"embeddable":true,"href":"https:\/\/roulettes.vaniseo.top\/index.php\/wp-json\/wp\/v2\/media\/1670"}],"wp:attachment":[{"href":"https:\/\/roulettes.vaniseo.top\/index.php\/wp-json\/wp\/v2\/media?parent=355"}],"wp:term":[{"taxonomy":"product_cat","embeddable":true,"href":"https:\/\/roulettes.vaniseo.top\/index.php\/wp-json\/wp\/v2\/product_cat?post=355"},{"taxonomy":"product_tag","embeddable":true,"href":"https:\/\/roulettes.vaniseo.top\/index.php\/wp-json\/wp\/v2\/product_tag?post=355"}],"curies":[{"name":"wp","href":"https:\/\/api.w.org\/{rel}","templated":true}]}}