{"id":356,"date":"2022-04-04T16:21:22","date_gmt":"2022-04-04T14:21:22","guid":{"rendered":"https:\/\/roulettes.vaniseo.top\/index.php\/produit\/patere-design-tete-de-perroquet-ara-noir-capventure\/"},"modified":"2022-04-04T17:19:36","modified_gmt":"2022-04-04T15:19:36","slug":"patere-design-tete-de-perroquet-ara-noir-capventure","status":"publish","type":"product","link":"https:\/\/roulettes.vaniseo.top\/index.php\/produit\/patere-design-tete-de-perroquet-ara-noir-capventure\/","title":{"rendered":"Pat\u00e8re design t\u00eate de perroquet ara noir CapVenture"},"content":{"rendered":"<h3>Pat\u00e8re murale design perroquet ara noir en r\u00e9sine<\/h3>\n<p>_x000D_nEnvie d&rsquo;oiseaux sauvages \u00e0 la maison? Choisissez par exemple cette <strong>pat\u00e8re design t\u00eate de perroquet ara noir sign\u00e9e CapVenture<\/strong>!_x000D_n_x000D_nEn effet, <strong>1001 Pat\u00e8res<\/strong> vous propose ci dessous toutes les informations concernant cette pat\u00e8re mais aussi sur sa marque.\u00a0Ainsi, commen\u00e7ons rapidement par pr\u00e9senter <strong><a href=\"https:\/\/1001pateres.com\/brand\/capventure\/\">CapVenture<\/a><\/strong>. Cette marque est originaire des Pays-Bas. Et comme toutes les marques choisies par 1001 Pat\u00e8res, celle-ci propose des <strong>produits design, pratiques au meilleur rapport qualit\u00e9 prix<\/strong>!_x000D_n_x000D_nRetrouvez d&rsquo;ailleurs, sur cette <strong>boutique N\u00b01 en France de pat\u00e8res<\/strong>, diff\u00e9rentes <strong>collections<\/strong> <strong>CapVenture<\/strong>: <strong>ZOO<\/strong>, <strong>Animaux Sauvages<\/strong>, <strong>FERME<\/strong>._x000D_n_x000D_n&nbsp;_x000D_n<\/p>\n<h3>Pat\u00e8re ara noir CapVenture<\/h3>\n<p>_x000D_nEn revanche, la <strong>pat\u00e8re ara<\/strong> n&rsquo;appartient \u00e0 aucune collection. Elle est cependant disponible en <strong>noire<\/strong>, comme ci-contre mais \u00e9galement en <a href=\"https:\/\/1001pateres.com\/produit\/patere-design-perroquet-ara-beige\/\">beige<\/a>, en <a href=\"https:\/\/1001pateres.com\/produit\/patere-design-perroquet-ara-blanc\/\">blanc<\/a>, et en <a href=\"https:\/\/1001pateres.com\/produit\/patere-design-perroquet-gris-ciment\/\">gris ciment<\/a>._x000D_n_x000D_nComme toutes les pat\u00e8res CapVenture, celle-ci est en<strong> r\u00e9sine ultra r\u00e9sistante<\/strong>. Elle permettra donc de <strong>supporter jusqu&rsquo;\u00e0 5 kg de poids<\/strong> d&rsquo;affaires suspendues. Vous n&rsquo;aurez donc aucun mal \u00e0 l&rsquo;utiliser aussi bien dans la cuisine, la sale de bain, la chambre ou dans votre entr\u00e9e. Un v\u00e9ritable <strong>passe-partout design<\/strong>!_x000D_n_x000D_nVous l&rsquo;aurez compris avec les produits 1001 Pat\u00e8res, vous avez non seulement de <strong>nouvelles possibilit\u00e9s de rangement<\/strong> mais aussi de d\u00e9coration d&rsquo;int\u00e9rieur! D&rsquo;ailleurs, bon nombre de nos clients aiment <strong>d\u00e9multiplier ces pat\u00e8res<\/strong> chez eux pour <strong>cr\u00e9er de v\u00e9ritables univers<\/strong>. Ainsi, <strong>cr\u00e9er une voli\u00e8re \u00e0 Aras<\/strong> en vous offrant non pas une mais <strong>plusieurs pat\u00e8res designs t\u00eate de perroquet<\/strong>&#8230;_x000D_n_x000D_n&nbsp;_x000D_n<\/p>\n<h3>Pat\u00e8re design t\u00eate de perroquet ara noir: installation<\/h3>\n<p>_x000D_nEnfin, pour son <strong>installation<\/strong>, munissez-vous d&rsquo;une perceuse, et de la vis + cheville fournies. La fixation de cette pat\u00e8re sera donc un <strong>jeu d&rsquo;enfant<\/strong>. Mais surtout vous aimerez constater que le syst\u00e8me d&rsquo;accrochage est <strong>invisible une fois install\u00e9e<\/strong>. Les finitions sont vraiment parfaites!_x000D_n_x000D_nToutefois, pensez \u00e0 v\u00e9rifier les dimensions de votre pan de mur pour \u00eatre s\u00fbr du nombre de ara installables!_x000D_n<\/p>\n<h3>Dimensions :<\/h3>\n<p>_x000D_n<\/p>\n<ul>_x000D_n \t<\/p>\n<li>T\u00eate du perroquet : 4 cm X 6 cm<\/li>\n<p>_x000D_n \t<\/p>\n<li>\u00c9cartement du mur : 5,5 cm<\/li>\n<p>_x000D_n<\/ul>\n","protected":false},"excerpt":{"rendered":"<p>Belle pat\u00e8re design oiseau\u00a0<strong>SAUVAGE\u00a0<\/strong>en forme de t\u00eate de perroquet ara noir mat de la marque <em><strong>CAPVENTURE<\/strong><\/em>.\u00a0Cette t\u00eate d&rsquo;oiseau sauvage est en r\u00e9sine.\u00a0Elle est \u00e0 poser dans la chambre ou dans l&rsquo;entr\u00e9e pour ne plus voir trainer ses affaires.<\/p>\n","protected":false},"featured_media":767,"comment_status":"closed","ping_status":"open","template":"","meta":[],"product_cat":[16,32],"product_tag":[27],"class_list":["post-356","product","type-product","status-publish","has-post-thumbnail","hentry","product_cat-chambre-enfant","product_cat-entree-sejour","product_tag-crochet-patere-patere-design-patere-murale-patere-porte-pateres-porte-serviette-porte-torchon-vestiaire","description-off"],"_links":{"self":[{"href":"https:\/\/roulettes.vaniseo.top\/index.php\/wp-json\/wp\/v2\/product\/356","targetHints":{"allow":["GET"]}}],"collection":[{"href":"https:\/\/roulettes.vaniseo.top\/index.php\/wp-json\/wp\/v2\/product"}],"about":[{"href":"https:\/\/roulettes.vaniseo.top\/index.php\/wp-json\/wp\/v2\/types\/product"}],"replies":[{"embeddable":true,"href":"https:\/\/roulettes.vaniseo.top\/index.php\/wp-json\/wp\/v2\/comments?post=356"}],"version-history":[{"count":0,"href":"https:\/\/roulettes.vaniseo.top\/index.php\/wp-json\/wp\/v2\/product\/356\/revisions"}],"wp:featuredmedia":[{"embeddable":true,"href":"https:\/\/roulettes.vaniseo.top\/index.php\/wp-json\/wp\/v2\/media\/767"}],"wp:attachment":[{"href":"https:\/\/roulettes.vaniseo.top\/index.php\/wp-json\/wp\/v2\/media?parent=356"}],"wp:term":[{"taxonomy":"product_cat","embeddable":true,"href":"https:\/\/roulettes.vaniseo.top\/index.php\/wp-json\/wp\/v2\/product_cat?post=356"},{"taxonomy":"product_tag","embeddable":true,"href":"https:\/\/roulettes.vaniseo.top\/index.php\/wp-json\/wp\/v2\/product_tag?post=356"}],"curies":[{"name":"wp","href":"https:\/\/api.w.org\/{rel}","templated":true}]}}