{"id":357,"date":"2022-04-04T16:21:22","date_gmt":"2022-04-04T14:21:22","guid":{"rendered":"https:\/\/roulettes.vaniseo.top\/index.php\/produit\/patere-design-tete-de-perroquet-ara-gris-ciment-capventure\/"},"modified":"2022-04-04T17:19:37","modified_gmt":"2022-04-04T15:19:37","slug":"patere-design-tete-de-perroquet-ara-gris-ciment-capventure","status":"publish","type":"product","link":"https:\/\/roulettes.vaniseo.top\/index.php\/produit\/patere-design-tete-de-perroquet-ara-gris-ciment-capventure\/","title":{"rendered":"Pat\u00e8re design t\u00eate de perroquet ara gris ciment CapVenture"},"content":{"rendered":"<h3>Porte manteau mural en r\u00e9sine\u00a0CapVenture: t\u00eate de perroquet ara gris<\/h3>\n<p>_x000D_n<strong>1001 Pat\u00e8res<\/strong> vous propose de d\u00e9couvrir ci dessous l&rsquo;ensemble des informations d\u00e9coratives et techniques concernant la <strong>pat\u00e8re design t\u00eate de perroquet ara gris ciment<\/strong>._x000D_n_x000D_nEn effet, <strong>1001 Pat\u00e8res<\/strong> choisit des marques internationales, ici le Pays-Bas pour CapVenture, proposant des <strong>pat\u00e8res designs<\/strong> et <strong>au bon rapport qualit\u00e9 prix<\/strong>._x000D_n_x000D_nAinsi, avec <a href=\"https:\/\/1001pateres.com\/brand\/capventure\/\">CapVenture<\/a>, tr\u00e8s repr\u00e9sent\u00e9e sur cette boutique en ligne, profitez de pat\u00e8res murales en forme de<strong> t\u00eates d&rsquo;animaux<\/strong>. Les <strong>collections<\/strong> <strong>ZOO<\/strong>, <strong>Animaux Sauvages<\/strong> et <strong>Ferme<\/strong> vous attendent._x000D_n_x000D_n&nbsp;_x000D_n<\/p>\n<h3>Pat\u00e8re design t\u00eates d&rsquo;ara en plusieurs coloris<\/h3>\n<p>_x000D_nGr\u00e2ce \u00e0 ces diff\u00e9rentes <strong>collections<\/strong> vous pourrez cr\u00e9er de <strong>v\u00e9ritables univers d\u00e9coratifs<\/strong>, comme solutions de rangement. En <strong>d\u00e9multipliant<\/strong> le nombre de pat\u00e8res, vous <strong>maximiserez le rangement<\/strong> avec auto-d\u00e9rision! En effet, de nombreux clients, choisissent plusieurs r\u00e9f\u00e9rences d&rsquo;une m\u00eame collection et personnalise la t\u00eate d&rsquo;animal \u00e0 chaque membre de la famille. <strong>Humour garanti<\/strong>!_x000D_n_x000D_nIci le ara <strong>gris ciment<\/strong> n&rsquo;appartient \u00e0 aucune collection, mais est disponible \u00e9galement en d&rsquo;<strong>autres coloris<\/strong> comme le <a href=\"https:\/\/1001pateres.com\/produit\/patere-design-perroquet-ara-beige\/\">beige<\/a>, le <a href=\"https:\/\/1001pateres.com\/produit\/patere-design-perroquet-ara-blanc\/\">blanc<\/a>, et le <a href=\"https:\/\/1001pateres.com\/produit\/patere-design-perroquet-ara-noir\/\">noir<\/a>._x000D_n_x000D_n&nbsp;_x000D_n<\/p>\n<h3>Pat\u00e8re design t\u00eate de perroquet ara gris ciment<\/h3>\n<p>_x000D_nCe porte manteau mural est en <strong>r\u00e9sine<\/strong>. Ainsi, tr\u00e8s <strong>r\u00e9sistant<\/strong>, il permet un support de <strong>charge sup\u00e9rieur \u00e0 5 kg<\/strong>. Vous n&rsquo;aurez donc aucun doute de l&rsquo;utiliser indiff\u00e9remment dans la cuisine, le salon, la chambre ou dans votre entr\u00e9e. Un v\u00e9ritable passe-partout <strong>robuste<\/strong>!_x000D_n_x000D_nEnfin, pour l&rsquo;installer, il vous suffit simplement de vous munir de la <strong>cheville et de la vis fournies<\/strong>, et de votre perceuse. Une fois l&rsquo;installation termin\u00e9e, vous aimerez constatez que le <strong>syst\u00e8me d&rsquo;accrochage est compl\u00e8tement invisible<\/strong>: la finition est donc parfaite!_x000D_n_x000D_nDans le cas o\u00f9 vous souhaiteriez en installer plusieurs, pensez \u00e0 comparer les dimensions de votre pan de mur \u00e0 celui d&rsquo;une pat\u00e8re, vous pourrez ainsi d\u00e9finir le nombre de pat\u00e8re maximale installable._x000D_n_x000D_n<strong>Dimensions<\/strong> :_x000D_n<\/p>\n<ul>_x000D_n \t<\/p>\n<li>La t\u00eate du perroquet : 4 cm X 6 cm<\/li>\n<p>_x000D_n \t<\/p>\n<li>\u00c9cartement du mur : 5,5 cm<\/li>\n<p>_x000D_n<\/ul>\n","protected":false},"excerpt":{"rendered":"<p>Belle pat\u00e8re design oiseau\u00a0<strong>SAUVAGE\u00a0<\/strong>en forme de t\u00eate de perroquet ara gris ciment de la marque <em><strong>CAPVENTURE<\/strong><\/em>.\u00a0Cette t\u00eate d&rsquo;oiseau sauvage est en r\u00e9sine.\u00a0Elle est \u00e0 poser dans la chambre ou dans l&rsquo;entr\u00e9e pour ne plus voir trainer ses affaires.<\/p>\n","protected":false},"featured_media":1674,"comment_status":"closed","ping_status":"open","template":"","meta":[],"product_cat":[16,32],"product_tag":[27],"class_list":["post-357","product","type-product","status-publish","has-post-thumbnail","hentry","product_cat-chambre-enfant","product_cat-entree-sejour","product_tag-crochet-patere-patere-design-patere-murale-patere-porte-pateres-porte-serviette-porte-torchon-vestiaire","description-off"],"_links":{"self":[{"href":"https:\/\/roulettes.vaniseo.top\/index.php\/wp-json\/wp\/v2\/product\/357","targetHints":{"allow":["GET"]}}],"collection":[{"href":"https:\/\/roulettes.vaniseo.top\/index.php\/wp-json\/wp\/v2\/product"}],"about":[{"href":"https:\/\/roulettes.vaniseo.top\/index.php\/wp-json\/wp\/v2\/types\/product"}],"replies":[{"embeddable":true,"href":"https:\/\/roulettes.vaniseo.top\/index.php\/wp-json\/wp\/v2\/comments?post=357"}],"version-history":[{"count":0,"href":"https:\/\/roulettes.vaniseo.top\/index.php\/wp-json\/wp\/v2\/product\/357\/revisions"}],"wp:featuredmedia":[{"embeddable":true,"href":"https:\/\/roulettes.vaniseo.top\/index.php\/wp-json\/wp\/v2\/media\/1674"}],"wp:attachment":[{"href":"https:\/\/roulettes.vaniseo.top\/index.php\/wp-json\/wp\/v2\/media?parent=357"}],"wp:term":[{"taxonomy":"product_cat","embeddable":true,"href":"https:\/\/roulettes.vaniseo.top\/index.php\/wp-json\/wp\/v2\/product_cat?post=357"},{"taxonomy":"product_tag","embeddable":true,"href":"https:\/\/roulettes.vaniseo.top\/index.php\/wp-json\/wp\/v2\/product_tag?post=357"}],"curies":[{"name":"wp","href":"https:\/\/api.w.org\/{rel}","templated":true}]}}