{"id":358,"date":"2022-04-04T16:21:22","date_gmt":"2022-04-04T14:21:22","guid":{"rendered":"https:\/\/roulettes.vaniseo.top\/index.php\/produit\/porte-manteau-scolaire-avec-porte-nom\/"},"modified":"2022-04-04T17:19:37","modified_gmt":"2022-04-04T15:19:37","slug":"porte-manteau-scolaire-avec-porte-nom","status":"publish","type":"product","link":"https:\/\/roulettes.vaniseo.top\/index.php\/produit\/porte-manteau-scolaire-avec-porte-nom\/","title":{"rendered":"Porte manteau scolaire avec porte-nom"},"content":{"rendered":"<h3>Pat\u00e8re \u00e9cole en aluminium mat chrom\u00e9 avec porte-nom<\/h3>\n<p>_x000D_nM\u00eame si ce n&rsquo;est pas encore la <strong>rentr\u00e9e\u00a0<\/strong><b>scolaire<\/b>, il est <strong>toujours d&rsquo;utile d&rsquo;anticiper<\/strong> et de s\u00e9lectionner le bon <strong>porte manteau scolaire avec porte-nom<\/strong>. Ainsi, d\u00e9couvrez ici le compromis parfait que vous a d\u00e9got\u00e9 <strong>1001 Pat\u00e8res<\/strong>._x000D_n_x000D_nEn effet, <a href=\"https:\/\/1001pateres.com\/brand\/1001pateres\/\"><strong>1001 Pat\u00e8res<\/strong><\/a> est le sp\u00e9cialiste de la <strong>pat\u00e8re<\/strong>, mais surtout le <strong>num\u00e9ro 1 en France<\/strong>. C&rsquo;est dire si sa client\u00e8le reste fid\u00e8le \u00e0 la qualit\u00e9 de ses produits. Ainsi, si vous aussi souhaitez franchir le pas d&rsquo;<strong>acheter en ligne vos porte-manteaux<\/strong> faites un choix s\u00fbr avec 1001 Pat\u00e8res!_x000D_n_x000D_nPar ailleurs, sa vision de la pat\u00e8re est un produit qui \u00e0 la fois <strong>d\u00e9core<\/strong> et aide au <strong>rangement<\/strong>, le tout dans un <strong>rapport qualit\u00e9 prix incomparable<\/strong>!_x000D_n_x000D_nAinsi, cette pat\u00e8re est particuli\u00e8rement id\u00e9ale pour les\u00a0<strong>vestiaires<\/strong> d&rsquo;une \u00e9cole, de toute collectivit\u00e9, d&rsquo;une <strong>entreprise<\/strong> (avec du coup beaucoup d&rsquo;humour) ou tout simplement pour une <strong>entr\u00e9e<\/strong> ou la <strong>chambre d&rsquo;un enfant<\/strong>. Vous aimerez sa mati\u00e8re qualitative en <em><strong>aluminium<\/strong><\/em> de <strong>couleur matte chrom\u00e9e<\/strong>._x000D_n_x000D_nBien s\u00fbr, elle pourra \u00eatre utilis\u00e9e comme <strong>porte-v\u00eatements<\/strong>, mais aussi comme <strong>porte-\u00e9charpes<\/strong> ou <strong>porte-sacs<\/strong>. Du fait de devoir <strong>d\u00e9fier les ann\u00e9es<\/strong> dans une \u00e9cole, mais aussi les <strong>traitements<\/strong> pas toujours tendres de nos bambins: ce porte manteau scolaire avec porte nom se veut vraiment <strong>robuste<\/strong>!_x000D_n_x000D_nNos clients aiment le fait d&rsquo;avoir un <strong>embout boule qui ne marque pas les v\u00eatements<\/strong> mais aussi la <strong>pr\u00e9sence d&rsquo;un porte-nom avec une plaque amovible.<\/strong>_x000D_n_x000D_n&nbsp;_x000D_n<\/p>\n<h2>Porte manteau scolaire avec porte-nom: son installation<\/h2>\n<p>_x000D_nC\u00f4t\u00e9 installation, ce<strong> porte manteau scolaire est mural<\/strong> et son design tr\u00e8s <strong>\u00e9pur\u00e9<\/strong>. C&rsquo;est pourquoi cette pat\u00e8re peut se poser id\u00e9alement sur une <strong>planche de bois dans tout vestiaire collectif<\/strong>&#8230;_x000D_n_x000D_nDe plus, un syst\u00e8me d&rsquo;accrochage avec ses vis sont fournies.\u00a0Elle est facile \u00e0 poser sur un mur ou sur un socle en bois. Sa fixation n\u00e9cessite toutefois un tournevis._x000D_n_x000D_nVous l&rsquo;aurez compris, de couleur mat chrom\u00e9e, cette pat\u00e8re conviendra parfaitement dans un univers de vestiaires de <a href=\"https:\/\/1001pateres.com\/pro\/\">collectivit\u00e9<\/a>, et tout particuli\u00e8rement pour les \u00e9coles._x000D_n_x000D_nDimensions :_x000D_n<\/p>\n<ul>_x000D_n \t<\/p>\n<li>Hauteur 11 cm<\/li>\n<p>_x000D_n \t<\/p>\n<li>Largeur 8 cm<\/li>\n<p>_x000D_n \t<\/p>\n<li>Dim de la plaque pour le nom 5,3 cm X 3,2 cm<\/li>\n<p>_x000D_n \t<\/p>\n<li>Ecartement du mur du crochet 3,2 cm<\/li>\n<p>_x000D_n \t<\/p>\n<li>Vis de 2,6 cm<\/li>\n<p>_x000D_n<\/ul>\n","protected":false},"excerpt":{"rendered":"<p>Pratique porte-manteau pour<strong> vestiaire<\/strong>\u00a0scolaire en <em><strong>aluminium mat chrom\u00e9<\/strong><\/em> qui peut servir de porte-v\u00eatement, porte-\u00e9charpe, porte-sac.\u00a0Il est mural, comporte un porte-nom int\u00e9gr\u00e9 et un design \u00e9pur\u00e9. un fois correctement fix\u00e9 il permet de supporter une charge de 5 kg. Il peut se fixer au mur ou sur une planche de bois pour servir de vestiaire dans les collectivit\u00e9s.<\/p>\n","protected":false},"featured_media":1676,"comment_status":"closed","ping_status":"open","template":"","meta":[],"product_cat":[16,19,21,22],"product_tag":[27],"class_list":["post-358","product","type-product","status-publish","has-post-thumbnail","hentry","product_cat-chambre-enfant","product_cat-collectivite","product_cat-entreprise","product_cat-pro","product_tag-crochet-patere-patere-design-patere-murale-patere-porte-pateres-porte-serviette-porte-torchon-vestiaire","description-off"],"_links":{"self":[{"href":"https:\/\/roulettes.vaniseo.top\/index.php\/wp-json\/wp\/v2\/product\/358","targetHints":{"allow":["GET"]}}],"collection":[{"href":"https:\/\/roulettes.vaniseo.top\/index.php\/wp-json\/wp\/v2\/product"}],"about":[{"href":"https:\/\/roulettes.vaniseo.top\/index.php\/wp-json\/wp\/v2\/types\/product"}],"replies":[{"embeddable":true,"href":"https:\/\/roulettes.vaniseo.top\/index.php\/wp-json\/wp\/v2\/comments?post=358"}],"version-history":[{"count":0,"href":"https:\/\/roulettes.vaniseo.top\/index.php\/wp-json\/wp\/v2\/product\/358\/revisions"}],"wp:featuredmedia":[{"embeddable":true,"href":"https:\/\/roulettes.vaniseo.top\/index.php\/wp-json\/wp\/v2\/media\/1676"}],"wp:attachment":[{"href":"https:\/\/roulettes.vaniseo.top\/index.php\/wp-json\/wp\/v2\/media?parent=358"}],"wp:term":[{"taxonomy":"product_cat","embeddable":true,"href":"https:\/\/roulettes.vaniseo.top\/index.php\/wp-json\/wp\/v2\/product_cat?post=358"},{"taxonomy":"product_tag","embeddable":true,"href":"https:\/\/roulettes.vaniseo.top\/index.php\/wp-json\/wp\/v2\/product_tag?post=358"}],"curies":[{"name":"wp","href":"https:\/\/api.w.org\/{rel}","templated":true}]}}