{"id":361,"date":"2022-04-04T16:21:22","date_gmt":"2022-04-04T14:21:22","guid":{"rendered":"https:\/\/roulettes.vaniseo.top\/index.php\/produit\/patere-murale-grand-modele-argent-chrome-uno-superliving\/"},"modified":"2022-04-04T17:19:38","modified_gmt":"2022-04-04T15:19:38","slug":"patere-murale-grand-modele-argent-chrome-uno-superliving","status":"publish","type":"product","link":"https:\/\/roulettes.vaniseo.top\/index.php\/produit\/patere-murale-grand-modele-argent-chrome-uno-superliving\/","title":{"rendered":"Pat\u00e8re murale grand mod\u00e8le argent chrom\u00e9 UNO SUPERLIVING"},"content":{"rendered":"<h4>Porte-manteau rond argent chrom\u00e9 SUPERLIVING.<\/h4>\n<p>_x000D_nPat\u00e8re murale grand mod\u00e8le <strong>argent chrom\u00e9<\/strong>\u00a0UNO\u00a0<em><strong>SUPERLIVING<\/strong><\/em> pour un usage de porte-manteau, porte-serviette, porte-chapeau._x000D_n_x000D_nD&rsquo;abord, sa forme ronde est originale\u00a0et \u00e9pur\u00e9e avec une utilisation tr\u00e8s pratique._x000D_n_x000D_nLe chrome est de tr\u00e8s belle qualit\u00e9 et la grandeur du cercle permet aux v\u00eatements d&rsquo;\u00e9viter de tomber au sol._x000D_n_x000D_nCette pat\u00e8re argent UNO SUPERLIVING comporte une base ronde avec deux trous pour les vis et un syst\u00e8me d&rsquo;accrochage avec ses vis et ses cheville._x000D_n_x000D_nCelle-ci s&rsquo;adaptera dans toutes les pi\u00e8ces et plus particuli\u00e8rement dans l&rsquo;entr\u00e9e ou dans la salle de bain. De plus elle apportera une touche de modernit\u00e9 \u00e0 votre univers._x000D_n_x000D_nCe mod\u00e8le est facile \u00e0 poser mais n\u00e9cessite une per\u00e7euse pour positionner la cheville._x000D_n<\/p>\n<h4>Dimensions :<\/h4>\n<p>_x000D_n<\/p>\n<ul>_x000D_n \t<\/p>\n<li>Le cercle diam\u00e8tre 9 cm<\/li>\n<p>_x000D_n \t<\/p>\n<li>Ecartement du mur 4,2 cm<\/li>\n<p>_x000D_n<\/ul>\n","protected":false},"excerpt":{"rendered":"<p>Pat\u00e8re murale grand mod\u00e8le <strong>argent chrom\u00e9<\/strong> UNO <em><strong>SUPERLIVING<\/strong><\/em>. Jolie pat\u00e8re design en forme de cercle pour un usage de porte-manteau, porte-serviette ou porte-chapeau.\u00a0Elle est originale et \u00e9pur\u00e9e avec une forme douce et pratique, id\u00e9ale dans l&rsquo;entr\u00e9e ou dans la salle de bain. Une fois pos\u00e9e au mur \u00e0 l&rsquo;aide d&rsquo;une perceuse, elle permet de r\u00e9sister \u00e0 un poids de 5 kg environ.<\/p>\n","protected":false},"featured_media":1684,"comment_status":"closed","ping_status":"open","template":"","meta":[],"product_cat":[19,32,21,22,17],"product_tag":[26],"class_list":["post-361","product","type-product","status-publish","has-post-thumbnail","hentry","product_cat-collectivite","product_cat-entree-sejour","product_cat-entreprise","product_cat-pro","product_cat-salle-de-bain","product_tag-crochet-patere-patere-design-patere-murale-patere-porte-pateres-porte-serviette-porte-torchon","description-off"],"_links":{"self":[{"href":"https:\/\/roulettes.vaniseo.top\/index.php\/wp-json\/wp\/v2\/product\/361","targetHints":{"allow":["GET"]}}],"collection":[{"href":"https:\/\/roulettes.vaniseo.top\/index.php\/wp-json\/wp\/v2\/product"}],"about":[{"href":"https:\/\/roulettes.vaniseo.top\/index.php\/wp-json\/wp\/v2\/types\/product"}],"replies":[{"embeddable":true,"href":"https:\/\/roulettes.vaniseo.top\/index.php\/wp-json\/wp\/v2\/comments?post=361"}],"version-history":[{"count":0,"href":"https:\/\/roulettes.vaniseo.top\/index.php\/wp-json\/wp\/v2\/product\/361\/revisions"}],"wp:featuredmedia":[{"embeddable":true,"href":"https:\/\/roulettes.vaniseo.top\/index.php\/wp-json\/wp\/v2\/media\/1684"}],"wp:attachment":[{"href":"https:\/\/roulettes.vaniseo.top\/index.php\/wp-json\/wp\/v2\/media?parent=361"}],"wp:term":[{"taxonomy":"product_cat","embeddable":true,"href":"https:\/\/roulettes.vaniseo.top\/index.php\/wp-json\/wp\/v2\/product_cat?post=361"},{"taxonomy":"product_tag","embeddable":true,"href":"https:\/\/roulettes.vaniseo.top\/index.php\/wp-json\/wp\/v2\/product_tag?post=361"}],"curies":[{"name":"wp","href":"https:\/\/api.w.org\/{rel}","templated":true}]}}