{"id":362,"date":"2022-04-04T16:21:22","date_gmt":"2022-04-04T14:21:22","guid":{"rendered":"https:\/\/roulettes.vaniseo.top\/index.php\/produit\/miroir-avec-pateres-chromees-pour-entree-peek-umbra\/"},"modified":"2022-04-04T17:19:39","modified_gmt":"2022-04-04T15:19:39","slug":"miroir-avec-pateres-chromees-pour-entree-peek-umbra","status":"publish","type":"product","link":"https:\/\/roulettes.vaniseo.top\/index.php\/produit\/miroir-avec-pateres-chromees-pour-entree-peek-umbra\/","title":{"rendered":"Miroir avec pat\u00e8res chrom\u00e9es pour entr\u00e9e PEEK UMBRA"},"content":{"rendered":"<h3>Vestiaire mural avec miroir chrom\u00e9 pour entr\u00e9e Umbra<\/h3>\n<p>_x000D_n<strong>1001 Pat\u00e8res<\/strong> vous propose d&rsquo;en savoir plus sur ce mod\u00e8le de <strong>miroir avec pat\u00e8res chrom\u00e9es pour entr\u00e9e<\/strong>. Tout d&rsquo;abord, celui-ci est r\u00e9f\u00e9renc\u00e9e sous le nom de <strong>Peek<\/strong> par la marque <a href=\"https:\/\/1001pateres.com\/brand\/umbra\/\"><strong>UMBRA<\/strong><\/a>._x000D_n_x000D_n<a href=\"https:\/\/eu.umbra.com\" target=\"_blank\" rel=\"noopener noreferrer\"><strong>UMBRA<\/strong><\/a> est la marque \u00e0 conna\u00eetre chez 1001 Pat\u00e8res. En effet, c&rsquo;est la marque <strong>la plus vendue sur ce site<\/strong> N\u00b01 de la vente en ligne de pat\u00e8res en France. Sp\u00e9cialis\u00e9e dans la <a href=\"https:\/\/1001pateres.com\/produit\/porte-manteaux-5-pateres-metal-umbra\/\">pat\u00e8re d\u00e9ployante<\/a>, l&rsquo;entreprise canadienne propose des <strong>solutions design et gain de place<\/strong>. A la fois <strong>d\u00e9corative<\/strong> et <strong>efficace<\/strong> en mati\u00e8re de <strong>rangement<\/strong>, Umbra propose des produits de <strong>belle qualit\u00e9<\/strong>._x000D_n_x000D_n&nbsp;_x000D_n<\/p>\n<h3>Miroir avec pat\u00e8res Peek : ses caract\u00e9ristiques sp\u00e9cifiques<\/h3>\n<p>_x000D_nAinsi, ici\u00a0<strong>PEEK\u00a0<\/strong>ne r\u00e9pond pas \u00e0 cette sp\u00e9cialit\u00e9 de pat\u00e8res mobiles. L\u00e0, trouvez plut\u00f4t un ensemble <strong>miroir arrondi sur la partie sup\u00e9rieure<\/strong> et\u00a0<strong>5 pat\u00e8res rondes chrom\u00e9es sur la partie inf\u00e9rieure<\/strong>. Cet ensemble est\u00a0id\u00e9al pour une entr\u00e9e d&rsquo;appartement ou de maison par exemple. Elle accueille ainsi <strong>accessoires, sacs, et vestes l\u00e9g\u00e8res<\/strong>. Elle offre une solution pour <strong>ajuster son look<\/strong> face \u00e0 un grand miroir avant de sortir ou d&rsquo;accueillir ses invit\u00e9s._x000D_n_x000D_nC\u00f4t\u00e9 installation, Peek comporte un syst\u00e8me d&rsquo;accrochage avec 2 vis ainsi que 2 chevilles fournies. Munissez vous simplement de votre propre perceuse et le tour est jou\u00e9!_x000D_n_x000D_nOriginal et de belle qualit\u00e9, <strong>le support du miroir est en bois blanc<\/strong>. Quand aux <strong>pat\u00e8res<\/strong>, elles sont en <strong>acier chrom\u00e9es mat<\/strong>. Cette r\u00e9f\u00e9rence offre v\u00e9ritablement une\u00a0<span style=\"line-height: 1.5\">touche de <strong>modernit\u00e9<\/strong> dans votre maison tout en restant tr\u00e8s pratique.<\/span>_x000D_n_x000D_nPensez seulement \u00e0 v\u00e9rifier l&rsquo;espace futur allou\u00e9 \u00e0 ce miroir pour \u00eatre s\u00fbr que les <strong>dimensions<\/strong> ci dessous s&rsquo;accordent._x000D_n<\/p>\n<ul>_x000D_n \t<\/p>\n<li>Miroir avec pat\u00e8res: 50,5 cm X 40,5 cm.<\/li>\n<p>_x000D_n \t<\/p>\n<li>Ecartement des pat\u00e8res par rapport au mur: 1,7 cm<\/li>\n<p>_x000D_n<\/ul>\n<p>_x000D_nN&rsquo;h\u00e9sitez pas \u00e0 nous contacter pour toutes autres questions. Nous pourrons bien s\u00fbr vous r\u00e9pondre rapidement. Pour cela, utilisez notre formulaire de contact.<\/p>\n","protected":false},"excerpt":{"rendered":"<p>Vestiaire d&rsquo;entr\u00e9e avec\u00a0miroir mural mod\u00e8le <strong>PEEK<\/strong> de la marque <em><strong>UMBRA<\/strong><\/em> blanc. Ce vestiaire\u00a0PEEK \u00e0 5 pat\u00e8res poss\u00e8de un miroir id\u00e9al pour une entr\u00e9e d&rsquo;appartement ou de maison pour ranger ses affaires mais aussi \u00e9charpes ou chapeaux. Il est original et de belle qualit\u00e9 en bois blanc.<\/p>\n","protected":false},"featured_media":1685,"comment_status":"closed","ping_status":"open","template":"","meta":[],"product_cat":[32],"product_tag":[25],"class_list":["post-362","product","type-product","status-publish","has-post-thumbnail","hentry","product_cat-entree-sejour","product_tag-crochet-patere-patere-design-patere-murale-patere-porte-pateres-porte-manteau-porte-serviette-porte-torchon-vestiaire","description-off"],"_links":{"self":[{"href":"https:\/\/roulettes.vaniseo.top\/index.php\/wp-json\/wp\/v2\/product\/362","targetHints":{"allow":["GET"]}}],"collection":[{"href":"https:\/\/roulettes.vaniseo.top\/index.php\/wp-json\/wp\/v2\/product"}],"about":[{"href":"https:\/\/roulettes.vaniseo.top\/index.php\/wp-json\/wp\/v2\/types\/product"}],"replies":[{"embeddable":true,"href":"https:\/\/roulettes.vaniseo.top\/index.php\/wp-json\/wp\/v2\/comments?post=362"}],"version-history":[{"count":0,"href":"https:\/\/roulettes.vaniseo.top\/index.php\/wp-json\/wp\/v2\/product\/362\/revisions"}],"wp:featuredmedia":[{"embeddable":true,"href":"https:\/\/roulettes.vaniseo.top\/index.php\/wp-json\/wp\/v2\/media\/1685"}],"wp:attachment":[{"href":"https:\/\/roulettes.vaniseo.top\/index.php\/wp-json\/wp\/v2\/media?parent=362"}],"wp:term":[{"taxonomy":"product_cat","embeddable":true,"href":"https:\/\/roulettes.vaniseo.top\/index.php\/wp-json\/wp\/v2\/product_cat?post=362"},{"taxonomy":"product_tag","embeddable":true,"href":"https:\/\/roulettes.vaniseo.top\/index.php\/wp-json\/wp\/v2\/product_tag?post=362"}],"curies":[{"name":"wp","href":"https:\/\/api.w.org\/{rel}","templated":true}]}}