{"id":363,"date":"2022-04-04T16:21:22","date_gmt":"2022-04-04T14:21:22","guid":{"rendered":"https:\/\/roulettes.vaniseo.top\/index.php\/produit\/vide-poche-mural-design-metal-blanc-3-pateres-cradle-umbra\/"},"modified":"2022-04-04T17:19:40","modified_gmt":"2022-04-04T15:19:40","slug":"vide-poche-mural-design-metal-blanc-3-pateres-cradle-umbra","status":"publish","type":"product","link":"https:\/\/roulettes.vaniseo.top\/index.php\/produit\/vide-poche-mural-design-metal-blanc-3-pateres-cradle-umbra\/","title":{"rendered":"Vide poche mural design m\u00e9tal blanc 3 pat\u00e8res CRADLE UMBRA"},"content":{"rendered":"<h3>Vide poche pour entr\u00e9e avec pat\u00e8res CRADLE UMBRA<\/h3>\n<p>_x000D_n<strong>1001 Pat\u00e8res<\/strong> vous propose ici de conna\u00eetre toutes les informations li\u00e9es \u00e0 cette r\u00e9f\u00e9rence <strong>CRADLE<\/strong> de la marque <strong><a href=\"https:\/\/eu.umbra.com\" target=\"_blank\" rel=\"noopener noreferrer\">Umbra<\/a><\/strong>. Tout d&rsquo;abord il faut savoir qu&rsquo;il s&rsquo;agit d&rsquo;un <strong>vide poche mural design en m\u00e9tal blanc<\/strong> offrant aussi<strong> 3 pat\u00e8res<\/strong>._x000D_n_x000D_nPar ailleurs, il est int\u00e9ressant de savoir que sa marque est tr\u00e8s r\u00e9put\u00e9e sur notre site. <a href=\"https:\/\/1001pateres.com\/brand\/umbra\/\">Umbra<\/a> est <strong>LA plus vendue chez 1001 Pat\u00e8res<\/strong>, n\u00b01 des boutiques en ligne de pat\u00e8res en France! En effet, retrouvez par exemple de nombreuses collections, comme Skyline, <a href=\"https:\/\/1001pateres.com\/produit\/porte-manteaux-sticks-umbra-noir\/\">Sticks<\/a> utilisant leur sp\u00e9cificit\u00e9: la <strong><a href=\"https:\/\/1001pateres.com\/produit\/porte-manteaux-3-pateres-metal-umbra-laque-blanc\/\">pat\u00e8re d\u00e9ployante<\/a><\/strong>._x000D_n_x000D_n&nbsp;_x000D_n<\/p>\n<h3>Vide poche mural design blanc Cradle: ses caract\u00e9ristiques sp\u00e9cifiques<\/h3>\n<p>_x000D_nAinsi, ici, le mod\u00e8le <strong>CRADLE<\/strong> de cette marque <em><strong>UMBRA<\/strong><\/em>\u00a0est un <strong>vide poche<\/strong> id\u00e9al pour l&rsquo;<strong>entr\u00e9e<\/strong>. Il poss\u00e8de <strong>3 pat\u00e8res<\/strong> form\u00e9es par les retours arqu\u00e9s du vide-poche. Gr\u00e2ce \u00e0 Cradle, vous pourrez non seulement<strong> ranger de petits objets<\/strong> comme votre courrier ou votre porte monnaie <strong>mais aussi quelques v\u00eatements<\/strong>._x000D_n_x000D_nDe plus, il inclut un syst\u00e8me d&rsquo;accrochage avec 2 vis et 2 chevilles. Sa pose n\u00e9cessite donc l&rsquo;usage de votre perceuse._x000D_n_x000D_nC\u00f4t\u00e9 d\u00e9coration d&rsquo;int\u00e9rieur, nos clients le choisissent pour son <strong>design moderne et original<\/strong>. En <strong>m\u00e9tal teint\u00e9 dans la masse<\/strong> de couleur blanche, il est ind\u00e9niablement d&rsquo;une <strong>belle qualit\u00e9<\/strong>. De ce fait, il offrira \u00e0 votre entr\u00e9e une jolie touche de <strong>modernit\u00e9<\/strong> et d&rsquo;<strong>efficacit\u00e9<\/strong> dans votre envie de <strong>rangement<\/strong> et de <strong>clart\u00e9<\/strong>._x000D_n_x000D_nPensez \u00e0 le valoriser sur un mur fonc\u00e9, pour le mettre en avant gr\u00e2ce aux contrastes des coloris. Ou jouez la discr\u00e9tion en l&rsquo;installant sur un mur blanc. Dans tous les cas, v\u00e9rifiez bien les <strong>dimensions<\/strong> de l&rsquo;espace allou\u00e9 \u00e0 votre futur achat en les comparant avec celles de ce produit:_x000D_n<\/p>\n<ul>_x000D_n \t<\/p>\n<li>Vide poche mural design blanc: 16 cm X 10,7 cm, hauteur 4,5 cm<\/li>\n<p>_x000D_n \t<\/p>\n<li>Ecartement du mur: 10,7 cm<\/li>\n<p>_x000D_n<\/ul>\n<p>_x000D_nContactez nous via le formulaire de contact en cas de question subsidiaire.<\/p>\n","protected":false},"excerpt":{"rendered":"<p>Vide-poche de rangement avec pat\u00e8res mod\u00e8le <strong>CRADLE<\/strong> de la marque <strong>UMBRA<\/strong>\u00a0en m\u00e9tal blanc. Ce mod\u00e8le CRADLE poss\u00e8de 3 pat\u00e8res form\u00e9es par le vide-poche pour petits objets ou v\u00eatements \u00a0et une \u00e9tag\u00e8re vide-poche id\u00e9al dans l&rsquo;entr\u00e9e pour d\u00e9poser le courrier ou le portable. Il saura se rendre indispensable.<\/p>\n","protected":false},"featured_media":1689,"comment_status":"closed","ping_status":"open","template":"","meta":[],"product_cat":[32],"product_tag":[25],"class_list":["post-363","product","type-product","status-publish","has-post-thumbnail","hentry","product_cat-entree-sejour","product_tag-crochet-patere-patere-design-patere-murale-patere-porte-pateres-porte-manteau-porte-serviette-porte-torchon-vestiaire","description-off"],"_links":{"self":[{"href":"https:\/\/roulettes.vaniseo.top\/index.php\/wp-json\/wp\/v2\/product\/363","targetHints":{"allow":["GET"]}}],"collection":[{"href":"https:\/\/roulettes.vaniseo.top\/index.php\/wp-json\/wp\/v2\/product"}],"about":[{"href":"https:\/\/roulettes.vaniseo.top\/index.php\/wp-json\/wp\/v2\/types\/product"}],"replies":[{"embeddable":true,"href":"https:\/\/roulettes.vaniseo.top\/index.php\/wp-json\/wp\/v2\/comments?post=363"}],"version-history":[{"count":0,"href":"https:\/\/roulettes.vaniseo.top\/index.php\/wp-json\/wp\/v2\/product\/363\/revisions"}],"wp:featuredmedia":[{"embeddable":true,"href":"https:\/\/roulettes.vaniseo.top\/index.php\/wp-json\/wp\/v2\/media\/1689"}],"wp:attachment":[{"href":"https:\/\/roulettes.vaniseo.top\/index.php\/wp-json\/wp\/v2\/media?parent=363"}],"wp:term":[{"taxonomy":"product_cat","embeddable":true,"href":"https:\/\/roulettes.vaniseo.top\/index.php\/wp-json\/wp\/v2\/product_cat?post=363"},{"taxonomy":"product_tag","embeddable":true,"href":"https:\/\/roulettes.vaniseo.top\/index.php\/wp-json\/wp\/v2\/product_tag?post=363"}],"curies":[{"name":"wp","href":"https:\/\/api.w.org\/{rel}","templated":true}]}}