{"id":368,"date":"2022-04-04T16:21:22","date_gmt":"2022-04-04T14:21:22","guid":{"rendered":"https:\/\/roulettes.vaniseo.top\/index.php\/produit\/patere-design-etoile-rose-en-bois\/"},"modified":"2022-04-04T17:19:42","modified_gmt":"2022-04-04T15:19:42","slug":"patere-design-etoile-rose-en-bois","status":"publish","type":"product","link":"https:\/\/roulettes.vaniseo.top\/index.php\/produit\/patere-design-etoile-rose-en-bois\/","title":{"rendered":"Pat\u00e8re design \u00e9toile rose en bois"},"content":{"rendered":"<h4>Belle pat\u00e8re en forme d&rsquo;\u00e9toile rose en bois.<\/h4>\n<p>_x000D_nPat\u00e8re design <em><strong>\u00e9toile rose<\/strong><\/em>\u00a0en bois. Tout d&rsquo;abord, cette forme douce et apaisante\u00a0est en\u00a0bois peint._x000D_n_x000D_nElle se pose par exemple dans la chambre de l&rsquo;enfant ou de b\u00e9b\u00e9\u00a0pour ne plus voir trainer ses affaires. Aussi, elle comporte un syst\u00e8me d&rsquo;accrochage avec des vis et des chevilles ou un syst\u00e8me autocollant au choix._x000D_n_x000D_nAussi, le d\u00e9cor est original de style moderne\u00a0et de tr\u00e8s belle qualit\u00e9._x000D_n_x000D_nCelle-ci est vendue avec\u00a0ses vis et ses chevilles. Sa pose n\u00e9cessite l&rsquo;utilisation d&rsquo;une perceuse._x000D_n_x000D_nL&rsquo;\u00e9cartement du mur peut se faire avec un carr\u00e9 autocollant de 3 cm ou un cylindre \u00e0 fixer au mur de 5 cm._x000D_n<\/p>\n<h4><strong>Dimensions :<\/strong><\/h4>\n<p>_x000D_n<\/p>\n<ul>_x000D_n \t<\/p>\n<li>L&rsquo;\u00e9toile est de diam 9 cm<\/li>\n<p>_x000D_n \t<\/p>\n<li>Ecartement du mur 3 cm ou 5 cm.<\/li>\n<p>_x000D_n<\/ul>\n","protected":false},"excerpt":{"rendered":"<p>Belle pat\u00e8re <b><i>\u00e9toile<\/i><\/b>\u00a0<strong>rose<\/strong>\u00a0en bois. Cette forme douce et apaisante\u00a0est en bois peint. Cette pat\u00e8re murale peut se fixer au mur ou se coller avec un double face fournie. Elle est \u00e0 poser dans la chambre de l&rsquo;enfant ou de b\u00e9b\u00e9 pour ne plus voir trainer ses affaires.<\/p>\n","protected":false},"featured_media":1699,"comment_status":"closed","ping_status":"open","template":"","meta":[],"product_cat":[16],"product_tag":[27],"class_list":["post-368","product","type-product","status-publish","has-post-thumbnail","hentry","product_cat-chambre-enfant","product_tag-crochet-patere-patere-design-patere-murale-patere-porte-pateres-porte-serviette-porte-torchon-vestiaire","description-off"],"_links":{"self":[{"href":"https:\/\/roulettes.vaniseo.top\/index.php\/wp-json\/wp\/v2\/product\/368","targetHints":{"allow":["GET"]}}],"collection":[{"href":"https:\/\/roulettes.vaniseo.top\/index.php\/wp-json\/wp\/v2\/product"}],"about":[{"href":"https:\/\/roulettes.vaniseo.top\/index.php\/wp-json\/wp\/v2\/types\/product"}],"replies":[{"embeddable":true,"href":"https:\/\/roulettes.vaniseo.top\/index.php\/wp-json\/wp\/v2\/comments?post=368"}],"version-history":[{"count":0,"href":"https:\/\/roulettes.vaniseo.top\/index.php\/wp-json\/wp\/v2\/product\/368\/revisions"}],"wp:featuredmedia":[{"embeddable":true,"href":"https:\/\/roulettes.vaniseo.top\/index.php\/wp-json\/wp\/v2\/media\/1699"}],"wp:attachment":[{"href":"https:\/\/roulettes.vaniseo.top\/index.php\/wp-json\/wp\/v2\/media?parent=368"}],"wp:term":[{"taxonomy":"product_cat","embeddable":true,"href":"https:\/\/roulettes.vaniseo.top\/index.php\/wp-json\/wp\/v2\/product_cat?post=368"},{"taxonomy":"product_tag","embeddable":true,"href":"https:\/\/roulettes.vaniseo.top\/index.php\/wp-json\/wp\/v2\/product_tag?post=368"}],"curies":[{"name":"wp","href":"https:\/\/api.w.org\/{rel}","templated":true}]}}