{"id":37,"date":"2022-04-04T16:20:06","date_gmt":"2022-04-04T14:20:06","guid":{"rendered":"https:\/\/roulettes.vaniseo.top\/index.php\/produit\/patere-tige-color-design-aluminium-rouge\/"},"modified":"2022-04-04T17:08:41","modified_gmt":"2022-04-04T15:08:41","slug":"patere-tige-color-design-aluminium-rouge","status":"publish","type":"product","link":"https:\/\/roulettes.vaniseo.top\/index.php\/produit\/patere-tige-color-design-aluminium-rouge\/","title":{"rendered":"Pat\u00e8re tige color design aluminium rouge"},"content":{"rendered":"<h3>Porte manteau design rouge tige color<\/h3>\n<p>_x000D_n<strong>1001 Pat\u00e8res<\/strong>\u00a0propose la d\u00e9couverte des informations techniques et d\u00e9coratives de la\u00a0<strong>patere tige color design aluminium rouge<\/strong>._x000D_n_x000D_nEn effet, <a href=\"https:\/\/1001pateres.com\/brand\/1001pateres\/\">1001 Pat\u00e8res<\/a> est le <strong>leader en France<\/strong> de la vente en ligne de pat\u00e8res et porte manteaux. Il s\u00e9lectionne des produits de\u00a0<strong>cr\u00e9ateurs internationaux<\/strong> au <strong>meilleur rapport qualit\u00e9-prix<\/strong>. Ainsi, \u00e0 cette m\u00eame adresse, vous profitez d\u2019un vaste choix de pat\u00e8res pour toujours mieux ranger et d\u00e9corer votre int\u00e9rieur, frais de port r\u00e9duits. Alors, <strong>soutenez ce site fran\u00e7ais pour vos futurs achats en ligne<\/strong>!_x000D_n_x000D_n&nbsp;_x000D_n<\/p>\n<h3>Patere tige color design en aluminium rouge<\/h3>\n<p>_x000D_nEnsuite, ci-contre, la patere tige Color en aluminum est sign\u00e9e de la marque <strong>1001 Pat\u00e8res<\/strong>. Retrouvez-la dans une <strong>collection compl\u00e8te du m\u00eame style mais\u00a0<\/strong>aux couleurs m\u00e9tallis\u00e9es vari\u00e9e\u00a0comme : <strong>orange, violet, brun, vert, alu, dor\u00e9, bleu roi, turquoise, et <a href=\"https:\/\/1001pateres.com\/produit\/patere-tige-color-design-aluminium-noir\/\">noir<\/a><\/strong>._x000D_n_x000D_nIci, il s&rsquo;agit du\u00a0<strong>rouge<\/strong> o\u00f9 l&rsquo;aluminium est teint\u00e9 dans la masse.\u00a0Ainsi, le fait d\u2019\u00eatre en aluminium la rend <strong>inoxydable<\/strong>. Elle s\u2019utilise donc aussi bien dans une pi\u00e8ce humide comme la <strong>salle de bain<\/strong>, que dans une <strong>entr\u00e9e<\/strong>, ou un <strong>bureau<\/strong>. Elle peut donc avoir aussi bien une fonction de porte torchon, porte serviette, porte gant ou porte manteau.\u00a0A installer partout, elle offre un\u00a0<strong>design \u00e9pur\u00e9, moderne<\/strong>, et une grande practicit\u00e9 d\u2019utilisation._x000D_n_x000D_nEnfin, c\u00f4t\u00e9 <strong>installation<\/strong>, elle comporte une tige droite l\u00e9g\u00e8rement \u00e9paissie sur sa pointe pour bien maintenir les affaires qui y sont suspendues. De plus, son\u00a0syst\u00e8me de fixation inclue une vis et sa cheville. La vis est non visible une fois l&rsquo;installation termin\u00e9e._x000D_n_x000D_nFacile \u00e0 poser, son installation n\u00e9cessite une perceuse pour positionner la cheville dans le mur. Voici ses <strong>dimensions<\/strong> sp\u00e9cifiques:_x000D_n<\/p>\n<ul>_x000D_n \t<\/p>\n<li>Patere tige: 5,3 cm X 2 cm<\/li>\n<p>_x000D_n \t<\/p>\n<li>Diam\u00e8tre de la base: 3,2 cm<\/li>\n<p>_x000D_n \t<\/p>\n<li>Vis de 2,3 cm<\/li>\n<p>_x000D_n<\/ul>\n<p>_x000D_nPensez \u00e0 en tenir compte dans la cas o\u00f9 vous souhaiteriez la d\u00e9multiplier sur une m\u00eame ligne, sur un m\u00eame pan de mur.<\/p>\n","protected":false},"excerpt":{"rendered":"<p>Belle pat\u00e8re design en forme de <em><strong>tige<\/strong><\/em> color en aluminium teint\u00e9 dans la masse <strong>rouge<\/strong> qui peut servir de porte torchon, porte serviette, porte gant, porte manteau.\u00a0Pat\u00e8re murale au design \u00e9pur\u00e9e, elle sera tr\u00e8s pratique \u00e0 l&rsquo;utilisation.<\/p>\n","protected":false},"featured_media":770,"comment_status":"closed","ping_status":"open","template":"","meta":[],"product_cat":[19,20,21,22,17,23],"product_tag":[27],"class_list":["post-37","product","type-product","status-publish","has-post-thumbnail","hentry","product_cat-collectivite","product_cat-cuisine","product_cat-entreprise","product_cat-pro","product_cat-salle-de-bain","product_cat-toilette-wc","product_tag-crochet-patere-patere-design-patere-murale-patere-porte-pateres-porte-serviette-porte-torchon-vestiaire","description-off"],"_links":{"self":[{"href":"https:\/\/roulettes.vaniseo.top\/index.php\/wp-json\/wp\/v2\/product\/37","targetHints":{"allow":["GET"]}}],"collection":[{"href":"https:\/\/roulettes.vaniseo.top\/index.php\/wp-json\/wp\/v2\/product"}],"about":[{"href":"https:\/\/roulettes.vaniseo.top\/index.php\/wp-json\/wp\/v2\/types\/product"}],"replies":[{"embeddable":true,"href":"https:\/\/roulettes.vaniseo.top\/index.php\/wp-json\/wp\/v2\/comments?post=37"}],"version-history":[{"count":0,"href":"https:\/\/roulettes.vaniseo.top\/index.php\/wp-json\/wp\/v2\/product\/37\/revisions"}],"wp:featuredmedia":[{"embeddable":true,"href":"https:\/\/roulettes.vaniseo.top\/index.php\/wp-json\/wp\/v2\/media\/770"}],"wp:attachment":[{"href":"https:\/\/roulettes.vaniseo.top\/index.php\/wp-json\/wp\/v2\/media?parent=37"}],"wp:term":[{"taxonomy":"product_cat","embeddable":true,"href":"https:\/\/roulettes.vaniseo.top\/index.php\/wp-json\/wp\/v2\/product_cat?post=37"},{"taxonomy":"product_tag","embeddable":true,"href":"https:\/\/roulettes.vaniseo.top\/index.php\/wp-json\/wp\/v2\/product_tag?post=37"}],"curies":[{"name":"wp","href":"https:\/\/api.w.org\/{rel}","templated":true}]}}