{"id":370,"date":"2022-04-04T16:21:22","date_gmt":"2022-04-04T14:21:22","guid":{"rendered":"https:\/\/roulettes.vaniseo.top\/index.php\/produit\/patere-design-oiseau-en-bois-naturel\/"},"modified":"2022-04-04T17:19:43","modified_gmt":"2022-04-04T15:19:43","slug":"patere-design-oiseau-en-bois-naturel","status":"publish","type":"product","link":"https:\/\/roulettes.vaniseo.top\/index.php\/produit\/patere-design-oiseau-en-bois-naturel\/","title":{"rendered":"Pat\u00e8re design oiseau en bois naturel"},"content":{"rendered":"<h4>Belle pat\u00e8re en forme d&rsquo;oiseau en bois naturel.<\/h4>\n<p>_x000D_nPat\u00e8re design <em><strong>oiseau<\/strong><\/em>\u00a0bois naturel. Tout d&rsquo;abord, cette forme douce et apaisante\u00a0est en\u00a0bois vein\u00e9._x000D_n_x000D_nElle se pose par exemple dans la chambre de l&rsquo;enfant ou de b\u00e9b\u00e9\u00a0pour ne plus voir trainer ses affaires. Aussi, elle comporte un syst\u00e8me d&rsquo;accrochage avec vis et cheville._x000D_n_x000D_nAussi, le d\u00e9cor est original de style moderne\u00a0et de tr\u00e8s belle qualit\u00e9._x000D_n_x000D_nFacile \u00e0 fixer, cette pat\u00e8re permet de supporter des poids pouvant aller jusqu&rsquo;a 5 kg._x000D_n_x000D_nCelle-ci est vendue avec\u00a0sa vis et sa cheville. Sa pose n\u00e9cessite l&rsquo;utilisation d&rsquo;une perceuse._x000D_n<\/p>\n<h4><strong>Dimensions :<\/strong><\/h4>\n<p>_x000D_n<\/p>\n<ul>_x000D_n \t<\/p>\n<li>L&rsquo;oiseau est d&rsquo;\u00e9paisseur 1,9 cm<\/li>\n<p>_x000D_n \t<\/p>\n<li>Ecartement du mur 5 cm.<\/li>\n<p>_x000D_n<\/ul>\n","protected":false},"excerpt":{"rendered":"<p>Belle pat\u00e8re <b><i>oiseau<\/i><\/b>\u00a0<strong>bois naturel<\/strong>. Cette forme douce et apaisante\u00a0est en bois vein\u00e9. Cette pat\u00e8re murale peut se fixer au mur avec vis et cheville fournies. Elle est \u00e0 poser dans la chambre de l&rsquo;enfant ou de b\u00e9b\u00e9 pour ne plus voir trainer ses affaires.<\/p>\n","protected":false},"featured_media":1701,"comment_status":"closed","ping_status":"open","template":"","meta":[],"product_cat":[16,32],"product_tag":[27],"class_list":["post-370","product","type-product","status-publish","has-post-thumbnail","hentry","product_cat-chambre-enfant","product_cat-entree-sejour","product_tag-crochet-patere-patere-design-patere-murale-patere-porte-pateres-porte-serviette-porte-torchon-vestiaire","description-off"],"_links":{"self":[{"href":"https:\/\/roulettes.vaniseo.top\/index.php\/wp-json\/wp\/v2\/product\/370","targetHints":{"allow":["GET"]}}],"collection":[{"href":"https:\/\/roulettes.vaniseo.top\/index.php\/wp-json\/wp\/v2\/product"}],"about":[{"href":"https:\/\/roulettes.vaniseo.top\/index.php\/wp-json\/wp\/v2\/types\/product"}],"replies":[{"embeddable":true,"href":"https:\/\/roulettes.vaniseo.top\/index.php\/wp-json\/wp\/v2\/comments?post=370"}],"version-history":[{"count":0,"href":"https:\/\/roulettes.vaniseo.top\/index.php\/wp-json\/wp\/v2\/product\/370\/revisions"}],"wp:featuredmedia":[{"embeddable":true,"href":"https:\/\/roulettes.vaniseo.top\/index.php\/wp-json\/wp\/v2\/media\/1701"}],"wp:attachment":[{"href":"https:\/\/roulettes.vaniseo.top\/index.php\/wp-json\/wp\/v2\/media?parent=370"}],"wp:term":[{"taxonomy":"product_cat","embeddable":true,"href":"https:\/\/roulettes.vaniseo.top\/index.php\/wp-json\/wp\/v2\/product_cat?post=370"},{"taxonomy":"product_tag","embeddable":true,"href":"https:\/\/roulettes.vaniseo.top\/index.php\/wp-json\/wp\/v2\/product_tag?post=370"}],"curies":[{"name":"wp","href":"https:\/\/api.w.org\/{rel}","templated":true}]}}