{"id":371,"date":"2022-04-04T16:21:22","date_gmt":"2022-04-04T14:21:22","guid":{"rendered":"https:\/\/roulettes.vaniseo.top\/index.php\/produit\/porte-manteau-licorne-en-metal-helio-ferretti\/"},"modified":"2022-04-04T17:19:43","modified_gmt":"2022-04-04T15:19:43","slug":"porte-manteau-licorne-en-metal-helio-ferretti","status":"publish","type":"product","link":"https:\/\/roulettes.vaniseo.top\/index.php\/produit\/porte-manteau-licorne-en-metal-helio-ferretti\/","title":{"rendered":"Porte manteau licorne en m\u00e9tal HELIO FERRETTI"},"content":{"rendered":"<h3>Pat\u00e8re licorne en m\u00e9tal HELIO FERRETTI<\/h3>\n<p>_x000D_n1001 Pat\u00e8res vous propose d&rsquo;en savoir plus ici sur le <strong>porte manteau\u00a0licorne\u00a0en m\u00e9tal<\/strong> de chez <a href=\"https:\/\/www.helioferretti.com\/\" target=\"_blank\" rel=\"noopener\">HELIO FERRETTI<\/a>. Ci dessous, d\u00e9couvrez toutes les <strong>informations techniques<\/strong> et nos <strong>astuces d\u00e9coratives<\/strong> pour utiliser au mieux cette <strong>pat\u00e8re licorne<\/strong>._x000D_n_x000D_nTout d&rsquo;abord, ce porte manteau moderne design blanc et rose est vraiment <strong>polyvalent<\/strong>. Il peut servir de porte-\u00e9charpe, de porte-chapeau, ou de porte-v\u00eatement._x000D_n_x000D_nC\u00f4t\u00e9 mati\u00e8re la <strong>corne est en m\u00e9tal blanc<\/strong> et la<strong> t\u00eate de licorne en m\u00e9tal rose<\/strong>. Elle est sign\u00e9e<a href=\"https:\/\/1001pateres.com\/brand\/helio-ferretti\/\"><strong>HELIO FERRETTI<\/strong><\/a>. Il s&rsquo;agit d&rsquo;une marque <strong>espagnole<\/strong> offrant un <strong>design moderne et graphique<\/strong>, essentiellement <strong>m\u00e9tallique<\/strong>._x000D_n_x000D_nCette pat\u00e8re s&rsquo;adapte facilement \u00e0 toute d\u00e9coration d&rsquo;int\u00e9rieur d&rsquo;une maison, mais nos clientes l&rsquo;utilisent principalement dans la <strong>chambre de leur petite fille<\/strong>. Avec elle, il sera possible de <strong>suspendre des \u00e9l\u00e9ments sur de nombreuses zones<\/strong>. En effet, vous et votre enfant pourront ranger en s&rsquo;amusant: sur les oreilles, sur la corne, aussi des cintres sur tout espace de fil m\u00e9tallique de la partie inf\u00e9rieure._x000D_n_x000D_nAinsi, il sait se faire <strong>discret<\/strong> mais <strong>indispensable<\/strong>! Pensez plut\u00f4t \u00e0 l&rsquo;utiliser sur un <strong>mur de couleur blanche ou rose bonbon<\/strong> pour l&rsquo;accorder \u00e0 la perfection&#8230;_x000D_n_x000D_n&nbsp;_x000D_n<\/p>\n<h3>Installer le porte manteau licorne en m\u00e9tal Helio Ferretti<\/h3>\n<p>_x000D_nEnfin, pour l&rsquo;<strong>installer<\/strong>, ce <strong>porte manteau licorne en m\u00e9tal<\/strong> comporte un syst\u00e8me d&rsquo;accrochage simple. Vous trouverez deux emplacements pour des <strong>crochets<\/strong> ou des <strong>vis<\/strong>. Pour autant, des <strong>vis blanches sont fournies<\/strong> dans le colis._x000D_n_x000D_nPensez toujours \u00e0 tenir compte des <strong>dimensions<\/strong> de l&rsquo;espace o\u00f9 vous souhaitez l&rsquo;installer \u00a0avant tout investissement inutile. Une fois avoir pris les mesures de votre mur vous pourrez les comparer avec celle de cette pat\u00e8re licorne, \u00e0 savoir:_x000D_n<\/p>\n<ul>_x000D_n \t<\/p>\n<li>Hauteur 21 cm<\/li>\n<p>_x000D_n \t<\/p>\n<li>Largeur 14,5 cm<\/li>\n<p>_x000D_n \t<\/p>\n<li>Ecartement du mur 22 cm<\/li>\n<p>_x000D_n<\/ul>\n<p>_x000D_nPour toute autre question, ou demande de devis en cas de commande en quantit\u00e9 importante, vous avez la possibilit\u00e9 de nous \u00e9crire via le formulaire de contact ou par t\u00e9l\u00e9phone au <a href=\"tel:0664330371\">06 64 33 03 71<\/a>.<\/p>\n","protected":false},"excerpt":{"rendered":"<p>Porte-manteau mural <strong>licorne<\/strong> <em><strong>HELIO FERRETTI<\/strong><\/em>. Ce\u00a0porte-manteau porte-chapeau moderne design en m\u00e9tal blanc et rose peut servir de porte-\u00e9charpe ou porte-v\u00eatement.\u00a0Il comporte un syst\u00e8me d&rsquo;accrochage simple avec deux emplacements pour des crochets ou des visseries. Des vis blanches sont fournies.<\/p>\n","protected":false},"featured_media":1704,"comment_status":"closed","ping_status":"open","template":"","meta":[],"product_cat":[29,16,32],"product_tag":[37],"class_list":["post-371","product","type-product","status-publish","has-post-thumbnail","hentry","product_cat-chambre-adulte","product_cat-chambre-enfant","product_cat-entree-sejour","product_tag-crochet-patere-patere-design-patere-murale-patere-porte-pateres-porte-chapeau-porte-serviette-porte-torchon-vestiaire","description-off"],"_links":{"self":[{"href":"https:\/\/roulettes.vaniseo.top\/index.php\/wp-json\/wp\/v2\/product\/371","targetHints":{"allow":["GET"]}}],"collection":[{"href":"https:\/\/roulettes.vaniseo.top\/index.php\/wp-json\/wp\/v2\/product"}],"about":[{"href":"https:\/\/roulettes.vaniseo.top\/index.php\/wp-json\/wp\/v2\/types\/product"}],"replies":[{"embeddable":true,"href":"https:\/\/roulettes.vaniseo.top\/index.php\/wp-json\/wp\/v2\/comments?post=371"}],"version-history":[{"count":0,"href":"https:\/\/roulettes.vaniseo.top\/index.php\/wp-json\/wp\/v2\/product\/371\/revisions"}],"wp:featuredmedia":[{"embeddable":true,"href":"https:\/\/roulettes.vaniseo.top\/index.php\/wp-json\/wp\/v2\/media\/1704"}],"wp:attachment":[{"href":"https:\/\/roulettes.vaniseo.top\/index.php\/wp-json\/wp\/v2\/media?parent=371"}],"wp:term":[{"taxonomy":"product_cat","embeddable":true,"href":"https:\/\/roulettes.vaniseo.top\/index.php\/wp-json\/wp\/v2\/product_cat?post=371"},{"taxonomy":"product_tag","embeddable":true,"href":"https:\/\/roulettes.vaniseo.top\/index.php\/wp-json\/wp\/v2\/product_tag?post=371"}],"curies":[{"name":"wp","href":"https:\/\/api.w.org\/{rel}","templated":true}]}}