{"id":372,"date":"2022-04-04T16:21:22","date_gmt":"2022-04-04T14:21:22","guid":{"rendered":"https:\/\/roulettes.vaniseo.top\/index.php\/produit\/patere-murale-repliable-laque-blanche-flip-valet-hook-umbra\/"},"modified":"2022-04-04T17:19:44","modified_gmt":"2022-04-04T15:19:44","slug":"patere-murale-repliable-laque-blanche-flip-valet-hook-umbra","status":"publish","type":"product","link":"https:\/\/roulettes.vaniseo.top\/index.php\/produit\/patere-murale-repliable-laque-blanche-flip-valet-hook-umbra\/","title":{"rendered":"Pat\u00e8re murale repliable laqu\u00e9 blanche FLIP VALET HOOK UMBRA"},"content":{"rendered":"<h3>Porte manteau design avec simple pat\u00e8re en acier bross\u00e9 et bois laqu\u00e9 blanc<\/h3>\n<p>_x000D_n1001 Pat\u00e8res vous propose une <strong>pat\u00e8re murale repliable<\/strong> sur elle-m\u00eame. Laqu\u00e9 blanche, celle-ci est r\u00e9f\u00e9renc\u00e9e sous le nom de <strong>FLIP VALET HOOK chez UMBRA<\/strong>._x000D_n_x000D_nEn effet, <a href=\"https:\/\/eu.umbra.com\" target=\"_blank\" rel=\"noopener noreferrer\">Umbra<\/a> est tr\u00e8s pr\u00e9sent chez 1001 Pat\u00e8res pour l&rsquo;ensemble de ses r\u00e9f\u00e9rences de <strong>pat\u00e8res d\u00e9ployantes<\/strong>. Ainsi, \u00e0 l&rsquo;aide d&rsquo;une simple pression ascendante ou descendante, il est possible d&rsquo;ouvrir ou fermer la pat\u00e8re. Ferm\u00e9e, elle a pour objectif de <strong>d\u00e9corer<\/strong> avec discretion et \u00e9l\u00e9gance. Ouverte, elle offre une <strong>solution de rangement solide et efficace<\/strong>._x000D_n_x000D_nAinsi, sur cette boutique en ligne, retrouvez des mod\u00e8les \u00e0 pat\u00e8res d\u00e9ployantes sur:_x000D_n<\/p>\n<ul>_x000D_n \t<\/p>\n<li>Support de 3 \u00e0 <a href=\"https:\/\/1001pateres.com\/produit\/porte-manteaux-8-pateres-metal-umbra-laque-blanc\/\">8 crochets<\/a><\/li>\n<p>_x000D_n \t<\/p>\n<li><a href=\"https:\/\/1001pateres.com\/produit\/casier-mural-3-pateres-umbra-bois-naturel-petit-modele\/\">Vide poche<\/a><\/li>\n<p>_x000D_n \t<\/p>\n<li>Portant design type <a href=\"https:\/\/1001pateres.com\/produit\/porte-manteaux-ville-umbra-noir\/\">Skyline<\/a><\/li>\n<p>_x000D_n<\/ul>\n<p>_x000D_n&nbsp;_x000D_n<\/p>\n<h3>La pat\u00e8re murale repliable\u00e0 plusieurs crochets et pour sur porte<\/h3>\n<p>_x000D_nCe porte manteau design mural \u00e0 crochet unique est en bois laqu\u00e9 blanc. Sa pat\u00e8re est elle en acier bross\u00e9. Mai surtout, celle-ci vous r\u00e9serve de <strong><span style=\"text-decoration: underline\">nombreuses surprises<\/span><\/strong>!_x000D_n_x000D_nAinsi, la sp\u00e9cificit\u00e9 de ce mod\u00e8le <strong>FLIP VALET HOOK<\/strong>\u00a0est de disposer de <strong>plusieurs\u00a0crochets sur la m\u00eame pat\u00e8re<\/strong>. Il est ainsi possible de d\u00e9poser jusqu&rsquo;\u00e0 <strong>4 cintres<\/strong> si n\u00e9cessaire.\u00a0Cette version est id\u00e9ale pour <strong>maximiser le rangement dans un espace r\u00e9duit<\/strong> d&rsquo;une entr\u00e9e ou pour un appartement de petite taille. Nos clients le recommandent pour des chambres \u00e9tudiantes par exemple!_x000D_n_x000D_nEnfin, c\u00f4t\u00e9 <strong>installation<\/strong>, c&rsquo;est tr\u00e8s <strong>facile<\/strong>! Son syst\u00e8me d&rsquo;accrochage au mur se fait avec <strong>2 vis et chevilles<\/strong>. Sa\u00a0tige en m\u00e9tal blanc permet de <strong>la\u00a0poser en sur-porte<\/strong>. Vous l&rsquo;aurez donc compris, s<span style=\"line-height: 1.5\">a pose n\u00e9cessite l&rsquo;usage d&rsquo;une perceuse sauf si on l&rsquo;utilise en sur-porte.<\/span>_x000D_n_x000D_n<span style=\"line-height: 1.5\">On retiendra donc que la pat\u00e8re murale repliable laqu\u00e9 blanche Flip Valet Hook d&rsquo;Umbra est <strong>polyvalente<\/strong>. Elle permet une touche de <strong>modernit\u00e9<\/strong> dans votre maison tout en restant<strong> tr\u00e8s pratique<\/strong> malgr\u00e9 ses petites <strong>dimensions<\/strong>:<\/span>_x000D_n<\/p>\n<ul>_x000D_n \t<\/p>\n<li>Pat\u00e8re murale repliable: 12,2 cm X 5,4 cm.<\/li>\n<p>_x000D_n \t<\/p>\n<li>Ecartement du mur d\u00e9ploy\u00e9e: 12,5 cm<\/li>\n<p>_x000D_n \t<\/p>\n<li>Hauteur de la tige 19 cm<\/li>\n<p>_x000D_n \t<\/p>\n<li>Epaisseur de la porte 4 cm<\/li>\n<p>_x000D_n<\/ul>\n","protected":false},"excerpt":{"rendered":"<p>Porte-manteaux en bois laqu\u00e9 blanc mod\u00e8le <strong>FLIP VALET HOOK<\/strong>\u00a0\u00e0 1 pat\u00e8re de la marque <em><strong>UMBRA<\/strong><\/em> poss\u00e8de des crochets sur la pat\u00e8re en acier bross\u00e9 pour y d\u00e9poser 4 cintres si n\u00e9cessaire, il est id\u00e9al pour une entr\u00e9e d&rsquo;appartement ou une chambre par exemple. Cette pat\u00e8re \u00e0 fixer au mur est repliable, une tige en m\u00e9tal blanc permet de la\u00a0poser en sur-porte. <span style=\"line-height: 1.5\">Il permet une touche de modernit\u00e9 dans votre maison tout en restant tr\u00e8s pratique.<\/span><\/p>\n","protected":false},"featured_media":1708,"comment_status":"closed","ping_status":"open","template":"","meta":[],"product_cat":[29,19,32,21,22,17],"product_tag":[27],"class_list":["post-372","product","type-product","status-publish","has-post-thumbnail","hentry","product_cat-chambre-adulte","product_cat-collectivite","product_cat-entree-sejour","product_cat-entreprise","product_cat-pro","product_cat-salle-de-bain","product_tag-crochet-patere-patere-design-patere-murale-patere-porte-pateres-porte-serviette-porte-torchon-vestiaire","description-off"],"_links":{"self":[{"href":"https:\/\/roulettes.vaniseo.top\/index.php\/wp-json\/wp\/v2\/product\/372","targetHints":{"allow":["GET"]}}],"collection":[{"href":"https:\/\/roulettes.vaniseo.top\/index.php\/wp-json\/wp\/v2\/product"}],"about":[{"href":"https:\/\/roulettes.vaniseo.top\/index.php\/wp-json\/wp\/v2\/types\/product"}],"replies":[{"embeddable":true,"href":"https:\/\/roulettes.vaniseo.top\/index.php\/wp-json\/wp\/v2\/comments?post=372"}],"version-history":[{"count":0,"href":"https:\/\/roulettes.vaniseo.top\/index.php\/wp-json\/wp\/v2\/product\/372\/revisions"}],"wp:featuredmedia":[{"embeddable":true,"href":"https:\/\/roulettes.vaniseo.top\/index.php\/wp-json\/wp\/v2\/media\/1708"}],"wp:attachment":[{"href":"https:\/\/roulettes.vaniseo.top\/index.php\/wp-json\/wp\/v2\/media?parent=372"}],"wp:term":[{"taxonomy":"product_cat","embeddable":true,"href":"https:\/\/roulettes.vaniseo.top\/index.php\/wp-json\/wp\/v2\/product_cat?post=372"},{"taxonomy":"product_tag","embeddable":true,"href":"https:\/\/roulettes.vaniseo.top\/index.php\/wp-json\/wp\/v2\/product_tag?post=372"}],"curies":[{"name":"wp","href":"https:\/\/api.w.org\/{rel}","templated":true}]}}