{"id":373,"date":"2022-04-04T16:21:22","date_gmt":"2022-04-04T14:21:22","guid":{"rendered":"https:\/\/roulettes.vaniseo.top\/index.php\/produit\/vide-poche-entree-floralink-umbra-bacs-de-rangement-et-patere-bouton\/"},"modified":"2022-04-04T17:19:45","modified_gmt":"2022-04-04T15:19:45","slug":"vide-poche-entree-floralink-umbra-bacs-de-rangement-et-patere-bouton","status":"publish","type":"product","link":"https:\/\/roulettes.vaniseo.top\/index.php\/produit\/vide-poche-entree-floralink-umbra-bacs-de-rangement-et-patere-bouton\/","title":{"rendered":"Vide poche entr\u00e9e FLORALINK UMBRA : bacs de rangement et pat\u00e8re bouton"},"content":{"rendered":"<h3>Vide poche mural design FLORALINK UMBRA blanc<\/h3>\n<p>_x000D_n1001 Pat\u00e8res vous propose une r\u00e9f\u00e9rence <strong>originale et design de vide poche pour l&rsquo;entr\u00e9e<\/strong>. Il s&rsquo;agit de <strong>3 bacs de rangement<\/strong> et d&rsquo;une <strong>pat\u00e8re<\/strong>, le tout <strong>blanc<\/strong>. Cette r\u00e9f\u00e9rence est nomm\u00e9e <strong>FLORALINK<\/strong> par <strong>Umbra<\/strong>._x000D_n_x000D_nTout d&rsquo;abord, il est int\u00e9ressant de savoir qu&rsquo;Umbra est l&rsquo;une des marques les plus vendues sur notre site. L&rsquo;ensemble de ses <strong>pat\u00e8res d\u00e9ployantes<\/strong> comme ses <strong>vides poches<\/strong> sont <strong>modernes<\/strong> et de <strong>qualit\u00e9s<\/strong>. N&rsquo;h\u00e9sitez pas \u00e0 jeter un oeil aux collections:_x000D_n<\/p>\n<ul>_x000D_n \t<\/p>\n<li><strong>D\u00e9ployante<\/strong> allant de 3 \u00e0 <a href=\"https:\/\/1001pateres.com\/produit\/porte-manteaux-8-pateres-metal-umbra-laque-blanc\/\">8 pat\u00e8res<\/a><\/li>\n<p>_x000D_n \t<\/p>\n<li><strong>Vide poches<\/strong> <a href=\"https:\/\/1001pateres.com\/produit\/vide-poche-vestiaire-entree-umbra-hammock-gris\/\">Hammock<\/a> ou encore\u00a0<a href=\"https:\/\/1001pateres.com\/produit\/vide-poche-pateres-de-rangement-estique-organizer-umbra\/\">Estique Organizer<\/a><\/li>\n<p>_x000D_n<\/ul>\n<p>_x000D_n&nbsp;_x000D_n<\/p>\n<h3>Bacs de rangement Floralink Umbra comme vide poche entr\u00e9e<\/h3>\n<p>_x000D_nIci, ce mod\u00e8le de bacs de rangement\u00a0<strong>FLORALINK<\/strong>\u00a0<em><strong>UMBRA<\/strong><\/em> poss\u00e8de 3 espaces en plastique blanc \u00e0 utiliser comme vide poche d&rsquo;entr\u00e9e._x000D_n_x000D_nOn adore le principe de bouton sur la partie inf\u00e9rieure de chaque bac permettant d&rsquo;additionner ceux-ci les uns sous les autres. Cette petite pat\u00e8re bouton en m\u00e9tal dor\u00e9 permet aussi d&rsquo;y poser un trousseau de cl\u00e9s._x000D_n_x000D_nAinsi, vous aimerez les disposer dans votre entr\u00e9e pour ranger votre courrier, vos lunettes et autres accessoires du quotidien. De plus, les bacs \u00e9tant ferm\u00e9s, ils peuvent accueillir des plantes._x000D_n_x000D_nAlors, gr\u00e2ce \u00e0 cette double fonctionnalit\u00e9 de d\u00e9coration et de rangement, elle s&rsquo;adaptera \u00e0 d&rsquo;autres univers que celui d&rsquo;un entr\u00e9e: comme celui d&rsquo;une salle de bain, d&rsquo;un toilette, ou encore d&rsquo;une cuisine&#8230;_x000D_n_x000D_n&nbsp;_x000D_n<\/p>\n<h3>Installer un vide poche jardini\u00e8re dans son entr\u00e9e de type Floralink<\/h3>\n<p>_x000D_nC\u00f4t\u00e9 installation, chaque vide poche jardini\u00e8re comporte un syst\u00e8me d&rsquo;accrochage avec cheville et vis dor\u00e9 inclus pour les accrocher au mur s\u00e9par\u00e9ment par le haut. Pensez \u00e0 vous munir de votre perceuse!_x000D_n_x000D_nOriginal et de belle qualit\u00e9, ce lot de 3 bacs de rangement est en plastique teint dans la masse de couleur blanche._x000D_n_x000D_nOptez donc pour la modernit\u00e9 Umbra avec ces jardini\u00e8res polyvalentes et si pratiques! Voici leurs dimensions:_x000D_n<\/p>\n<ul>_x000D_n \t<\/p>\n<li>Chaque vide poche entr\u00e9e: 9,7 cm, hauteur 24,7 cm.<\/li>\n<p>_x000D_n \t<\/p>\n<li>Ecartement du mur: 9 cm<\/li>\n<p>_x000D_n<\/ul>\n","protected":false},"excerpt":{"rendered":"<p>Ce mod\u00e8le <strong>FLORALINK<\/strong> de la marque <em><strong>UMBRA<\/strong><\/em> poss\u00e8de 3 bacs vide-poches en plastique blanc pour petits objets ainsi qu&rsquo;une petite pat\u00e8re bouton en m\u00e9tal dor\u00e9 pour soit attacher un autre bac soit y poser un trousseau de cl\u00e9s.\u00a0Ces bacs sont parfait dans l&rsquo;entr\u00e9e pour le courrier ou le portable par exemple mais aussi dans la salle de bain pour les accessoires. Les bacs sont ferm\u00e9s et peuvent accueillir des plantes.\u00a0Ces jardini\u00e8res apportent une touche de modernit\u00e9 dans votre maison tout en restant tr\u00e8s pratique._x000D_n_x000D_n&nbsp;<\/p>\n","protected":false},"featured_media":1712,"comment_status":"closed","ping_status":"open","template":"","meta":[],"product_cat":[32,17],"product_tag":[25],"class_list":["post-373","product","type-product","status-publish","has-post-thumbnail","hentry","product_cat-entree-sejour","product_cat-salle-de-bain","product_tag-crochet-patere-patere-design-patere-murale-patere-porte-pateres-porte-manteau-porte-serviette-porte-torchon-vestiaire","description-off"],"_links":{"self":[{"href":"https:\/\/roulettes.vaniseo.top\/index.php\/wp-json\/wp\/v2\/product\/373","targetHints":{"allow":["GET"]}}],"collection":[{"href":"https:\/\/roulettes.vaniseo.top\/index.php\/wp-json\/wp\/v2\/product"}],"about":[{"href":"https:\/\/roulettes.vaniseo.top\/index.php\/wp-json\/wp\/v2\/types\/product"}],"replies":[{"embeddable":true,"href":"https:\/\/roulettes.vaniseo.top\/index.php\/wp-json\/wp\/v2\/comments?post=373"}],"version-history":[{"count":0,"href":"https:\/\/roulettes.vaniseo.top\/index.php\/wp-json\/wp\/v2\/product\/373\/revisions"}],"wp:featuredmedia":[{"embeddable":true,"href":"https:\/\/roulettes.vaniseo.top\/index.php\/wp-json\/wp\/v2\/media\/1712"}],"wp:attachment":[{"href":"https:\/\/roulettes.vaniseo.top\/index.php\/wp-json\/wp\/v2\/media?parent=373"}],"wp:term":[{"taxonomy":"product_cat","embeddable":true,"href":"https:\/\/roulettes.vaniseo.top\/index.php\/wp-json\/wp\/v2\/product_cat?post=373"},{"taxonomy":"product_tag","embeddable":true,"href":"https:\/\/roulettes.vaniseo.top\/index.php\/wp-json\/wp\/v2\/product_tag?post=373"}],"curies":[{"name":"wp","href":"https:\/\/api.w.org\/{rel}","templated":true}]}}