{"id":375,"date":"2022-04-04T16:21:22","date_gmt":"2022-04-04T14:21:22","guid":{"rendered":"https:\/\/roulettes.vaniseo.top\/index.php\/produit\/porte-manteau-bois-bleu-turquoise-toucan-drugeot\/"},"modified":"2022-04-04T17:19:47","modified_gmt":"2022-04-04T15:19:47","slug":"porte-manteau-bois-bleu-turquoise-toucan-drugeot","status":"publish","type":"product","link":"https:\/\/roulettes.vaniseo.top\/index.php\/produit\/porte-manteau-bois-bleu-turquoise-toucan-drugeot\/","title":{"rendered":"Porte manteau bois bleu turquoise TOUCAN DRUGEOT"},"content":{"rendered":"<h3>Pat\u00e8re en bois bleu turquoise en forme de TOUCAN<\/h3>\n<p>_x000D_n1001 Pat\u00e8res vous d\u00e9crit ici toutes les informations techniques et d\u00e9coratives de ce <strong>porte manteau bois bleu turquoise TOUCAN DRUGEOT<\/strong>._x000D_n_x000D_nEn effet, chez <strong>1001 Pat\u00e8res<\/strong>, vous d\u00e9couvrez le <strong>n\u00b01 en France de la vente en ligne de pat\u00e8res<\/strong> et porte manteaux. L&rsquo;ensemble des produits s\u00e9lectionn\u00e9s sont issus de designers internationaux, et choisis pour leurs fantastiques rapports qualit\u00e9 prix._x000D_n_x000D_nAinsi, ici, il s&rsquo;agit du <strong>designer Gr\u00e9gory Jolly<\/strong>, proposant une collection compl\u00e8te Toucan pour la marque Drugeot. Celle-ci est enti\u00e8rement <strong>r\u00e9alis\u00e9e en France<\/strong>. Il est d&rsquo;ailleurs possible de d\u00e9couvrir l&rsquo;ensemble des coloris \u00e0 la vente sur la partie boutique de ce site._x000D_n_x000D_nOutre le <strong>bleu turquoise<\/strong> propos\u00e9 sur cette page, vous d\u00e9couvrirez notamment le:_x000D_n<\/p>\n<ul>_x000D_n \t<\/p>\n<li><strong>Rouge Vermillon<\/strong><\/li>\n<p>_x000D_n \t<\/p>\n<li><strong>Jaune Safran<\/strong><\/li>\n<p>_x000D_n \t<\/p>\n<li><strong>Blanc gris<\/strong><\/li>\n<p>_x000D_n \t<\/p>\n<li><strong>Jaune moutarde<\/strong><\/li>\n<p>_x000D_n \t<\/p>\n<li><a href=\"https:\/\/1001pateres.com\/produit\/porte-manteau-toucan-de-la-marque-drugeot-gris-elephant\/\"><strong>Gris \u00e9l\u00e9phant<\/strong><\/a><\/li>\n<p>_x000D_n \t<\/p>\n<li><strong>Bleu nuit<\/strong><\/li>\n<p>_x000D_n \t<\/p>\n<li><strong>Gris vieuville<\/strong><\/li>\n<p>_x000D_n \t<\/p>\n<li><strong>Blanc coton<\/strong><\/li>\n<p>_x000D_n<\/ul>\n<p>_x000D_nAvec tout ce choix, vous pourrez donc vous cr\u00e9ez une <strong>zone de rangement vraiment fun et stylis\u00e9e<\/strong> en r\u00e9alisant par exemple une <strong>v\u00e9ritable voli\u00e8re<\/strong>. Pour se faire, il vous suffit de choisir plusieurs r\u00e9f\u00e9rences de toucans, de <strong>m\u00eame tonalit\u00e9<\/strong> ou dans des <strong>tons vari\u00e9s<\/strong>. En ligne, ou dispers\u00e9s un m\u00eame pan de mur, vous obtiendrez une <strong>solution de rangement vraiment originale et de belle qualit\u00e9<\/strong>._x000D_n_x000D_nPr\u00e9cis\u00e9ment, la pat\u00e8re en forme de toucan est en\u00a0<strong>bois de h\u00eatre massif<\/strong>. Elle est divis\u00e9e en deux parties. Son <strong>corps est de couleur bois naturel<\/strong> et <strong>le bec<\/strong> lui, est peint ici en <strong>bleu turquoise<\/strong>._x000D_n_x000D_n&nbsp;_x000D_n<\/p>\n<h3>Syst\u00e8me d&rsquo;accrochage du porte manteau bois bleu turquoise Toucan Drugeot<\/h3>\n<p>_x000D_nPour finir, c\u00f4t\u00e9 installation, le syst\u00e8me de fixation entre les deux parties <strong>forme l&rsquo;oeil du toucan noir<\/strong> entour\u00e9 de bleu. Celui-ci est non visible au dos. Une fois fix\u00e9e, cette pat\u00e8re permet de <strong>supporter<\/strong> un poids pouvant aller <strong>jusqu&rsquo;\u00e0 5 kg<\/strong>._x000D_n_x000D_nToutefois, celle-ci est vendue pour \u00eatre fix\u00e9e au mur <strong>sans crochet ni vis<\/strong>. Libre \u00e0 vous d&rsquo;utiliser vis ou crochet._x000D_n_x000D_n<strong>Dimensions :<\/strong>_x000D_n<\/p>\n<ul>_x000D_n \t<\/p>\n<li>Corps du toucan contre le mur: 17,8 cm X 3 cm X 3 cm<\/li>\n<p>_x000D_n \t<\/p>\n<li>Longueur du bec du toucan: 10 cm<\/li>\n<p>_x000D_n<\/ul>\n","protected":false},"excerpt":{"rendered":"<p>Porte-manteau <strong>TOUCAN<\/strong> <em><strong>DRUGEOT<\/strong><\/em> bleu turquoise. Tout d&rsquo;abord, cette forme douce et apaisante\u00a0est en\u00a0bois de h\u00eatre massif dont le bec du toucan est peint en bleu turquoise.\u00a0Cette pat\u00e8re est made in FRANCE design de Gregory JOLLY.\u00a0Elle se pose par exemple dans la chambre de l&rsquo;enfant ou dans l&rsquo;entr\u00e9e pour ne plus voir trainer ses affaires. Aussi, elle comporte un syst\u00e8me d&rsquo;accrochage non visible au dos.<\/p>\n","protected":false},"featured_media":1720,"comment_status":"closed","ping_status":"open","template":"","meta":[],"product_cat":[16,32,17],"product_tag":[27],"class_list":["post-375","product","type-product","status-publish","has-post-thumbnail","hentry","product_cat-chambre-enfant","product_cat-entree-sejour","product_cat-salle-de-bain","product_tag-crochet-patere-patere-design-patere-murale-patere-porte-pateres-porte-serviette-porte-torchon-vestiaire","description-off"],"_links":{"self":[{"href":"https:\/\/roulettes.vaniseo.top\/index.php\/wp-json\/wp\/v2\/product\/375","targetHints":{"allow":["GET"]}}],"collection":[{"href":"https:\/\/roulettes.vaniseo.top\/index.php\/wp-json\/wp\/v2\/product"}],"about":[{"href":"https:\/\/roulettes.vaniseo.top\/index.php\/wp-json\/wp\/v2\/types\/product"}],"replies":[{"embeddable":true,"href":"https:\/\/roulettes.vaniseo.top\/index.php\/wp-json\/wp\/v2\/comments?post=375"}],"version-history":[{"count":0,"href":"https:\/\/roulettes.vaniseo.top\/index.php\/wp-json\/wp\/v2\/product\/375\/revisions"}],"wp:featuredmedia":[{"embeddable":true,"href":"https:\/\/roulettes.vaniseo.top\/index.php\/wp-json\/wp\/v2\/media\/1720"}],"wp:attachment":[{"href":"https:\/\/roulettes.vaniseo.top\/index.php\/wp-json\/wp\/v2\/media?parent=375"}],"wp:term":[{"taxonomy":"product_cat","embeddable":true,"href":"https:\/\/roulettes.vaniseo.top\/index.php\/wp-json\/wp\/v2\/product_cat?post=375"},{"taxonomy":"product_tag","embeddable":true,"href":"https:\/\/roulettes.vaniseo.top\/index.php\/wp-json\/wp\/v2\/product_tag?post=375"}],"curies":[{"name":"wp","href":"https:\/\/api.w.org\/{rel}","templated":true}]}}