{"id":376,"date":"2022-04-04T16:21:27","date_gmt":"2022-04-04T14:21:27","guid":{"rendered":"https:\/\/roulettes.vaniseo.top\/index.php\/produit\/porte-manteau-bois-gris-elephant-toucan-drugeot\/"},"modified":"2022-04-04T17:19:49","modified_gmt":"2022-04-04T15:19:49","slug":"porte-manteau-bois-gris-elephant-toucan-drugeot","status":"publish","type":"product","link":"https:\/\/roulettes.vaniseo.top\/index.php\/produit\/porte-manteau-bois-gris-elephant-toucan-drugeot\/","title":{"rendered":"Porte manteau bois gris \u00e9l\u00e9phant TOUCAN DRUGEOT"},"content":{"rendered":"<h4>Pat\u00e8re en bois en forme de toucan gris \u00e9l\u00e9phant<\/h4>\n<p>_x000D_nD\u00e9couvrez ci dessous l&rsquo;ensemble des astuces d\u00e9coratives et toutes les informations techniques du<strong> porte manteau bois gris \u00e9l\u00e9phant Toucan<\/strong> de chez <strong>Drugeot<\/strong>._x000D_n_x000D_nEn effet, <strong>1001 Pat\u00e8res<\/strong> est le <strong>n\u00b01 en ligne de la vente de pat\u00e8res en France<\/strong>. Il vous propose des <strong>marques internationales<\/strong> afin de d\u00e9nicher les plus belles pat\u00e8res, au <strong>meilleur rapport qualit\u00e9 prix<\/strong>._x000D_n_x000D_nAinsi, d\u00e9couvrez ici <a href=\"https:\/\/1001pateres.com\/brand\/drugeot\/\">Drugeot<\/a> et sa <strong>collection de Toucan<\/strong>. \u00a0Cette derni\u00e8re est fabriqu\u00e9e en France et imagin\u00e9e par le designer Gregory Jolly. Il est possible de retrouver l&rsquo;ensemble des coloris sur notre site, \u00e0 savoir:_x000D_n<\/p>\n<ul>_x000D_n \t<\/p>\n<li><strong>Rouge Vermillon<\/strong><\/li>\n<p>_x000D_n \t<\/p>\n<li><strong>Jaune safran<\/strong><\/li>\n<p>_x000D_n \t<\/p>\n<li><strong><a href=\"https:\/\/1001pateres.com\/produit\/porte-manteau-toucan-de-la-marque-drugeot-jaune-moutarde\/\">Jaune moutarde<\/a><\/strong><\/li>\n<p>_x000D_n \t<\/p>\n<li><strong>Bleu turquoise<\/strong><\/li>\n<p>_x000D_n \t<\/p>\n<li><strong>Blanc gris<\/strong><\/li>\n<p>_x000D_n \t<\/p>\n<li><strong>Bleu nuit<\/strong><\/li>\n<p>_x000D_n \t<\/p>\n<li><strong>Gris vieuville<\/strong><\/li>\n<p>_x000D_n \t<\/p>\n<li><strong>Blanc coton<\/strong><\/li>\n<p>_x000D_n<\/ul>\n<p>_x000D_nCi-contre, il s&rsquo;agit du porte manteau <b>en bois<\/b>\u00a0gris \u00e9l\u00e9phant. Avec cette vari\u00e9t\u00e9, vous \u00a0pourrez vous amuser \u00e0 multiplier les toucans pour maximiser rangement et design. L&rsquo;<strong>effet voli\u00e8re<\/strong> peut bien s\u00fbr \u00eatre r\u00e9alis\u00e9 avec <strong>des coloris diff\u00e9rents<\/strong> ou dans une <strong>m\u00eame tonalit\u00e9<\/strong>.\u00a0Dans tous les cas, le toucan se veut original par sa forme, et offre de la <strong>gaiet\u00e9<\/strong>!_x000D_n_x000D_nEnfin, nos clients l&rsquo;utilisent indiff\u00e9remment dans leur int\u00e9rieur \u00e0 l&rsquo;entr\u00e9e, dans une chambre ou une cuisine. La <strong>finesse de la pat\u00e8re<\/strong> en bois en forme de toucan\u00a0est vraiment <strong>facile \u00e0 int\u00e9grer \u00e0 tout espace<\/strong>._x000D_n_x000D_n&nbsp;_x000D_n<\/p>\n<h3>Caract\u00e9ristiques techniques du porte manteau bois gris \u00e9l\u00e9phant Toucan Drugeot<\/h3>\n<p>_x000D_nPar ailleurs, cette forme douce et apaisante\u00a0est en<strong>\u00a0bois de h\u00eatre massif<\/strong> dont le bec du toucan est lui, en plus, peint.\u00a0Le syst\u00e8me de fixation entre les deux parties forme l&rsquo;<strong>oeil du toucan noir<\/strong> entour\u00e9 de bleu. Ce syst\u00e8me est vendu pour \u00eatre <strong>fix\u00e9 au mur<\/strong> mais il n&rsquo;inclut pas de crochet mural. Libre \u00e0 vous d&rsquo;opter pour des clous, des crochets, ou des vis et leurs chevilles. Selon la technique choisie, cette pat\u00e8re permet de supporter des poids pouvant aller<strong> jusqu&rsquo;\u00e0 5 kg<\/strong>._x000D_n_x000D_n<strong>Dimensions :<\/strong>_x000D_n<\/p>\n<ul>_x000D_n \t<\/p>\n<li>Corps du toucan contre le mur: 17,8 cm X 3 cm X 3 cm<\/li>\n<p>_x000D_n \t<\/p>\n<li>Longueur du bec du toucan peint: 10 cm<\/li>\n<p>_x000D_n<\/ul>\n","protected":false},"excerpt":{"rendered":"<p>Porte-manteau <strong>TOUCAN<\/strong> <em><strong>DRUGEOT<\/strong><\/em> gris \u00e9l\u00e9phant. Tout d&rsquo;abord, cette forme douce et apaisante\u00a0est en\u00a0bois de h\u00eatre massif dont le bec du toucan est peint en gris \u00e9l\u00e9phant.\u00a0Cette pat\u00e8re est made in FRANCE design de Gregory JOLLY.\u00a0Elle se pose par exemple dans la chambre de l&rsquo;enfant ou dans l&rsquo;entr\u00e9e pour ne plus voir trainer ses affaires. Aussi, elle comporte un syst\u00e8me d&rsquo;accrochage non visible au dos.<\/p>\n","protected":false},"featured_media":1724,"comment_status":"closed","ping_status":"open","template":"","meta":[],"product_cat":[16,32,17],"product_tag":[27],"class_list":["post-376","product","type-product","status-publish","has-post-thumbnail","hentry","product_cat-chambre-enfant","product_cat-entree-sejour","product_cat-salle-de-bain","product_tag-crochet-patere-patere-design-patere-murale-patere-porte-pateres-porte-serviette-porte-torchon-vestiaire","description-off"],"_links":{"self":[{"href":"https:\/\/roulettes.vaniseo.top\/index.php\/wp-json\/wp\/v2\/product\/376","targetHints":{"allow":["GET"]}}],"collection":[{"href":"https:\/\/roulettes.vaniseo.top\/index.php\/wp-json\/wp\/v2\/product"}],"about":[{"href":"https:\/\/roulettes.vaniseo.top\/index.php\/wp-json\/wp\/v2\/types\/product"}],"replies":[{"embeddable":true,"href":"https:\/\/roulettes.vaniseo.top\/index.php\/wp-json\/wp\/v2\/comments?post=376"}],"version-history":[{"count":0,"href":"https:\/\/roulettes.vaniseo.top\/index.php\/wp-json\/wp\/v2\/product\/376\/revisions"}],"wp:featuredmedia":[{"embeddable":true,"href":"https:\/\/roulettes.vaniseo.top\/index.php\/wp-json\/wp\/v2\/media\/1724"}],"wp:attachment":[{"href":"https:\/\/roulettes.vaniseo.top\/index.php\/wp-json\/wp\/v2\/media?parent=376"}],"wp:term":[{"taxonomy":"product_cat","embeddable":true,"href":"https:\/\/roulettes.vaniseo.top\/index.php\/wp-json\/wp\/v2\/product_cat?post=376"},{"taxonomy":"product_tag","embeddable":true,"href":"https:\/\/roulettes.vaniseo.top\/index.php\/wp-json\/wp\/v2\/product_tag?post=376"}],"curies":[{"name":"wp","href":"https:\/\/api.w.org\/{rel}","templated":true}]}}