{"id":377,"date":"2022-04-04T16:21:27","date_gmt":"2022-04-04T14:21:27","guid":{"rendered":"https:\/\/roulettes.vaniseo.top\/index.php\/produit\/porte-manteau-bois-jaune-moutarde-toucan-drugeot\/"},"modified":"2022-04-04T17:19:50","modified_gmt":"2022-04-04T15:19:50","slug":"porte-manteau-bois-jaune-moutarde-toucan-drugeot","status":"publish","type":"product","link":"https:\/\/roulettes.vaniseo.top\/index.php\/produit\/porte-manteau-bois-jaune-moutarde-toucan-drugeot\/","title":{"rendered":"Porte manteau bois jaune moutarde TOUCAN DRUGEOT"},"content":{"rendered":"<h3>Pat\u00e8re en bois jaune moutarde \u00a0en forme de TOUCAN<\/h3>\n<p>_x000D_n<strong>1001 Pat\u00e8res<\/strong> vous propose de d\u00e9couvrir ici toutes les informations concernant le <strong>porte manteau bois jaune moutarde\u00a0TOUCAN <\/strong><em><strong>DRUGEOT<\/strong><\/em>. Vous d\u00e9couvrirez donc ci dessous l&rsquo;ensemble des caract\u00e9ristiques <strong>techniques<\/strong> mais aussi l&rsquo;ensemble de nos <strong>astuces d\u00e9coratives<\/strong>._x000D_n_x000D_nPour commencer, pr\u00e9cisons que cette r\u00e9f\u00e9rence Toucan de chez <a href=\"https:\/\/1001pateres.com\/brand\/drugeot\/\">Drugeot<\/a>, est issue d&rsquo;une <strong>collection compl\u00e8te<\/strong> de pat\u00e8res en forme de toucan. L&rsquo;ensemble est <strong>made in FRANCE<\/strong>. Son designer est Gregory JOLLY. L&rsquo;ensemble des r\u00e9f\u00e9rences sont \u00e0 retrouver sur notre site de vente en ligne de pat\u00e8res bien s\u00fbr. Vous pourrez donc y d\u00e9couvrir ce m\u00eame toucan dans les coloris suivants:_x000D_n<\/p>\n<ul>_x000D_n \t<\/p>\n<li><strong>Rouge vermillon<\/strong><\/li>\n<p>_x000D_n \t<\/p>\n<li><a href=\"https:\/\/1001pateres.com\/produit\/porte-manteau-toucan-de-la-marque-drugeot-jaune-safran\/\"><strong>Jaune safran<\/strong><\/a><\/li>\n<p>_x000D_n \t<\/p>\n<li><strong>Blanc gris<\/strong><\/li>\n<p>_x000D_n \t<\/p>\n<li><strong>Gris \u00e9l\u00e9phant<\/strong><\/li>\n<p>_x000D_n \t<\/p>\n<li><strong>Bleu turquoise<\/strong><\/li>\n<p>_x000D_n \t<\/p>\n<li><strong>Bleu nuit<\/strong><\/li>\n<p>_x000D_n \t<\/p>\n<li><strong>Gris vieuville<\/strong><\/li>\n<p>_x000D_n \t<\/p>\n<li><strong>Blanc coton<\/strong><\/li>\n<p>_x000D_n<\/ul>\n<p>_x000D_nDe ce fait, notre premi\u00e8re astuce d\u00e9co est donc de choisir le ou les coloris qui se marient les mieux avec l&rsquo;espace o\u00f9 vous pensez les installer. En effet, <strong>en additionnant plusieurs toucans<\/strong> de la m\u00eame collection vous valoriserez l&rsquo;<strong>effet voli\u00e8re<\/strong> et optimiserez r\u00e9ellement le <strong>rangement<\/strong> et le <strong>design<\/strong> de votre espace._x000D_n_x000D_nAinsi, le toucan apporte une touche de <strong>gait\u00e9<\/strong>, d&rsquo;originalit\u00e9 et est de tr\u00e8s belle qualit\u00e9._x000D_n_x000D_n&nbsp;_x000D_n<\/p>\n<h3>Aspects techniques du porte manteau bois jaune moutarde<\/h3>\n<p>_x000D_nEnsuite, techniquement, le toucan prend une <strong>forme originale en deux parties<\/strong>. La partie verticale contre le mur repr\u00e9sente le corps, celle horizontale est le bec. Ci-contre celui-ci est donc de couleur jaune moutarde._x000D_n_x000D_nC\u00f4t\u00e9 mati\u00e8re, l&rsquo;ensemble du porte manteau bois jaune moutarde est <strong>en\u00a0bois de h\u00eatre massif<\/strong> et le bec du toucan est en plus peint._x000D_n_x000D_nEnfin, il comporte un syst\u00e8me d&rsquo;accrochage non visible au dos. Celui-ci est en\u00a0deux parties. La <strong>connexion<\/strong> des deux forme l<strong>&lsquo;oeil du toucan noir<\/strong>. Facile \u00e0 fixer, cette pat\u00e8re permet de supporter des poids pouvant aller <strong>jusqu&rsquo;\u00e0 5 kg<\/strong>.\u00a0Celle-ci est vendue \u00e0 fixer au mur sans crochet mural. Sa pose n\u00e9cessite par contre l&rsquo;utilisation d&rsquo;une perceuse._x000D_n_x000D_n<strong>Dimensions :<\/strong>_x000D_n<\/p>\n<ul>_x000D_n \t<\/p>\n<li>Partie contre le mur du toucan: 17,8 cm X 3 cm X 3 cm<\/li>\n<p>_x000D_n \t<\/p>\n<li>Longueur du bec du toucan: 10 cm<\/li>\n<p>_x000D_n<\/ul>\n","protected":false},"excerpt":{"rendered":"<p>Porte-manteau <strong>TOUCAN<\/strong> <em><strong>DRUGEOT<\/strong><\/em> jaune moutarde. Tout d&rsquo;abord, cette forme douce et apaisante\u00a0est en\u00a0bois de h\u00eatre massif dont le bec du toucan est peint en jaune moutarde.\u00a0Cette pat\u00e8re est made in FRANCE design de Gregory JOLLY.\u00a0Elle se pose par exemple dans la chambre de l&rsquo;enfant ou dans l&rsquo;entr\u00e9e pour ne plus voir trainer ses affaires. Aussi, elle comporte un syst\u00e8me d&rsquo;accrochage non visible au dos.<\/p>\n","protected":false},"featured_media":1728,"comment_status":"closed","ping_status":"open","template":"","meta":[],"product_cat":[16,32,17],"product_tag":[27],"class_list":["post-377","product","type-product","status-publish","has-post-thumbnail","hentry","product_cat-chambre-enfant","product_cat-entree-sejour","product_cat-salle-de-bain","product_tag-crochet-patere-patere-design-patere-murale-patere-porte-pateres-porte-serviette-porte-torchon-vestiaire","description-off"],"_links":{"self":[{"href":"https:\/\/roulettes.vaniseo.top\/index.php\/wp-json\/wp\/v2\/product\/377","targetHints":{"allow":["GET"]}}],"collection":[{"href":"https:\/\/roulettes.vaniseo.top\/index.php\/wp-json\/wp\/v2\/product"}],"about":[{"href":"https:\/\/roulettes.vaniseo.top\/index.php\/wp-json\/wp\/v2\/types\/product"}],"replies":[{"embeddable":true,"href":"https:\/\/roulettes.vaniseo.top\/index.php\/wp-json\/wp\/v2\/comments?post=377"}],"version-history":[{"count":0,"href":"https:\/\/roulettes.vaniseo.top\/index.php\/wp-json\/wp\/v2\/product\/377\/revisions"}],"wp:featuredmedia":[{"embeddable":true,"href":"https:\/\/roulettes.vaniseo.top\/index.php\/wp-json\/wp\/v2\/media\/1728"}],"wp:attachment":[{"href":"https:\/\/roulettes.vaniseo.top\/index.php\/wp-json\/wp\/v2\/media?parent=377"}],"wp:term":[{"taxonomy":"product_cat","embeddable":true,"href":"https:\/\/roulettes.vaniseo.top\/index.php\/wp-json\/wp\/v2\/product_cat?post=377"},{"taxonomy":"product_tag","embeddable":true,"href":"https:\/\/roulettes.vaniseo.top\/index.php\/wp-json\/wp\/v2\/product_tag?post=377"}],"curies":[{"name":"wp","href":"https:\/\/api.w.org\/{rel}","templated":true}]}}