{"id":378,"date":"2022-04-04T16:21:27","date_gmt":"2022-04-04T14:21:27","guid":{"rendered":"https:\/\/roulettes.vaniseo.top\/index.php\/produit\/porte-manteau-toucan-bois-jaune-safran-drugeot\/"},"modified":"2022-04-04T17:19:51","modified_gmt":"2022-04-04T15:19:51","slug":"porte-manteau-toucan-bois-jaune-safran-drugeot","status":"publish","type":"product","link":"https:\/\/roulettes.vaniseo.top\/index.php\/produit\/porte-manteau-toucan-bois-jaune-safran-drugeot\/","title":{"rendered":"Porte manteau toucan bois jaune safran DRUGEOT"},"content":{"rendered":"<h3>Pat\u00e8re en bois naturel jaune safran TOUCAN de Drugeot<\/h3>\n<p>_x000D_n<strong>1001 Pat\u00e8res<\/strong>, <strong>n\u00b01 en France de la vente en ligne de pat\u00e8res<\/strong> s\u00e9lectionne pour vous les <strong>meilleures r\u00e9f\u00e9rences de porte manteau de marques internationales<\/strong>. Ici, d\u00e9couvrez toutes les informations techniques et d\u00e9coratives de ce <strong>porte\u00a0manteau toucan bois jaune safran<\/strong> de chez <a href=\"https:\/\/1001pateres.com\/brand\/drugeot\/\"><strong>Drugeot<\/strong><\/a>._x000D_n_x000D_nTout d&rsquo;abord, cette forme douce et apaisante\u00a0est en\u00a0<strong>bois de h\u00eatre massif<\/strong> dont le <strong>bec du toucan est peint<\/strong> en <strong>jaune safran<\/strong>. Le<strong> bec est inclinable<\/strong> au besoin puisqu&rsquo;il dispose d&rsquo;un<strong> syst\u00e8me mobile<\/strong> entre les deux parties en bois <strong>formant l&rsquo;oeil du toucan<\/strong> noir. Il est possible de la retrouver sur notre site en <strong>diff\u00e9rents coloris<\/strong> doux comme le:_x000D_n<\/p>\n<ul>_x000D_n \t<\/p>\n<li><strong>Bleu turquoise<\/strong><\/li>\n<p>_x000D_n \t<\/p>\n<li><strong>Rouge vermillon<\/strong><\/li>\n<p>_x000D_n \t<\/p>\n<li><strong>Blanc gris<\/strong><\/li>\n<p>_x000D_n \t<\/p>\n<li><strong>Gris \u00e9l\u00e9phant<\/strong><\/li>\n<p>_x000D_n \t<\/p>\n<li><strong>Jaune moutarde<\/strong><\/li>\n<p>_x000D_n \t<\/p>\n<li><strong>Bleu nuit<\/strong><\/li>\n<p>_x000D_n \t<\/p>\n<li><strong>Gris vieuville<\/strong><\/li>\n<p>_x000D_n \t<\/p>\n<li><strong>Blanc coton<\/strong><\/li>\n<p>_x000D_n<\/ul>\n<p>_x000D_nL&rsquo;ensemble de la collection est sign\u00e9e Gregory Jolly, enti\u00e8rement confectionn\u00e9e en <strong>France<\/strong>._x000D_n<\/p>\n<h3>Installer le porte manteau toucan bois jaune safran Drugeot<\/h3>\n<p>_x000D_nFacile \u00e0 fixer, cette pat\u00e8re permet de <strong>supporter des poids jusqu&rsquo;\u00e0 5 kg<\/strong>._x000D_n_x000D_nEn outre, ce porte manteau toucan bois jaune safran dispose de <strong>deux zones d&rsquo;accroche au dos<\/strong>. Ce qui rend l&rsquo;<strong>installation invisible une fois fix\u00e9e au mur<\/strong>. Toutefois, aucune vis ni cheville est incluse, vous pourrez donc choisir de le fixer<strong>\u00a0\u00e0 votre gr\u00e9<\/strong>._x000D_n_x000D_n1001 Pat\u00e8res vous conseille une <strong>installation<\/strong> sur un <strong>mur clair<\/strong> pour le valoriser. D&rsquo;ailleurs, n&rsquo;h\u00e9sitez pas \u00e0 <strong>d\u00e9multiplier le nombre de toucans aux couleurs vari\u00e9es<\/strong> dans un m\u00eame espace. Cela vous permettra d&rsquo;augmenter vos solutions de rangement et d&rsquo;obtenir un <strong>effet voli\u00e8re<\/strong>!\u00a0Sans aucun doute, le toucan apporte une <strong>touche de gait\u00e9, d&rsquo;originalit\u00e9<\/strong>._x000D_n_x000D_nEnfin, vous l&rsquo;aimerez pour sa tr\u00e8s <strong>belle qualit\u00e9<\/strong> et son c\u00f4t\u00e9 <strong>passe partout<\/strong>. Il s&rsquo;installe alors dans de nombreuses pi\u00e8ces de la <strong>maison<\/strong> et du <strong>bureau<\/strong>. Pensez \u00e0 v\u00e9rifier les <strong>dimensions<\/strong> de votre espace si vous souhaitez le d\u00e9multiplier. Il sera ainsi possible de la comparer aux mesures de cette pat\u00e8re:_x000D_n<\/p>\n<ul>_x000D_n \t<\/p>\n<li>Partie contre le mur verticale: 17,8 cm X 3 cm X 3 cm<\/li>\n<p>_x000D_n \t<\/p>\n<li>Longueur du bec du toucan: 10 cm<\/li>\n<p>_x000D_n<\/ul>\n","protected":false},"excerpt":{"rendered":"<p>Porte-manteau <strong>TOUCAN<\/strong> <em><strong>DRUGEOT<\/strong><\/em> jaune safran. Tout d&rsquo;abord, cette forme douce et apaisante\u00a0est en\u00a0bois de h\u00eatre massif dont le bec du toucan est peint en jaune safran.\u00a0Cette pat\u00e8re est made in FRANCE design de Gregory JOLLY.\u00a0Elle se pose par exemple dans la chambre de l&rsquo;enfant ou dans l&rsquo;entr\u00e9e pour ne plus voir trainer ses affaires. Aussi, elle comporte un syst\u00e8me d&rsquo;accrochage non visible au dos.<\/p>\n","protected":false},"featured_media":1732,"comment_status":"closed","ping_status":"open","template":"","meta":[],"product_cat":[16,32,17],"product_tag":[27],"class_list":["post-378","product","type-product","status-publish","has-post-thumbnail","hentry","product_cat-chambre-enfant","product_cat-entree-sejour","product_cat-salle-de-bain","product_tag-crochet-patere-patere-design-patere-murale-patere-porte-pateres-porte-serviette-porte-torchon-vestiaire","description-off"],"_links":{"self":[{"href":"https:\/\/roulettes.vaniseo.top\/index.php\/wp-json\/wp\/v2\/product\/378","targetHints":{"allow":["GET"]}}],"collection":[{"href":"https:\/\/roulettes.vaniseo.top\/index.php\/wp-json\/wp\/v2\/product"}],"about":[{"href":"https:\/\/roulettes.vaniseo.top\/index.php\/wp-json\/wp\/v2\/types\/product"}],"replies":[{"embeddable":true,"href":"https:\/\/roulettes.vaniseo.top\/index.php\/wp-json\/wp\/v2\/comments?post=378"}],"version-history":[{"count":0,"href":"https:\/\/roulettes.vaniseo.top\/index.php\/wp-json\/wp\/v2\/product\/378\/revisions"}],"wp:featuredmedia":[{"embeddable":true,"href":"https:\/\/roulettes.vaniseo.top\/index.php\/wp-json\/wp\/v2\/media\/1732"}],"wp:attachment":[{"href":"https:\/\/roulettes.vaniseo.top\/index.php\/wp-json\/wp\/v2\/media?parent=378"}],"wp:term":[{"taxonomy":"product_cat","embeddable":true,"href":"https:\/\/roulettes.vaniseo.top\/index.php\/wp-json\/wp\/v2\/product_cat?post=378"},{"taxonomy":"product_tag","embeddable":true,"href":"https:\/\/roulettes.vaniseo.top\/index.php\/wp-json\/wp\/v2\/product_tag?post=378"}],"curies":[{"name":"wp","href":"https:\/\/api.w.org\/{rel}","templated":true}]}}