{"id":379,"date":"2022-04-04T16:21:27","date_gmt":"2022-04-04T14:21:27","guid":{"rendered":"https:\/\/roulettes.vaniseo.top\/index.php\/produit\/porte-manteau-toucan-bois-rouge-vermillon-drugeot\/"},"modified":"2022-04-04T17:19:53","modified_gmt":"2022-04-04T15:19:53","slug":"porte-manteau-toucan-bois-rouge-vermillon-drugeot","status":"publish","type":"product","link":"https:\/\/roulettes.vaniseo.top\/index.php\/produit\/porte-manteau-toucan-bois-rouge-vermillon-drugeot\/","title":{"rendered":"Porte manteau toucan bois rouge vermillon DRUGEOT"},"content":{"rendered":"<h3>Pat\u00e8re toucan en bois naturel rouge vermillon<\/h3>\n<p>_x000D_n<strong>1001 Pat\u00e8res<\/strong> vous propose de nombreuses <strong>solutions de rangement et de d\u00e9coration<\/strong>\u00a0de marques internationales. Ici, il s&rsquo;agit d&rsquo;un <strong>porte manteau toucan bois\u00a0rouge vermillon<\/strong> de chez <strong><a href=\"https:\/\/www.drugeot.com\/\" target=\"_blank\" rel=\"noopener\">Drugeot<\/a><\/strong>._x000D_n_x000D_nTout d&rsquo;abord, cette marque, <a href=\"https:\/\/1001pateres.com\/brand\/drugeot\/\">Drugeot<\/a>, est <strong>fran\u00e7aise<\/strong>. Elle fabrique exclusivement en France. Le design est de Gregory JOLLY. \u00a01001 Pat\u00e8res a s\u00e9lectionn\u00e9 leur collection <strong>Toucan<\/strong> proposant une <strong>forme minimaliste d&rsquo;un toucan en bois<\/strong>, avec le <strong>bec de diff\u00e9rentes couleurs selon les r\u00e9f\u00e9rences<\/strong>:_x000D_n<\/p>\n<ul>_x000D_n \t<\/p>\n<li><strong>Blanc gris<\/strong><\/li>\n<p>_x000D_n \t<\/p>\n<li><strong>Bleu turquoise<\/strong><\/li>\n<p>_x000D_n \t<\/p>\n<li><strong>Gris \u00e9l\u00e9phant<\/strong><\/li>\n<p>_x000D_n \t<\/p>\n<li><strong>Jaune moutarde<\/strong><\/li>\n<p>_x000D_n \t<\/p>\n<li><strong>Jaune safran<\/strong><\/li>\n<p>_x000D_n \t<\/p>\n<li><strong>Bleu nuit<\/strong><\/li>\n<p>_x000D_n \t<\/p>\n<li><strong>Gris vieuville<\/strong><\/li>\n<p>_x000D_n \t<\/p>\n<li><strong>Blanc coton<\/strong><\/li>\n<p>_x000D_n<\/ul>\n<p>_x000D_nIci, il s&rsquo;agit de la r\u00e9f\u00e9rence de <strong>couleur rouge vermillon<\/strong>. Toutes reprennent donc\u00a0cette<strong> forme douce et apaisante en\u00a0bois de h\u00eatre massif<\/strong> dont le <strong>bec du toucan est peint<\/strong>.\u00a0Le syst\u00e8me de fixation entre les deux parties en bois forme l&rsquo;<strong>oeil du toucan en noir<\/strong>._x000D_n_x000D_nNos clients pr\u00e9f\u00e8rent en g\u00e9n\u00e9ral la poser\u00a0par exemple dans la <strong>chambre d&rsquo;un enfant<\/strong> ou dans l&rsquo;<strong>entr\u00e9e<\/strong> pour ne plus voir trainer d&rsquo;affaires. Aussi, le toucan apporte une <strong>touche de gaiet\u00e9<\/strong>, d&rsquo;originalit\u00e9 et est de tr\u00e8s belle qualit\u00e9._x000D_n_x000D_nNotre astuce est de <strong>d\u00e9multiplier le nombre de toucans<\/strong> pour maximiser l&rsquo;<strong>effet voli\u00e8re<\/strong> et permettre un rangement efficace. Les couleurs utilis\u00e9es apporteront de la gaiet\u00e9 \u00e0 votre espace, tout en permettant de <strong>ranger avec robustesse<\/strong>.\u00a0En effet, cette pat\u00e8re permet de <strong>supporter des poids pouvant aller jusqu&rsquo;\u00e0 5 kg<\/strong>._x000D_n_x000D_n&nbsp;_x000D_n<\/p>\n<h3>Comment fixer le porte manteau toucan bois rouge vermillon Drugeot?<\/h3>\n<p>_x000D_nAussi, elle comporte un syst\u00e8me d&rsquo;accrochage double\u00a0<strong>non visible au dos<\/strong>. Elle est facile \u00e0 fixer. Pour cela, le porte manteau toucan bois rouge vermillon\u00a0est \u00e0 fixer au mur <strong>sans crochet ni vis<\/strong>. Vous pourrez donc choisir de l&rsquo;installer \u00e0 votre gr\u00e9. Bien s\u00fbr, sa pose n\u00e9cessite l&rsquo;utilisation d&rsquo;une perceuse et de cheville pour prot\u00e9ger votre mur._x000D_n_x000D_nEnfin, comme pour toute installation, pensez \u00e0 prendre les <strong>dimensions<\/strong> de votre espace pour savoir combien de toucan peuvent \u00eatre install\u00e9s. Les dimensions de la pat\u00e8re toucan en bois sont:_x000D_n<\/p>\n<ul>_x000D_n \t<\/p>\n<li>Partie verticale contre le mur : 17,8 cm X 3 cm X 3 cm<\/li>\n<p>_x000D_n \t<\/p>\n<li>Longueur du bec du toucan inclinable: 10 cm.<\/li>\n<p>_x000D_n<\/ul>\n","protected":false},"excerpt":{"rendered":"<p>Porte-manteau <strong>TOUCAN<\/strong> <em><strong>DRUGEOT<\/strong><\/em> rouge vermillon. Tout d&rsquo;abord, cette forme douce et apaisante\u00a0est en\u00a0bois de h\u00eatre massif dont le bec du toucan est peint en rouge vermillon.\u00a0Cette pat\u00e8re est made in FRANCE design de Gregory JOLLY.\u00a0Elle se pose par exemple dans la chambre de l&rsquo;enfant ou dans l&rsquo;entr\u00e9e pour ne plus voir trainer ses affaires. Aussi, elle comporte un syst\u00e8me d&rsquo;accrochage non visible au dos.<\/p>\n","protected":false},"featured_media":1736,"comment_status":"closed","ping_status":"open","template":"","meta":[],"product_cat":[16,32,17],"product_tag":[27],"class_list":["post-379","product","type-product","status-publish","has-post-thumbnail","hentry","product_cat-chambre-enfant","product_cat-entree-sejour","product_cat-salle-de-bain","product_tag-crochet-patere-patere-design-patere-murale-patere-porte-pateres-porte-serviette-porte-torchon-vestiaire","description-off"],"_links":{"self":[{"href":"https:\/\/roulettes.vaniseo.top\/index.php\/wp-json\/wp\/v2\/product\/379","targetHints":{"allow":["GET"]}}],"collection":[{"href":"https:\/\/roulettes.vaniseo.top\/index.php\/wp-json\/wp\/v2\/product"}],"about":[{"href":"https:\/\/roulettes.vaniseo.top\/index.php\/wp-json\/wp\/v2\/types\/product"}],"replies":[{"embeddable":true,"href":"https:\/\/roulettes.vaniseo.top\/index.php\/wp-json\/wp\/v2\/comments?post=379"}],"version-history":[{"count":0,"href":"https:\/\/roulettes.vaniseo.top\/index.php\/wp-json\/wp\/v2\/product\/379\/revisions"}],"wp:featuredmedia":[{"embeddable":true,"href":"https:\/\/roulettes.vaniseo.top\/index.php\/wp-json\/wp\/v2\/media\/1736"}],"wp:attachment":[{"href":"https:\/\/roulettes.vaniseo.top\/index.php\/wp-json\/wp\/v2\/media?parent=379"}],"wp:term":[{"taxonomy":"product_cat","embeddable":true,"href":"https:\/\/roulettes.vaniseo.top\/index.php\/wp-json\/wp\/v2\/product_cat?post=379"},{"taxonomy":"product_tag","embeddable":true,"href":"https:\/\/roulettes.vaniseo.top\/index.php\/wp-json\/wp\/v2\/product_tag?post=379"}],"curies":[{"name":"wp","href":"https:\/\/api.w.org\/{rel}","templated":true}]}}