{"id":380,"date":"2022-04-04T16:21:27","date_gmt":"2022-04-04T14:21:27","guid":{"rendered":"https:\/\/roulettes.vaniseo.top\/index.php\/produit\/porte-manteau-vestiaire-en-bois-naturel\/"},"modified":"2022-04-04T17:19:54","modified_gmt":"2022-04-04T15:19:54","slug":"porte-manteau-vestiaire-en-bois-naturel","status":"publish","type":"product","link":"https:\/\/roulettes.vaniseo.top\/index.php\/produit\/porte-manteau-vestiaire-en-bois-naturel\/","title":{"rendered":"Porte manteau vestiaire en bois naturel"},"content":{"rendered":"<h3>Vestiaire porte manteau en bois naturel<\/h3>\n<p>_x000D_n1001 Pat\u00e8res vous pr\u00e9sente ici son <strong>porte manteau vestiaire en bois naturel<\/strong>._x000D_n_x000D_nEn effet, 1001 Pat\u00e8res est le <strong>num\u00e9ro 1 en France de la vente en ligne de pat\u00e8res<\/strong> uniques et porte manteaux multiples. Il s&rsquo;adresse autant aux <strong>professionnels<\/strong>, qu&rsquo;aux <strong>collectivit\u00e9s<\/strong> ou encore aux <strong>particuliers<\/strong>. Chaque choix de <strong>produit<\/strong> mis en vente est une promesse de <strong>bon rapport qualit\u00e9\/prix.<\/strong>_x000D_n_x000D_nSa vision de la pat\u00e8re est un objet qui peut \u00e0 la <strong>d\u00e9corer<\/strong> et <strong>ranger<\/strong> tout int\u00e9rieur, et pour <strong>tous les budgets<\/strong>._x000D_n_x000D_nAinsi, ici, ce vestiaire est en <strong>bois naturel<\/strong>. Ce mat\u00e9riau entre tout \u00e0 fait dans les <strong>tendances actuelles<\/strong>, o\u00f9 l&rsquo;on<strong> valorise les <a href=\"https:\/\/1001pateres.com\/materiaux\/\">mat\u00e9riaux<\/a> bruts<\/strong>: <a href=\"https:\/\/1001pateres.com\/produit\/patere-agate-verte-grand-modele-ferm-living\/\">pierre<\/a>\u00a0de chez <a href=\"https:\/\/fermliving.com\/\" target=\"_blank\" rel=\"noopener\">Ferm Living<\/a>, <a href=\"https:\/\/1001pateres.com\/produit\/patere-triple-design-osier\/\">osier<\/a>, m\u00e9taux etc&#8230; En g\u00e9n\u00e9ral, on associe davantage le bois au style <strong>scandinave<\/strong> mais celui-ci se marie aussi tr\u00e8s bien avec de nombreuses autres tendances._x000D_n_x000D_nL\u00e0, le bois est <strong>vein\u00e9<\/strong>. Pour davantage de robustesse dans le temps, celui-ci est <strong>vernis<\/strong>. Avec sa <strong>forme en J basique<\/strong>, il offre donc un <strong>crochet unique ultra-robuste<\/strong>, et une <strong>ambiance\u00a0douce et apaisante<\/strong>._x000D_n_x000D_n&nbsp;_x000D_n<\/p>\n<h2>Comment utiliser le vestiaire en bois naturel?<\/h2>\n<p>_x000D_nNos clients ont l&rsquo;habitude de l&rsquo;utiliser plut\u00f4t\u00a0dans la <strong>chambre<\/strong> ou dans l&rsquo;<strong>entr\u00e9e<\/strong> mais d&rsquo;autres l&rsquo;ont choisi pour leur <strong>entreprise<\/strong>, notamment pour leur <strong>vestiaire<\/strong>._x000D_n_x000D_nAussi, elle comporte un syst\u00e8me d&rsquo;accrochage inclus. Celle-ci est vendue avec\u00a0sa vis et sa cheville. Sa pose n\u00e9cessite l&rsquo;utilisation d&rsquo;une perceuse.\u00a0C&rsquo;est pourquoi une fois pos\u00e9e, ce porte manteau vestiaire en bois naturel comporte un <strong>d\u00e9cor original de style moderne\u00a0et de tr\u00e8s belle qualit\u00e9<\/strong>.\u00a0Facile \u00e0 fixer, cette pat\u00e8re permet de supporter des poids pouvant aller jusqu&rsquo;a <strong>5 kg<\/strong>._x000D_n_x000D_nPensez seulement \u00e0 v\u00e9rifier la faisabilit\u00e9 avec l&rsquo;\u00e9cartement du mur gr\u00e2ce aux dimensions ci dessous:_x000D_n<\/p>\n<ul>_x000D_n \t<\/p>\n<li>Hauteur 12 cm<\/li>\n<p>_x000D_n \t<\/p>\n<li>Ecartement du mur 8 cm.<\/li>\n<p>_x000D_n \t<\/p>\n<li>Carr\u00e9 de 2 cm de cot\u00e9<\/li>\n<p>_x000D_n<\/ul>\n","protected":false},"excerpt":{"rendered":"<p>Beau porte manteau <strong>vestiaire en bois naturel<\/strong>. Cette forme douce et apaisante\u00a0est en <em><strong>bois vein\u00e9 et verni<\/strong><\/em>. Cette pat\u00e8re murale peut se fixer au mur avec vis et cheville fournies. Elle est \u00e0 poser dans la chambre ou dans l&rsquo;entr\u00e9e pour ne plus voir trainer ses affaires.<\/p>\n","protected":false},"featured_media":1740,"comment_status":"closed","ping_status":"open","template":"","meta":[],"product_cat":[29,19,32,21,22,17],"product_tag":[27],"class_list":["post-380","product","type-product","status-publish","has-post-thumbnail","hentry","product_cat-chambre-adulte","product_cat-collectivite","product_cat-entree-sejour","product_cat-entreprise","product_cat-pro","product_cat-salle-de-bain","product_tag-crochet-patere-patere-design-patere-murale-patere-porte-pateres-porte-serviette-porte-torchon-vestiaire","description-off"],"_links":{"self":[{"href":"https:\/\/roulettes.vaniseo.top\/index.php\/wp-json\/wp\/v2\/product\/380","targetHints":{"allow":["GET"]}}],"collection":[{"href":"https:\/\/roulettes.vaniseo.top\/index.php\/wp-json\/wp\/v2\/product"}],"about":[{"href":"https:\/\/roulettes.vaniseo.top\/index.php\/wp-json\/wp\/v2\/types\/product"}],"replies":[{"embeddable":true,"href":"https:\/\/roulettes.vaniseo.top\/index.php\/wp-json\/wp\/v2\/comments?post=380"}],"version-history":[{"count":0,"href":"https:\/\/roulettes.vaniseo.top\/index.php\/wp-json\/wp\/v2\/product\/380\/revisions"}],"wp:featuredmedia":[{"embeddable":true,"href":"https:\/\/roulettes.vaniseo.top\/index.php\/wp-json\/wp\/v2\/media\/1740"}],"wp:attachment":[{"href":"https:\/\/roulettes.vaniseo.top\/index.php\/wp-json\/wp\/v2\/media?parent=380"}],"wp:term":[{"taxonomy":"product_cat","embeddable":true,"href":"https:\/\/roulettes.vaniseo.top\/index.php\/wp-json\/wp\/v2\/product_cat?post=380"},{"taxonomy":"product_tag","embeddable":true,"href":"https:\/\/roulettes.vaniseo.top\/index.php\/wp-json\/wp\/v2\/product_tag?post=380"}],"curies":[{"name":"wp","href":"https:\/\/api.w.org\/{rel}","templated":true}]}}