{"id":381,"date":"2022-04-04T16:21:27","date_gmt":"2022-04-04T14:21:27","guid":{"rendered":"https:\/\/roulettes.vaniseo.top\/index.php\/produit\/vide-poche-blanc-et-gris-plastique-autocollant\/"},"modified":"2022-04-04T17:19:56","modified_gmt":"2022-04-04T15:19:56","slug":"vide-poche-blanc-et-gris-plastique-autocollant","status":"publish","type":"product","link":"https:\/\/roulettes.vaniseo.top\/index.php\/produit\/vide-poche-blanc-et-gris-plastique-autocollant\/","title":{"rendered":"Vide-poche blanc et gris plastique autocollant"},"content":{"rendered":"<h4>Vide-poche, 4 pat\u00e8res, autocollant.<\/h4>\n<p>_x000D_nVide-poche blanc et gris plastique autocollant._x000D_n_x000D_nCe mod\u00e8le <strong>de vide-poche<\/strong>\u00a0de la marque <em><strong>1001pateres<\/strong><\/em> poss\u00e8de 4 pat\u00e8res pour petits objets avec embouts gris ainsi qu&rsquo;une petite \u00e9tag\u00e8re vide-poche en plastique blanc. Elle est \u00e0 disposer id\u00e9alement dans l&rsquo;entr\u00e9e pour le courrier, les clefs ou le portable par exemple._x000D_n_x000D_nIl se fixe au mur gr\u00e2ce \u00e0 des autocollants double face puissant qui permettent de supporter un poids d&rsquo;environ 2 kg._x000D_n_x000D_nOriginal et de belle qualit\u00e9 il est en plastique teint dans la masse de couleur blanc._x000D_n_x000D_nIl permet d&rsquo;apporter une touche de modernit\u00e9 dans votre maison tout en restant tr\u00e8s pratique._x000D_n_x000D_nSe fixe au mur avec les autocollants double-faces fournis._x000D_n<\/p>\n<h4>Dimensions:<\/h4>\n<p>_x000D_n<\/p>\n<ul>_x000D_n \t<\/p>\n<li>21,7 cm X 6,8 cm.<\/li>\n<p>_x000D_n \t<\/p>\n<li>Ecartement du mur 5 cm<\/li>\n<p>_x000D_n<\/ul>\n","protected":false},"excerpt":{"rendered":"<p>Vide-poche de rangement mod\u00e8le <strong>en plastique blanc<\/strong> de la marque <b>1001 PATERES<\/b>. Ce mod\u00e8le autocollant poss\u00e8de 4 pat\u00e8res grises pour petits objets et une \u00e9tag\u00e8re vide-poche id\u00e9al dans l&rsquo;entr\u00e9e pour d\u00e9poser le courrier ou le portable. Il saura se rendre indispensable.<\/p>\n","protected":false},"featured_media":1744,"comment_status":"closed","ping_status":"open","template":"","meta":[],"product_cat":[32],"product_tag":[25],"class_list":["post-381","product","type-product","status-publish","has-post-thumbnail","hentry","product_cat-entree-sejour","product_tag-crochet-patere-patere-design-patere-murale-patere-porte-pateres-porte-manteau-porte-serviette-porte-torchon-vestiaire","description-off"],"_links":{"self":[{"href":"https:\/\/roulettes.vaniseo.top\/index.php\/wp-json\/wp\/v2\/product\/381","targetHints":{"allow":["GET"]}}],"collection":[{"href":"https:\/\/roulettes.vaniseo.top\/index.php\/wp-json\/wp\/v2\/product"}],"about":[{"href":"https:\/\/roulettes.vaniseo.top\/index.php\/wp-json\/wp\/v2\/types\/product"}],"replies":[{"embeddable":true,"href":"https:\/\/roulettes.vaniseo.top\/index.php\/wp-json\/wp\/v2\/comments?post=381"}],"version-history":[{"count":0,"href":"https:\/\/roulettes.vaniseo.top\/index.php\/wp-json\/wp\/v2\/product\/381\/revisions"}],"wp:featuredmedia":[{"embeddable":true,"href":"https:\/\/roulettes.vaniseo.top\/index.php\/wp-json\/wp\/v2\/media\/1744"}],"wp:attachment":[{"href":"https:\/\/roulettes.vaniseo.top\/index.php\/wp-json\/wp\/v2\/media?parent=381"}],"wp:term":[{"taxonomy":"product_cat","embeddable":true,"href":"https:\/\/roulettes.vaniseo.top\/index.php\/wp-json\/wp\/v2\/product_cat?post=381"},{"taxonomy":"product_tag","embeddable":true,"href":"https:\/\/roulettes.vaniseo.top\/index.php\/wp-json\/wp\/v2\/product_tag?post=381"}],"curies":[{"name":"wp","href":"https:\/\/api.w.org\/{rel}","templated":true}]}}