{"id":383,"date":"2022-04-04T16:21:27","date_gmt":"2022-04-04T14:21:27","guid":{"rendered":"https:\/\/roulettes.vaniseo.top\/index.php\/produit\/porte-manteaux-nuage-etoiles-autocollant-en-plastique\/"},"modified":"2022-04-04T17:19:58","modified_gmt":"2022-04-04T15:19:58","slug":"porte-manteaux-nuage-etoiles-autocollant-en-plastique","status":"publish","type":"product","link":"https:\/\/roulettes.vaniseo.top\/index.php\/produit\/porte-manteaux-nuage-etoiles-autocollant-en-plastique\/","title":{"rendered":"Porte-manteaux nuage \u00e9toiles autocollant en plastique"},"content":{"rendered":"<h4>Pat\u00e8res \u00e9toile sur nuage autocollant en plastique.<\/h4>\n<p>_x000D_nPorte-manteaux nuage \u00e9toiles autocollant en plastique._x000D_n_x000D_nCe mod\u00e8le <strong>de porte-manteaux<\/strong>\u00a0de la marque <em><strong>1001pateres<\/strong><\/em> poss\u00e8de 4 pat\u00e8res pour petits objets en forme d&rsquo;\u00e9toiles de couleur bleu, rose, blanche et beige. Elle est \u00e0 disposer id\u00e9alement dans la chambre de b\u00e9b\u00e9 pour y poser de petits objets par exemple._x000D_n_x000D_nIl se fixe au mur gr\u00e2ce \u00e0 un autocollant double face puissant qui permettent de supporter un poids d&rsquo;environ 1 kg._x000D_n_x000D_nOriginal et de belle qualit\u00e9 il est en plastique teint dans la masse de couleur blanc avec des \u00e9toiles de couleur._x000D_n_x000D_nIl permet d&rsquo;apporter une touche de modernit\u00e9 dans votre maison tout en restant tr\u00e8s pratique._x000D_n_x000D_nSe fixe au mur avec un autocollant double-faces fourni._x000D_n<\/p>\n<h4>Dimensions:<\/h4>\n<p>_x000D_n<\/p>\n<ul>_x000D_n \t<\/p>\n<li>28,5 cm X 14 cm.<\/li>\n<p>_x000D_n \t<\/p>\n<li>Ecartement du mur 3 cm<\/li>\n<p>_x000D_n<\/ul>\n","protected":false},"excerpt":{"rendered":"<p>Porte-manteaux en forme de nuage avec \u00e9toiles mod\u00e8le <strong>en plastique blanc<\/strong> de la marque <b>1001 PATERES<\/b>. Ce mod\u00e8le autocollant poss\u00e8de 4 pat\u00e8res \u00e9toiles de couleur pour petits objets id\u00e9al dans la chambre de b\u00e9b\u00e9. Il saura se rendre indispensable.<\/p>\n","protected":false},"featured_media":1749,"comment_status":"closed","ping_status":"open","template":"","meta":[],"product_cat":[16],"product_tag":[25],"class_list":["post-383","product","type-product","status-publish","has-post-thumbnail","hentry","product_cat-chambre-enfant","product_tag-crochet-patere-patere-design-patere-murale-patere-porte-pateres-porte-manteau-porte-serviette-porte-torchon-vestiaire","description-off"],"_links":{"self":[{"href":"https:\/\/roulettes.vaniseo.top\/index.php\/wp-json\/wp\/v2\/product\/383","targetHints":{"allow":["GET"]}}],"collection":[{"href":"https:\/\/roulettes.vaniseo.top\/index.php\/wp-json\/wp\/v2\/product"}],"about":[{"href":"https:\/\/roulettes.vaniseo.top\/index.php\/wp-json\/wp\/v2\/types\/product"}],"replies":[{"embeddable":true,"href":"https:\/\/roulettes.vaniseo.top\/index.php\/wp-json\/wp\/v2\/comments?post=383"}],"version-history":[{"count":0,"href":"https:\/\/roulettes.vaniseo.top\/index.php\/wp-json\/wp\/v2\/product\/383\/revisions"}],"wp:featuredmedia":[{"embeddable":true,"href":"https:\/\/roulettes.vaniseo.top\/index.php\/wp-json\/wp\/v2\/media\/1749"}],"wp:attachment":[{"href":"https:\/\/roulettes.vaniseo.top\/index.php\/wp-json\/wp\/v2\/media?parent=383"}],"wp:term":[{"taxonomy":"product_cat","embeddable":true,"href":"https:\/\/roulettes.vaniseo.top\/index.php\/wp-json\/wp\/v2\/product_cat?post=383"},{"taxonomy":"product_tag","embeddable":true,"href":"https:\/\/roulettes.vaniseo.top\/index.php\/wp-json\/wp\/v2\/product_tag?post=383"}],"curies":[{"name":"wp","href":"https:\/\/api.w.org\/{rel}","templated":true}]}}