{"id":384,"date":"2022-04-04T16:21:27","date_gmt":"2022-04-04T14:21:27","guid":{"rendered":"https:\/\/roulettes.vaniseo.top\/index.php\/produit\/patere-tete-de-lapin-rose-en-bois\/"},"modified":"2022-04-04T17:19:58","modified_gmt":"2022-04-04T15:19:58","slug":"patere-tete-de-lapin-rose-en-bois","status":"publish","type":"product","link":"https:\/\/roulettes.vaniseo.top\/index.php\/produit\/patere-tete-de-lapin-rose-en-bois\/","title":{"rendered":"Pat\u00e8re t\u00eate de lapin rose en bois"},"content":{"rendered":"<h4>Porte-manteau design t\u00eate de lapin rose en bois.<\/h4>\n<p>_x000D_nPat\u00e8re t\u00eate de\u00a0<strong>lapin rose<\/strong>\u00a0en bois. Cette t\u00eate de petit animal est en\u00a0bois peint d\u00e9coup\u00e9._x000D_n_x000D_nElle se pose dans la <em><strong>chambre de l&rsquo;enfant<\/strong><\/em> ou de b\u00e9b\u00e9 et ainsi permet de ne plus voir trainer ses affaires._x000D_n_x000D_nAussi, elle comporte un syst\u00e8me d&rsquo;accrochage avec vis et cheville qui permet de positionner un tube en bois. En outre sur ce tube est fix\u00e9 par un autocollant double face la t\u00eate du lapin._x000D_n_x000D_nLe d\u00e9cor reste original et de style moderne. Ce mod\u00e8le est de tr\u00e8s belle qualit\u00e9._x000D_n_x000D_nElle se vend avec sa vis et sa cheville. Par cons\u00e9quent, sa pose n\u00e9cessite l&rsquo;utilisation d&rsquo;une perceuse._x000D_n_x000D_n<strong>Dimensions :<\/strong>_x000D_n<\/p>\n<ul>_x000D_n \t<\/p>\n<li>La t\u00eate de lapin est de dimension 12,5 cm X 8 cm<\/li>\n<p>_x000D_n \t<\/p>\n<li>Ecartement du mur avec un tube en bois de 4,5 cm.<\/li>\n<p>_x000D_n<\/ul>\n","protected":false},"excerpt":{"rendered":"<p>Jolie pat\u00e8re pour les <strong>chambres d&rsquo;enfant<\/strong> en forme de t\u00eate de\u00a0<em><strong>lapin rose<\/strong><\/em>\u00a0en bois. Cette t\u00eate de petit animal est en bois peint d\u00e9coup\u00e9. Elle est \u00e0 poser dans la chambre de l&rsquo;enfant ou de b\u00e9b\u00e9 pour ne plus voir trainer ses affaires.<\/p>\n","protected":false},"featured_media":1750,"comment_status":"closed","ping_status":"open","template":"","meta":[],"product_cat":[16],"product_tag":[27],"class_list":["post-384","product","type-product","status-publish","has-post-thumbnail","hentry","product_cat-chambre-enfant","product_tag-crochet-patere-patere-design-patere-murale-patere-porte-pateres-porte-serviette-porte-torchon-vestiaire","description-off"],"_links":{"self":[{"href":"https:\/\/roulettes.vaniseo.top\/index.php\/wp-json\/wp\/v2\/product\/384","targetHints":{"allow":["GET"]}}],"collection":[{"href":"https:\/\/roulettes.vaniseo.top\/index.php\/wp-json\/wp\/v2\/product"}],"about":[{"href":"https:\/\/roulettes.vaniseo.top\/index.php\/wp-json\/wp\/v2\/types\/product"}],"replies":[{"embeddable":true,"href":"https:\/\/roulettes.vaniseo.top\/index.php\/wp-json\/wp\/v2\/comments?post=384"}],"version-history":[{"count":0,"href":"https:\/\/roulettes.vaniseo.top\/index.php\/wp-json\/wp\/v2\/product\/384\/revisions"}],"wp:featuredmedia":[{"embeddable":true,"href":"https:\/\/roulettes.vaniseo.top\/index.php\/wp-json\/wp\/v2\/media\/1750"}],"wp:attachment":[{"href":"https:\/\/roulettes.vaniseo.top\/index.php\/wp-json\/wp\/v2\/media?parent=384"}],"wp:term":[{"taxonomy":"product_cat","embeddable":true,"href":"https:\/\/roulettes.vaniseo.top\/index.php\/wp-json\/wp\/v2\/product_cat?post=384"},{"taxonomy":"product_tag","embeddable":true,"href":"https:\/\/roulettes.vaniseo.top\/index.php\/wp-json\/wp\/v2\/product_tag?post=384"}],"curies":[{"name":"wp","href":"https:\/\/api.w.org\/{rel}","templated":true}]}}